{"id":801,"date":"2021-10-23T11:55:20","date_gmt":"2021-10-23T09:55:20","guid":{"rendered":"https:\/\/rbbertomeu.es\/newmarkets\/?post_type=product&#038;p=801"},"modified":"2026-04-13T20:14:55","modified_gmt":"2026-04-13T18:14:55","slug":"rb-bertomeu-beco-f-plus-concentrado-2x1l","status":"publish","type":"product","link":"https:\/\/rbbertomeu.es\/newmarkets\/tienda\/rb-bertomeu-beco-f-plus-concentrado-2x1l\/","title":{"rendered":"Aditivo Di\u00e9sel \u00abrb bertomeu\u00bb beco F-Plus Concentrado<br>Pack de 3 botellas con 1 litro cada una, doble boca y dep\u00f3sito dosificador"},"content":{"rendered":"<p>[et_pb_section fb_built=\u00bb1&#8243; _builder_version=\u00bb4.16&#8243; custom_padding=\u00bb0px||||false|false\u00bb global_colors_info=\u00bb{}\u00bb][et_pb_row _builder_version=\u00bb4.16&#8243; background_size=\u00bbinitial\u00bb background_position=\u00bbtop_left\u00bb background_repeat=\u00bbrepeat\u00bb width=\u00bb100%\u00bb custom_padding=\u00bb0px||0px||false|false\u00bb global_colors_info=\u00bb{}\u00bb][et_pb_column type=\u00bb4_4&#8243; _builder_version=\u00bb4.16&#8243; custom_padding=\u00bb|||\u00bb global_colors_info=\u00bb{}\u00bb custom_padding__hover=\u00bb|||\u00bb][et_pb_wc_breadcrumb _builder_version=\u00bb4.16&#8243; global_colors_info=\u00bb{}\u00bb][\/et_pb_wc_breadcrumb][et_pb_wc_cart_notice _builder_version=\u00bb4.16&#8243; global_colors_info=\u00bb{}\u00bb][\/et_pb_wc_cart_notice][\/et_pb_column][\/et_pb_row][et_pb_row column_structure=\u00bb1_2,1_2&#8243; _builder_version=\u00bb4.16&#8243; background_size=\u00bbinitial\u00bb background_position=\u00bbtop_left\u00bb background_repeat=\u00bbrepeat\u00bb width=\u00bb100%\u00bb custom_padding=\u00bb0px||||false|false\u00bb global_colors_info=\u00bb{}\u00bb][et_pb_column type=\u00bb1_2&#8243; _builder_version=\u00bb4.16&#8243; custom_padding=\u00bb|||\u00bb global_colors_info=\u00bb{}\u00bb custom_padding__hover=\u00bb|||\u00bb][et_pb_wc_images show_sale_badge=\u00bboff\u00bb _builder_version=\u00bb4.27.2&#8243; custom_margin=\u00bb20px||||false|false\u00bb global_colors_info=\u00bb{}\u00bb][\/et_pb_wc_images][et_pb_text disabled_on=\u00bbon|on|on\u00bb _builder_version=\u00bb4.16&#8243; _module_preset=\u00bbdefault\u00bb disabled=\u00bbon\u00bb global_colors_info=\u00bb{}\u00bb]<\/p>\n<p><strong>GALERIA<\/strong><\/p>\n<p>[\/et_pb_text][et_pb_gallery gallery_ids=\u00bb459&#8243; posts_number=\u00bb3&#8243; show_pagination=\u00bboff\u00bb hover_icon=\u00bb&#x54;||divi||400&#8243; disabled_on=\u00bbon|on|on\u00bb _builder_version=\u00bb4.16&#8243; _module_preset=\u00bbdefault\u00bb title_text_color=\u00bb#0C71C3&#8243; caption_text_align=\u00bbcenter\u00bb caption_text_color=\u00bb#0a27b5&#8243; text_orientation=\u00bbcenter\u00bb caption_text_color_tablet=\u00bb#0a27b5&#8243; caption_text_color_phone=\u00bb#0a27b5&#8243; caption_text_color_last_edited=\u00bbon|desktop\u00bb border_width_all=\u00bb2px\u00bb border_color_all=\u00bb#0e12f4&#8243; disabled=\u00bbon\u00bb global_colors_info=\u00bb{}\u00bb][\/et_pb_gallery][et_pb_button button_url=\u00bbhttps:\/\/www.rbbertomeu.es\/html\/productos\/etiqueta_1L_front.htm\u00bb url_new_window=\u00bbon\u00bb button_text=\u00bbEtiqueta frontal del producto con enlaces QR informativos\u00bb _builder_version=\u00bb4.27.2&#8243; _module_preset=\u00bbdefault\u00bb custom_button=\u00bbon\u00bb button_bg_color=\u00bb#0C71C3&#8243; button_use_icon=\u00bboff\u00bb background_layout=\u00bbdark\u00bb locked=\u00bboff\u00bb global_colors_info=\u00bb{}\u00bb][\/et_pb_button][et_pb_button button_url=\u00bbhttps:\/\/www.rbbertomeu.es\/html\/productos\/etiqueta_1L_back.htm\u00bb url_new_window=\u00bbon\u00bb button_text=\u00bbEtiqueta posterior del producto con enlaces QR informativos\u00bb _builder_version=\u00bb4.27.2&#8243; _module_preset=\u00bbdefault\u00bb custom_button=\u00bbon\u00bb button_bg_color=\u00bb#0C71C3&#8243; button_use_icon=\u00bboff\u00bb background_layout=\u00bbdark\u00bb locked=\u00bboff\u00bb global_colors_info=\u00bb{}\u00bb][\/et_pb_button][et_pb_button button_url=\u00bbhttps:\/\/www.rbbertomeu.es\/html\/productos\/FolletoTyC\/beco%20F-Plus%20Concentrado.pdf\u00bb url_new_window=\u00bbon\u00bb button_text=\u00bbFicha de datos t\u00e9cnicos y Gu\u00eda de dosificaci\u00f3n\u00bb _builder_version=\u00bb4.27.2&#8243; _module_preset=\u00bbdefault\u00bb custom_button=\u00bbon\u00bb button_bg_color=\u00bb#0C71C3&#8243; button_use_icon=\u00bboff\u00bb background_layout=\u00bbdark\u00bb global_colors_info=\u00bb{}\u00bb][\/et_pb_button][et_pb_wc_add_to_cart _builder_version=\u00bb4.27.2&#8243; custom_button=\u00bbon\u00bb button_text_color=\u00bb#E02B20&#8243; locked=\u00bboff\u00bb global_colors_info=\u00bb{}\u00bb][\/et_pb_wc_add_to_cart][\/et_pb_column][et_pb_column type=\u00bb1_2&#8243; _builder_version=\u00bb4.16&#8243; custom_padding=\u00bb|||\u00bb global_colors_info=\u00bb{}\u00bb custom_padding__hover=\u00bb|||\u00bb][et_pb_wc_title _builder_version=\u00bb4.27.2&#8243; header_font=\u00bb|700|||||||\u00bb header_text_color=\u00bb#0C71C3&#8243; header_font_size=\u00bb29px\u00bb global_colors_info=\u00bb{}\u00bb][\/et_pb_wc_title][et_pb_wc_rating _builder_version=\u00bb4.16&#8243; global_colors_info=\u00bb{}\u00bb][\/et_pb_wc_rating][et_pb_wc_price _builder_version=\u00bb4.27.2&#8243; body_font=\u00bb|700|||||||\u00bb body_text_color=\u00bb#0C71C3&#8243; body_font_size=\u00bb35px\u00bb global_colors_info=\u00bb{}\u00bb][\/et_pb_wc_price][et_pb_text disabled_on=\u00bboff|off|off\u00bb admin_label=\u00bbahorro\u00bb _builder_version=\u00bb4.27.2&#8243; _module_preset=\u00bbdefault\u00bb text_text_color=\u00bb#0c71c3&#8243; text_font_size=\u00bb16px\u00bb locked=\u00bboff\u00bb global_colors_info=\u00bb{}\u00bb]<\/p>\n<h4><span style=\"color: #0c71c3\">\u00a1Con este pack ahorras <strong>23,31 \u20ac!<\/strong><\/span><\/h4>\n<h4><span style=\"color: #0c71c3\">El precio de cada litro te sale a <strong>38,43 \u20ac <\/strong><\/span><\/h4>\n<p>[\/et_pb_text][et_pb_text disabled_on=\u00bboff|off|off\u00bb admin_label=\u00bbtransporte terrestre\u00bb _builder_version=\u00bb4.27.2&#8243; _module_preset=\u00bbdefault\u00bb text_font_size=\u00bb16px\u00bb global_colors_info=\u00bb{}\u00bb]<\/p>\n<h4><span style=\"color: #0c71c3;\"><strong>Aditivo concentrado<\/strong> \u00a11 litro es suficiente para tratar 16.600 litros de Di\u00e9sel (LSD)!<\/span><\/h4>\n<p>&nbsp;<\/p>\n<h4><span style=\"color: #0c71c3;\">Enviado por v\u00eda <strong>terrestre o a\u00e9rea.<\/strong><\/span><\/h4>\n<p>[\/et_pb_text][et_pb_wc_description description_type=\u00bbdescription\u00bb _builder_version=\u00bb4.27.2&#8243; global_colors_info=\u00bb{}\u00bb][\/et_pb_wc_description][et_pb_text disabled_on=\u00bboff|off|off\u00bb admin_label=\u00bbia\u00bb _builder_version=\u00bb4.27.2&#8243; _module_preset=\u00bbdefault\u00bb hover_enabled=\u00bb0&#8243; locked=\u00bboff\u00bb global_colors_info=\u00bb{}\u00bb sticky_enabled=\u00bb0&#8243;]<\/p>\n<table style=\"border-collapse: collapse; border-style: none;\" border=\"0\">\n<tbody>\n<tr>\n<td><img loading=\"lazy\" decoding=\"async\" class=\"wp-image-4389  alignleft\" src=\"https:\/\/rbbertomeu.es\/newmarkets\/wp-content\/uploads\/2025\/09\/the-question-mark-in-a-circle-black-icon-vector-300x300.jpg\" alt=\"\" width=\"66\" height=\"66\" \/><\/td>\n<td>\n<h4><span style=\"color: #000000;\"><strong>\u00bfC\u00f3mo se usa?<\/strong><\/span><\/h4>\n<\/td>\n<\/tr>\n<\/tbody>\n<\/table>\n<p><strong>1.-<\/strong> A\u00f1ade 1 litro del aditivo \u00abrb bertomeu\u00bb beco F-Plus Concentrado por cada 16.600 litros de Di\u00e9sel (proporci\u00f3n 1:16600) o, siguiendo la proporci\u00f3n, 6 ml de aditivo para un dep\u00f3sito de 100 litros de Di\u00e9sel.<br \/>\n<strong>2.-<\/strong> A\u00f1ade el aditivo directamente al dep\u00f3sito antes de llenarlo de combustible. Puedes usar el dosificador incluido en la botella.<br \/>\n<strong>3.-<\/strong> Deja que el producto act\u00fae durante el funcionamiento normal del motor, caldera o maquinaria.<\/p>\n<p>&nbsp;<\/p>\n<table style=\"border-collapse: collapse; border-style: none;\" border=\"0\">\n<tbody>\n<tr>\n<td><img loading=\"lazy\" decoding=\"async\" class=\"wp-image-4389  alignleft\" src=\"https:\/\/rbbertomeu.es\/newmarkets\/wp-content\/uploads\/2025\/09\/the-question-mark-in-a-circle-black-icon-vector.jpg\" alt=\"\" width=\"66\" height=\"66\" \/><\/td>\n<td>\n<h4><span style=\"color: #000000;\"><strong>Preguntas frecuentes (FAQ)<\/strong><\/span><\/h4>\n<\/td>\n<\/tr>\n<\/tbody>\n<\/table>\n<h5><span style=\"color: #000000;\">\u00bfFunciona con cualquier motor Di\u00e9sel?<\/span><\/h5>\n<p><span style=\"color: #000000;\">S\u00ed, es compatible con motores de veh\u00edculos, embarcaciones, calderas y generadores.<\/span><\/p>\n<h5><span style=\"color: #000000;\">\u00bfQue ahorro puedo esperar?<\/span><\/h5>\n<p><span style=\"color: #000000;\">La media es del 3,1%, pero depender\u00e1 del estado de la maquinaria. En instalaciones industriales hemos conseguido el 4,6%.<\/span><\/p>\n<p><span style=\"color: #000000;\">Un motor Di\u00e9sel que consume 30.000 litros de Di\u00e9sel al a\u00f1o, solo necesita <strong>2 litros de aditivo al a\u00f1o.<\/strong><\/span><br \/>\n<span style=\"color: #000000;\">Con un ahorro medio del 3%, representa <strong>900 litros de Di\u00e9sel menos al a\u00f1o.<\/strong><\/span><\/p>\n<h5><span style=\"color: #000000;\">\u00bfEs seguro para el motor?<\/span><\/h5>\n<p><span style=\"color: #000000;\">Totalmente. Adem\u00e1s de reducir el consumo de combustible, limpia y protege los sistemas internos.<\/span><\/p>\n<p>&nbsp;<\/p>\n<h5><span style=\"color: #000000;\"><strong>Material de fabricaci\u00f3n de los envases:<\/strong><\/span><\/h5>\n<ul>\n<li>Botella cil\u00edndrica 1L: HDPE\/EVOH<\/li>\n<li>Botella doble boca 1L : PE<\/li>\n<li>Vaso dosificador: PP<\/li>\n<li>Botella dosificadora 250ml: PE<\/li>\n<li>Bid\u00f3n rectangular 5L: HDPE<\/li>\n<\/ul>\n<p>[\/et_pb_text][et_pb_wc_meta _builder_version=\u00bb4.16&#8243; global_colors_info=\u00bb{}\u00bb][\/et_pb_wc_meta][\/et_pb_column][\/et_pb_row][et_pb_row _builder_version=\u00bb4.16&#8243; background_size=\u00bbinitial\u00bb background_position=\u00bbtop_left\u00bb background_repeat=\u00bbrepeat\u00bb width=\u00bb100%\u00bb locked=\u00bboff\u00bb global_colors_info=\u00bb{}\u00bb][et_pb_column type=\u00bb4_4&#8243; _builder_version=\u00bb4.16&#8243; custom_padding=\u00bb|||\u00bb global_colors_info=\u00bb{}\u00bb custom_padding__hover=\u00bb|||\u00bb][et_pb_wc_tabs include_tabs=\u00bbdescription|additional_information|\u00bb disabled_on=\u00bbon|on|on\u00bb _builder_version=\u00bb4.16&#8243; disabled=\u00bbon\u00bb global_colors_info=\u00bb{}\u00bb]\t\t\t\t\t[\/et_pb_wc_tabs][et_pb_wc_upsells _builder_version=\u00bb4.16&#8243; global_colors_info=\u00bb{}\u00bb][\/et_pb_wc_upsells][et_pb_wc_related_products posts_number=\u00bb6&#8243; orderby=\u00bbmenu_order\u00bb _builder_version=\u00bb4.27.2&#8243; title_font=\u00bbOswald||||||||\u00bb title_text_color=\u00bb#137013&#8243; title_font_size=\u00bb35px\u00bb product_title_font=\u00bbOswald||||||||\u00bb product_title_text_align=\u00bbcenter\u00bb product_title_text_color=\u00bb#0C71C3&#8243; product_title_font_size=\u00bb20px\u00bb price_font=\u00bbOswald||||||||\u00bb price_text_align=\u00bbcenter\u00bb price_text_color=\u00bb#0C71C3&#8243; price_font_size=\u00bb25px\u00bb text_orientation=\u00bbleft\u00bb custom_margin=\u00bb50px||||false|false\u00bb locked=\u00bboff\u00bb global_colors_info=\u00bb{}\u00bb][\/et_pb_wc_related_products][\/et_pb_column][\/et_pb_row][\/et_pb_section]<\/p>\n","protected":false},"excerpt":{"rendered":"<p>GALERIA\u00a1Con este pack ahorras 23,31 \u20ac! El precio de cada litro te sale a 38,43 \u20ac Aditivo concentrado \u00a11 litro es suficiente para tratar 16.600 litros de Di\u00e9sel (LSD)! &nbsp; Enviado por v\u00eda terrestre o a\u00e9rea. \u00bfC\u00f3mo se usa? 1.- A\u00f1ade 1 litro del aditivo \u00abrb bertomeu\u00bb beco F-Plus Concentrado por cada 16.600 litros de [&hellip;]<\/p>\n","protected":false},"featured_media":4254,"template":"","meta":{"_et_pb_use_builder":"on","_et_pb_old_content":"<table style=\"width: 100%;border-collapse: collapse;border-style: none\" border=\"0\">\r\n<tbody>\r\n<tr style=\"height: 66px\">\r\n<td><img class=\"wp-image-4389\" src=\"https:\/\/rbbertomeu.es\/newmarkets\/wp-content\/uploads\/2025\/09\/estrella_5_arrodonida.png\" alt=\"\" width=\"66\" height=\"66\" \/><\/td>\r\n<td style=\"height: 66px\">\r\n<h4><span style=\"color: #000000\"><strong>Beneficios clave (en 30 segundos)<\/strong><\/span><\/h4>\r\n<\/td>\r\n<\/tr>\r\n<\/tbody>\r\n<\/table>\r\n<span style=\"color: #000000\"><strong>- Ahorro medio de combustible: 3,1%<\/strong> (ver <a href=\"https:\/\/rbbertomeu.es\/html\/boletines\/boletin4.htm\" target=\"_blank\" rel=\"noopener\">aqu\u00ed<\/a>)<\/span>\r\n<span style=\"color: #000000\"><strong>- Menos mantenimiento:<\/strong> Limpia inyectores y reduce las emisiones contaminantes (ver <a href=\"https:\/\/www.rbbertomeu.es\/html\/boletines\/boletin29.htm\" target=\"_blank\" rel=\"noopener\">aqu\u00ed<\/a>)<\/span>\r\n<span style=\"color: #000000\"><strong>- M\u00e1s vida \u00fatil del motor:<\/strong> Neutraliza la corrosi\u00f3n en v\u00e1lvulas y turbos (ver <a href=\"https:\/\/www.rbbertomeu.es\/html\/docs\/RB8-Aditivos_vs_corrosion_Vanadio_y_Sodio.htm\" target=\"_blank\" rel=\"noopener\">aqu\u00ed<\/a>)\r\n<\/span><span style=\"color: #000000\"><strong>- Producto homologado:<\/strong> Codificado por la OTAN (ver <a href=\"https:\/\/rbbertomeu.es\/html\/otan.htm\" target=\"_blank\" rel=\"noopener\">aqu\u00ed<\/a>) y certificado por Deutz (ver <a href=\"https:\/\/rbbertomeu.es\/html\/REFERENCIAS\/deutz.htm\" target=\"_blank\" rel=\"noopener\">aqu\u00ed<\/a>)<\/span>\r\n","_et_gb_content_width":""},"product_brand":[],"product_cat":[17],"product_tag":[],"class_list":{"0":"post-801","1":"product","2":"type-product","3":"status-publish","4":"has-post-thumbnail","6":"product_cat-aditivos","8":"first","9":"instock","10":"sale","11":"taxable","12":"shipping-taxable","13":"purchasable","14":"product-type-simple"},"_links":{"self":[{"href":"https:\/\/rbbertomeu.es\/newmarkets\/wp-json\/wp\/v2\/product\/801","targetHints":{"allow":["GET"]}}],"collection":[{"href":"https:\/\/rbbertomeu.es\/newmarkets\/wp-json\/wp\/v2\/product"}],"about":[{"href":"https:\/\/rbbertomeu.es\/newmarkets\/wp-json\/wp\/v2\/types\/product"}],"wp:featuredmedia":[{"embeddable":true,"href":"https:\/\/rbbertomeu.es\/newmarkets\/wp-json\/wp\/v2\/media\/4254"}],"wp:attachment":[{"href":"https:\/\/rbbertomeu.es\/newmarkets\/wp-json\/wp\/v2\/media?parent=801"}],"wp:term":[{"taxonomy":"product_brand","embeddable":true,"href":"https:\/\/rbbertomeu.es\/newmarkets\/wp-json\/wp\/v2\/product_brand?post=801"},{"taxonomy":"product_cat","embeddable":true,"href":"https:\/\/rbbertomeu.es\/newmarkets\/wp-json\/wp\/v2\/product_cat?post=801"},{"taxonomy":"product_tag","embeddable":true,"href":"https:\/\/rbbertomeu.es\/newmarkets\/wp-json\/wp\/v2\/product_tag?post=801"}],"curies":[{"name":"wp","href":"https:\/\/api.w.org\/{rel}","templated":true}]}}