{"id":3920,"date":"2025-04-29T20:55:48","date_gmt":"2025-04-29T18:55:48","guid":{"rendered":"https:\/\/rbbertomeu.es\/newmarkets\/?post_type=product&#038;p=3920"},"modified":"2026-03-25T20:53:11","modified_gmt":"2026-03-25T18:53:11","slug":"barril-metalico-de-208-litros-187-kg-liquidos-paletizado-clique-para-mais-informacoes","status":"publish","type":"product","link":"https:\/\/rbbertomeu.es\/newmarkets\/pt\/tienda\/barril-metalico-de-208-litros-187-kg-liquidos-paletizado-clique-para-mais-informacoes\/","title":{"rendered":"Aditivo Di\u00e9sel \u00abrb bertomeu\u00bb beco F-Plus Concentrado<br>Barril met\u00e1lico de 208 litros \/ 187 kg l\u00edquidos, paletizado"},"content":{"rendered":"<p>[et_pb_section fb_built=\u00bb1&#8243; _builder_version=\u00bb4.16&#8243; custom_padding=\u00bb0px||||false|false\u00bb global_colors_info=\u00bb{}\u00bb][et_pb_row _builder_version=\u00bb4.16&#8243; background_size=\u00bbinitial\u00bb background_position=\u00bbtop_left\u00bb background_repeat=\u00bbrepeat\u00bb width=\u00bb100%\u00bb custom_padding=\u00bb0px||0px||false|false\u00bb global_colors_info=\u00bb{}\u00bb][et_pb_column type=\u00bb4_4&#8243; _builder_version=\u00bb4.16&#8243; custom_padding=\u00bb|||\u00bb global_colors_info=\u00bb{}\u00bb custom_padding__hover=\u00bb|||\u00bb][et_pb_wc_breadcrumb _builder_version=\u00bb4.16&#8243; global_colors_info=\u00bb{}\u00bb][\/et_pb_wc_breadcrumb][et_pb_wc_cart_notice _builder_version=\u00bb4.16&#8243; global_colors_info=\u00bb{}\u00bb][\/et_pb_wc_cart_notice][\/et_pb_column][\/et_pb_row][et_pb_row column_structure=\u00bb1_2,1_2&#8243; _builder_version=\u00bb4.16&#8243; background_size=\u00bbinitial\u00bb background_position=\u00bbtop_left\u00bb background_repeat=\u00bbrepeat\u00bb width=\u00bb100%\u00bb custom_padding=\u00bb0px||||false|false\u00bb global_colors_info=\u00bb{}\u00bb][et_pb_column type=\u00bb1_2&#8243; _builder_version=\u00bb4.16&#8243; custom_padding=\u00bb|||\u00bb global_colors_info=\u00bb{}\u00bb custom_padding__hover=\u00bb|||\u00bb][et_pb_wc_images _builder_version=\u00bb4.16&#8243; global_colors_info=\u00bb{}\u00bb][\/et_pb_wc_images][\/et_pb_column][et_pb_column type=\u00bb1_2&#8243; _builder_version=\u00bb4.16&#8243; custom_padding=\u00bb|||\u00bb global_colors_info=\u00bb{}\u00bb custom_padding__hover=\u00bb|||\u00bb][et_pb_wc_title _builder_version=\u00bb4.16&#8243; global_colors_info=\u00bb{}\u00bb][\/et_pb_wc_title][et_pb_wc_rating _builder_version=\u00bb4.16&#8243; global_colors_info=\u00bb{}\u00bb][\/et_pb_wc_rating][et_pb_wc_price _builder_version=\u00bb4.16&#8243; global_colors_info=\u00bb{}\u00bb][\/et_pb_wc_price][et_pb_wc_description _builder_version=\u00bb4.16&#8243; hover_enabled=\u00bb0&#8243; global_colors_info=\u00bb{}\u00bb sticky_enabled=\u00bb0&#8243;][\/et_pb_wc_description][et_pb_wc_add_to_cart _builder_version=\u00bb4.16&#8243; global_colors_info=\u00bb{}\u00bb][\/et_pb_wc_add_to_cart][et_pb_wc_meta _builder_version=\u00bb4.16&#8243; global_colors_info=\u00bb{}\u00bb][\/et_pb_wc_meta][\/et_pb_column][\/et_pb_row][et_pb_row _builder_version=\u00bb4.16&#8243; background_size=\u00bbinitial\u00bb background_position=\u00bbtop_left\u00bb background_repeat=\u00bbrepeat\u00bb width=\u00bb100%\u00bb global_colors_info=\u00bb{}\u00bb][et_pb_column type=\u00bb4_4&#8243; _builder_version=\u00bb4.16&#8243; custom_padding=\u00bb|||\u00bb global_colors_info=\u00bb{}\u00bb custom_padding__hover=\u00bb|||\u00bb][et_pb_wc_tabs _builder_version=\u00bb4.16&#8243; global_colors_info=\u00bb{}\u00bb]\t\t\t\t\t[\/et_pb_wc_tabs][et_pb_wc_upsells _builder_version=\u00bb4.16&#8243; global_colors_info=\u00bb{}\u00bb][\/et_pb_wc_upsells][et_pb_wc_related_products _builder_version=\u00bb4.16&#8243; global_colors_info=\u00bb{}\u00bb][\/et_pb_wc_related_products][\/et_pb_column][\/et_pb_row][\/et_pb_section][et_pb_section fb_built=\u00bb1&#8243; _builder_version=\u00bb4.16&#8243; custom_padding=\u00bb0px||||false|false\u00bb locked=\u00bboff\u00bb collapsed=\u00bboff\u00bb global_colors_info=\u00bb{}\u00bb][et_pb_row _builder_version=\u00bb4.16&#8243; background_size=\u00bbinitial\u00bb background_position=\u00bbtop_left\u00bb background_repeat=\u00bbrepeat\u00bb width=\u00bb100%\u00bb custom_padding=\u00bb0px||0px||false|false\u00bb global_colors_info=\u00bb{}\u00bb][et_pb_column type=\u00bb4_4&#8243; _builder_version=\u00bb4.16&#8243; custom_padding=\u00bb|||\u00bb global_colors_info=\u00bb{}\u00bb custom_padding__hover=\u00bb|||\u00bb][et_pb_wc_breadcrumb _builder_version=\u00bb4.16&#8243; global_colors_info=\u00bb{}\u00bb][\/et_pb_wc_breadcrumb][et_pb_wc_cart_notice _builder_version=\u00bb4.16&#8243; global_colors_info=\u00bb{}\u00bb][\/et_pb_wc_cart_notice][\/et_pb_column][\/et_pb_row][et_pb_row column_structure=\u00bb1_2,1_2&#8243; _builder_version=\u00bb4.16&#8243; background_size=\u00bbinitial\u00bb background_position=\u00bbtop_left\u00bb background_repeat=\u00bbrepeat\u00bb width=\u00bb100%\u00bb custom_padding=\u00bb0px||||false|false\u00bb global_colors_info=\u00bb{}\u00bb][et_pb_column type=\u00bb1_2&#8243; _builder_version=\u00bb4.16&#8243; custom_padding=\u00bb|||\u00bb global_colors_info=\u00bb{}\u00bb custom_padding__hover=\u00bb|||\u00bb][et_pb_wc_images _builder_version=\u00bb4.16&#8243; global_colors_info=\u00bb{}\u00bb][\/et_pb_wc_images][et_pb_text disabled_on=\u00bbon|on|on\u00bb _builder_version=\u00bb4.16&#8243; _module_preset=\u00bbdefault\u00bb disabled=\u00bbon\u00bb locked=\u00bboff\u00bb global_colors_info=\u00bb{}\u00bb]<strong>GALERIA<\/strong>[\/et_pb_text][et_pb_gallery gallery_ids=\u00bb459&#8243; show_pagination=\u00bboff\u00bb hover_icon=\u00bb&#x54;||divi||400&#8243; disabled_on=\u00bboff|off|off\u00bb _builder_version=\u00bb4.16&#8243; _module_preset=\u00bbdefault\u00bb title_text_align=\u00bbcenter\u00bb title_text_color=\u00bb#0C71C3&#8243; title_font_size=\u00bb14px\u00bb caption_font=\u00bb|||||||#0C71C3|\u00bb caption_text_align=\u00bbcenter\u00bb caption_text_color=\u00bb#0e12f4&#8243; caption_font_size=\u00bb14px\u00bb pagination_text_color=\u00bb#EDF000&#8243; text_orientation=\u00bbcenter\u00bb border_width_all=\u00bb2px\u00bb border_color_all=\u00bb#0C71C3&#8243; locked=\u00bboff\u00bb global_colors_info=\u00bb{}\u00bb][\/et_pb_gallery][et_pb_button button_url=\u00bbhttps:\/\/www.rbbertomeu.es\/html\/productos\/etiqueta_1L_front.htm\u00bb url_new_window=\u00bbon\u00bb button_text=\u00bbEtiqueta frontal del producto con enlaces QR informativos\u00bb disabled_on=\u00bbon|on|on\u00bb _builder_version=\u00bb4.27.2&#8243; _module_preset=\u00bbdefault\u00bb custom_button=\u00bbon\u00bb button_bg_color=\u00bb#0C71C3&#8243; button_use_icon=\u00bboff\u00bb background_layout=\u00bbdark\u00bb disabled=\u00bbon\u00bb locked=\u00bboff\u00bb global_colors_info=\u00bb{}\u00bb][\/et_pb_button][et_pb_button button_url=\u00bbhttps:\/\/www.rbbertomeu.es\/html\/productos\/etiqueta_1L_back.htm\u00bb url_new_window=\u00bbon\u00bb button_text=\u00bbEtiqueta posterior del producto con enlaces QR informativos\u00bb disabled_on=\u00bbon|on|on\u00bb _builder_version=\u00bb4.27.2&#8243; _module_preset=\u00bbdefault\u00bb custom_button=\u00bbon\u00bb button_bg_color=\u00bb#0C71C3&#8243; button_use_icon=\u00bboff\u00bb background_layout=\u00bbdark\u00bb disabled=\u00bbon\u00bb locked=\u00bboff\u00bb global_colors_info=\u00bb{}\u00bb][\/et_pb_button][\/et_pb_column][et_pb_column type=\u00bb1_2&#8243; _builder_version=\u00bb4.16&#8243; custom_padding=\u00bb|||\u00bb global_colors_info=\u00bb{}\u00bb custom_padding__hover=\u00bb|||\u00bb][et_pb_wc_title _builder_version=\u00bb4.27.2&#8243; header_font=\u00bb|700|||||||\u00bb header_text_color=\u00bb#0C71C3&#8243; global_colors_info=\u00bb{}\u00bb][\/et_pb_wc_title][et_pb_wc_rating _builder_version=\u00bb4.16&#8243; global_colors_info=\u00bb{}\u00bb][\/et_pb_wc_rating][et_pb_text disabled_on=\u00bbon|on|on\u00bb _builder_version=\u00bb4.27.2&#8243; _module_preset=\u00bbdefault\u00bb text_text_color=\u00bb#0c71c3&#8243; text_font_size=\u00bb16px\u00bb disabled=\u00bbon\u00bb locked=\u00bboff\u00bb global_colors_info=\u00bb{}\u00bb]<\/p>\n<p><strong>Coste del tratamiento: 0,30 \u20ac \/ 100 L de Di\u00e9sel<\/strong><\/p>\n<p>[\/et_pb_text][et_pb_wc_price disabled_on=\u00bbon|on|on\u00bb _builder_version=\u00bb4.27.2&#8243; body_font=\u00bb|700|||||||\u00bb body_text_color=\u00bb#0c71c3&#8243; body_font_size=\u00bb35px\u00bb disabled=\u00bbon\u00bb global_colors_info=\u00bb{}\u00bb][\/et_pb_wc_price][et_pb_text disabled_on=\u00bbon|on|on\u00bb _builder_version=\u00bb4.27.2&#8243; _module_preset=\u00bbdefault\u00bb text_font_size=\u00bb16px\u00bb animation_style=\u00bbfade\u00bb animation_repeat=\u00bbloop\u00bb disabled=\u00bbon\u00bb locked=\u00bboff\u00bb global_colors_info=\u00bb{}\u00bb]<\/p>\n<p><strong>TVA incluse pour les ventes dans l\u2019Union europ\u00e9enne.<\/strong><\/p>\n<p><strong>Pour les ventes dans les pays du reste du monde, d\u00e9duisez la TVA (21%) du montant indiqu\u00e9.<\/strong><\/p>\n<p>[\/et_pb_text][et_pb_wc_description _builder_version=\u00bb4.16&#8243; global_colors_info=\u00bb{}\u00bb][\/et_pb_wc_description][et_pb_button button_url=\u00bbhttps:\/\/www.rbbertomeu.es\/html\/productos\/FolletoTyC\/beco%20F-Plus%20Concentrado.pdf\u00bb url_new_window=\u00bbon\u00bb button_text=\u00bbFicha de datos t\u00e9cnicos y Gu\u00eda de dosificaci\u00f3n\u00bb _builder_version=\u00bb4.27.2&#8243; _module_preset=\u00bbdefault\u00bb custom_button=\u00bbon\u00bb button_bg_color=\u00bb#0C71C3&#8243; button_use_icon=\u00bboff\u00bb background_layout=\u00bbdark\u00bb locked=\u00bboff\u00bb global_colors_info=\u00bb{}\u00bb][\/et_pb_button][et_pb_wc_add_to_cart disabled_on=\u00bbon|on|on\u00bb _builder_version=\u00bb4.16&#8243; disabled=\u00bbon\u00bb global_colors_info=\u00bb{}\u00bb][\/et_pb_wc_add_to_cart][et_pb_wc_meta _builder_version=\u00bb4.16&#8243; global_colors_info=\u00bb{}\u00bb][\/et_pb_wc_meta][\/et_pb_column][\/et_pb_row][et_pb_row _builder_version=\u00bb4.16&#8243; background_size=\u00bbinitial\u00bb background_position=\u00bbtop_left\u00bb background_repeat=\u00bbrepeat\u00bb width=\u00bb100%\u00bb global_colors_info=\u00bb{}\u00bb][et_pb_column type=\u00bb4_4&#8243; _builder_version=\u00bb4.16&#8243; custom_padding=\u00bb|||\u00bb global_colors_info=\u00bb{}\u00bb custom_padding__hover=\u00bb|||\u00bb][et_pb_wc_tabs disabled_on=\u00bbon|on|on\u00bb _builder_version=\u00bb4.16&#8243; disabled=\u00bbon\u00bb global_colors_info=\u00bb{}\u00bb] [\/et_pb_wc_tabs][et_pb_wc_upsells _builder_version=\u00bb4.16&#8243; global_colors_info=\u00bb{}\u00bb][\/et_pb_wc_upsells][et_pb_wc_related_products posts_number=\u00bb6&#8243; orderby=\u00bbmenu_order\u00bb _builder_version=\u00bb4.16&#8243; global_colors_info=\u00bb{}\u00bb][\/et_pb_wc_related_products][\/et_pb_column][\/et_pb_row][\/et_pb_section]<\/p>\n","protected":false},"excerpt":{"rendered":"<p><strong><span style=\"font-size: 20px;color: #0c71c3\"> Clique para mais informa\u00e7\u00f5es<\/span><\/strong><\/p>\n","protected":false},"featured_media":3878,"template":"","meta":{"_et_pb_use_builder":"on","_et_pb_old_content":"<h3><span style=\"color: #000000\"><strong> Preencha <\/strong> <a style=\"color: #000000\" href=\"https:\/\/rbbertomeu.es\/newmarkets\/pt\/distribuidores-2\/\" target=\"_blank\" rel=\"noopener\"><u><span style=\"color: #ff0000\">este<\/span><\/u><\/a> formul\u00e1rio para receber um or\u00e7amento.<\/span><\/h3>\r\n&nbsp;\r\n<h3><span style=\"color: #000000\">Enviado via <strong>terrestre ou mar\u00edtima<\/strong>.<\/span><\/h3>\r\n&nbsp;\r\n<h3><span style=\"color: #000000\"> Entregue em paletes com 4 barris met\u00e1licos de 208 litros.<\/span><\/h3>","_et_gb_content_width":""},"product_brand":[],"product_cat":[159],"product_tag":[],"class_list":{"0":"post-3920","1":"product","2":"type-product","3":"status-publish","4":"has-post-thumbnail","6":"product_cat-pack-es-pt","8":"first","9":"outofstock","10":"taxable","11":"shipping-taxable","12":"product-type-simple"},"_links":{"self":[{"href":"https:\/\/rbbertomeu.es\/newmarkets\/wp-json\/wp\/v2\/product\/3920","targetHints":{"allow":["GET"]}}],"collection":[{"href":"https:\/\/rbbertomeu.es\/newmarkets\/wp-json\/wp\/v2\/product"}],"about":[{"href":"https:\/\/rbbertomeu.es\/newmarkets\/wp-json\/wp\/v2\/types\/product"}],"wp:featuredmedia":[{"embeddable":true,"href":"https:\/\/rbbertomeu.es\/newmarkets\/wp-json\/wp\/v2\/media\/3878"}],"wp:attachment":[{"href":"https:\/\/rbbertomeu.es\/newmarkets\/wp-json\/wp\/v2\/media?parent=3920"}],"wp:term":[{"taxonomy":"product_brand","embeddable":true,"href":"https:\/\/rbbertomeu.es\/newmarkets\/wp-json\/wp\/v2\/product_brand?post=3920"},{"taxonomy":"product_cat","embeddable":true,"href":"https:\/\/rbbertomeu.es\/newmarkets\/wp-json\/wp\/v2\/product_cat?post=3920"},{"taxonomy":"product_tag","embeddable":true,"href":"https:\/\/rbbertomeu.es\/newmarkets\/wp-json\/wp\/v2\/product_tag?post=3920"}],"curies":[{"name":"wp","href":"https:\/\/api.w.org\/{rel}","templated":true}]}}