{"id":3840,"date":"2025-04-22T21:16:57","date_gmt":"2025-04-22T19:16:57","guid":{"rendered":"https:\/\/rbbertomeu.es\/newmarkets\/?post_type=product&#038;p=3840"},"modified":"2026-03-25T19:06:39","modified_gmt":"2026-03-25T17:06:39","slug":"baril-metallique-de-208-l-187-kg-net-palettise","status":"publish","type":"product","link":"https:\/\/rbbertomeu.es\/newmarkets\/fr\/tienda\/baril-metallique-de-208-l-187-kg-net-palettise\/","title":{"rendered":"Additif diesel \u00abrb bertomeu\u00bb beco F-Plus Concentr\u00e9<br>Baril m\u00e9tallique de 208 L \/ 187 kg net, palettis\u00e9"},"content":{"rendered":"<p>[et_pb_section fb_built=\u00bb1&#8243; _builder_version=\u00bb4.16&#8243; custom_padding=\u00bb0px||||false|false\u00bb locked=\u00bboff\u00bb collapsed=\u00bboff\u00bb global_colors_info=\u00bb{}\u00bb][et_pb_row _builder_version=\u00bb4.16&#8243; background_size=\u00bbinitial\u00bb background_position=\u00bbtop_left\u00bb background_repeat=\u00bbrepeat\u00bb width=\u00bb100%\u00bb custom_padding=\u00bb0px||0px||false|false\u00bb global_colors_info=\u00bb{}\u00bb][et_pb_column type=\u00bb4_4&#8243; _builder_version=\u00bb4.16&#8243; custom_padding=\u00bb|||\u00bb global_colors_info=\u00bb{}\u00bb custom_padding__hover=\u00bb|||\u00bb][et_pb_wc_breadcrumb _builder_version=\u00bb4.16&#8243; global_colors_info=\u00bb{}\u00bb][\/et_pb_wc_breadcrumb][et_pb_wc_cart_notice _builder_version=\u00bb4.16&#8243; global_colors_info=\u00bb{}\u00bb][\/et_pb_wc_cart_notice][\/et_pb_column][\/et_pb_row][et_pb_row column_structure=\u00bb1_2,1_2&#8243; _builder_version=\u00bb4.16&#8243; background_size=\u00bbinitial\u00bb background_position=\u00bbtop_left\u00bb background_repeat=\u00bbrepeat\u00bb width=\u00bb100%\u00bb custom_padding=\u00bb0px||||false|false\u00bb global_colors_info=\u00bb{}\u00bb][et_pb_column type=\u00bb1_2&#8243; _builder_version=\u00bb4.16&#8243; custom_padding=\u00bb|||\u00bb global_colors_info=\u00bb{}\u00bb custom_padding__hover=\u00bb|||\u00bb][et_pb_wc_images _builder_version=\u00bb4.16&#8243; global_colors_info=\u00bb{}\u00bb][\/et_pb_wc_images][et_pb_text disabled_on=\u00bbon|on|on\u00bb _builder_version=\u00bb4.16&#8243; _module_preset=\u00bbdefault\u00bb disabled=\u00bbon\u00bb locked=\u00bboff\u00bb global_colors_info=\u00bb{}\u00bb]<strong>GALERIA<\/strong>[\/et_pb_text][et_pb_gallery gallery_ids=\u00bb459&#8243; show_pagination=\u00bboff\u00bb hover_icon=\u00bb&#x54;||divi||400&#8243; disabled_on=\u00bboff|off|off\u00bb _builder_version=\u00bb4.16&#8243; _module_preset=\u00bbdefault\u00bb title_text_align=\u00bbcenter\u00bb title_text_color=\u00bb#0C71C3&#8243; title_font_size=\u00bb14px\u00bb caption_font=\u00bb|||||||#0C71C3|\u00bb caption_text_align=\u00bbcenter\u00bb caption_text_color=\u00bb#0e12f4&#8243; caption_font_size=\u00bb14px\u00bb pagination_text_color=\u00bb#EDF000&#8243; text_orientation=\u00bbcenter\u00bb border_width_all=\u00bb2px\u00bb border_color_all=\u00bb#0C71C3&#8243; locked=\u00bboff\u00bb global_colors_info=\u00bb{}\u00bb][\/et_pb_gallery][et_pb_button button_url=\u00bbhttps:\/\/www.rbbertomeu.es\/htmlfr\/produits\/etiqueta_1L_front.htm\u00bb url_new_window=\u00bbon\u00bb button_text=\u00bb\u00c9tiquette avant du produit avec liens QR informatifs\u00bb disabled_on=\u00bbon|on|on\u00bb _builder_version=\u00bb4.27.2&#8243; _module_preset=\u00bbdefault\u00bb custom_button=\u00bbon\u00bb button_bg_color=\u00bb#0C71C3&#8243; button_use_icon=\u00bboff\u00bb background_layout=\u00bbdark\u00bb disabled=\u00bbon\u00bb locked=\u00bboff\u00bb global_colors_info=\u00bb{}\u00bb][\/et_pb_button][et_pb_button button_url=\u00bbhttps:\/\/www.rbbertomeu.es\/htmlfr\/produits\/etiqueta_1L_back.htm\u00bb url_new_window=\u00bbon\u00bb button_text=\u00bb\u00c9tiquette arri\u00e8re du produit avec liens QR informatifs\u00bb disabled_on=\u00bbon|on|on\u00bb _builder_version=\u00bb4.27.2&#8243; _module_preset=\u00bbdefault\u00bb custom_button=\u00bbon\u00bb button_bg_color=\u00bb#0C71C3&#8243; button_use_icon=\u00bboff\u00bb background_layout=\u00bbdark\u00bb disabled=\u00bbon\u00bb locked=\u00bboff\u00bb global_colors_info=\u00bb{}\u00bb][\/et_pb_button][\/et_pb_column][et_pb_column type=\u00bb1_2&#8243; _builder_version=\u00bb4.16&#8243; custom_padding=\u00bb|||\u00bb global_colors_info=\u00bb{}\u00bb custom_padding__hover=\u00bb|||\u00bb][et_pb_wc_title _builder_version=\u00bb4.27.2&#8243; header_font=\u00bb|700|||||||\u00bb header_text_color=\u00bb#0C71C3&#8243; global_colors_info=\u00bb{}\u00bb][\/et_pb_wc_title][et_pb_wc_rating _builder_version=\u00bb4.16&#8243; global_colors_info=\u00bb{}\u00bb][\/et_pb_wc_rating][et_pb_text disabled_on=\u00bbon|on|on\u00bb _builder_version=\u00bb4.27.2&#8243; _module_preset=\u00bbdefault\u00bb text_text_color=\u00bb#0c71c3&#8243; text_font_size=\u00bb16px\u00bb disabled=\u00bbon\u00bb locked=\u00bboff\u00bb global_colors_info=\u00bb{}\u00bb]<\/p>\n<p><strong>Coste del tratamiento: 0,30 \u20ac \/ 100 L de Di\u00e9sel<\/strong><\/p>\n<p>[\/et_pb_text][et_pb_wc_price disabled_on=\u00bbon|on|on\u00bb _builder_version=\u00bb4.27.2&#8243; body_font=\u00bb|700|||||||\u00bb body_text_color=\u00bb#0c71c3&#8243; body_font_size=\u00bb35px\u00bb disabled=\u00bbon\u00bb global_colors_info=\u00bb{}\u00bb][\/et_pb_wc_price][et_pb_text disabled_on=\u00bbon|on|on\u00bb _builder_version=\u00bb4.27.2&#8243; _module_preset=\u00bbdefault\u00bb text_font_size=\u00bb16px\u00bb animation_style=\u00bbfade\u00bb animation_repeat=\u00bbloop\u00bb disabled=\u00bbon\u00bb locked=\u00bboff\u00bb global_colors_info=\u00bb{}\u00bb]<\/p>\n<p><strong>TVA incluse pour les ventes dans l\u2019Union europ\u00e9enne.<\/strong><\/p>\n<p><strong>Pour les ventes dans les pays du reste du monde, d\u00e9duisez la TVA (21%) du montant indiqu\u00e9.<\/strong><\/p>\n<p>[\/et_pb_text][et_pb_wc_description _builder_version=\u00bb4.16&#8243; global_colors_info=\u00bb{}\u00bb][\/et_pb_wc_description][et_pb_button button_url=\u00bbhttps:\/\/rbbertomeu.es\/htmlish\/productos_ish\/FolletoTyC\/beco%20F-Plus%20Concentrated.pdf\u00bb url_new_window=\u00bbon\u00bb button_text=\u00bbFiche technique et guide de dosage\u00bb _builder_version=\u00bb4.27.2&#8243; _module_preset=\u00bbdefault\u00bb custom_button=\u00bbon\u00bb button_bg_color=\u00bb#0C71C3&#8243; button_use_icon=\u00bboff\u00bb background_layout=\u00bbdark\u00bb locked=\u00bboff\u00bb global_colors_info=\u00bb{}\u00bb][\/et_pb_button][et_pb_wc_add_to_cart disabled_on=\u00bbon|on|on\u00bb _builder_version=\u00bb4.16&#8243; disabled=\u00bbon\u00bb global_colors_info=\u00bb{}\u00bb][\/et_pb_wc_add_to_cart][et_pb_wc_meta _builder_version=\u00bb4.16&#8243; global_colors_info=\u00bb{}\u00bb][\/et_pb_wc_meta][\/et_pb_column][\/et_pb_row][et_pb_row _builder_version=\u00bb4.16&#8243; background_size=\u00bbinitial\u00bb background_position=\u00bbtop_left\u00bb background_repeat=\u00bbrepeat\u00bb width=\u00bb100%\u00bb global_colors_info=\u00bb{}\u00bb][et_pb_column type=\u00bb4_4&#8243; _builder_version=\u00bb4.16&#8243; custom_padding=\u00bb|||\u00bb global_colors_info=\u00bb{}\u00bb custom_padding__hover=\u00bb|||\u00bb][et_pb_wc_tabs disabled_on=\u00bbon|on|on\u00bb _builder_version=\u00bb4.16&#8243; disabled=\u00bbon\u00bb global_colors_info=\u00bb{}\u00bb] [\/et_pb_wc_tabs][et_pb_wc_upsells _builder_version=\u00bb4.16&#8243; global_colors_info=\u00bb{}\u00bb][\/et_pb_wc_upsells][et_pb_wc_related_products posts_number=\u00bb6&#8243; orderby=\u00bbmenu_order\u00bb _builder_version=\u00bb4.16&#8243; global_colors_info=\u00bb{}\u00bb][\/et_pb_wc_related_products][\/et_pb_column][\/et_pb_row][\/et_pb_section]<\/p>\n","protected":false},"excerpt":{"rendered":"<p><strong><span style=\"font-size: 20px; color: #0c71c3;\">Cliquez pour plus d&#8217;informations<\/span><\/strong><\/p>\n","protected":false},"featured_media":3878,"template":"","meta":{"_et_pb_use_builder":"on","_et_pb_old_content":"<h3><span style=\"color: #000000\"><strong> Remplissez <\/strong> <a style=\"color: #000000\" href=\"https:\/\/rbbertomeu.es\/newmarkets\/fr\/distributeurs\" target=\"_blank\" rel=\"noopener\"><u><span style=\"color: #ff0000\">ce<\/span><\/u><\/a> formulaire pour recevoir un devis.<\/span><\/h3>\r\n&nbsp;\r\n<h3><span style=\"color: #000000\">Livr\u00e9 sur palettes avec 4 f\u00fbts m\u00e9talliques de 208 litres.<\/span><\/h3>\r\n&nbsp;\r\n<h3><span style=\"color: #000000\">Exp\u00e9di\u00e9 par <strong>terre ou mer<\/strong>.<\/span><\/h3>","_et_gb_content_width":""},"product_brand":[],"product_cat":[135],"product_tag":[],"class_list":{"0":"post-3840","1":"product","2":"type-product","3":"status-publish","4":"has-post-thumbnail","6":"product_cat-pack","8":"first","9":"outofstock","10":"taxable","11":"shipping-taxable","12":"product-type-simple"},"_links":{"self":[{"href":"https:\/\/rbbertomeu.es\/newmarkets\/wp-json\/wp\/v2\/product\/3840","targetHints":{"allow":["GET"]}}],"collection":[{"href":"https:\/\/rbbertomeu.es\/newmarkets\/wp-json\/wp\/v2\/product"}],"about":[{"href":"https:\/\/rbbertomeu.es\/newmarkets\/wp-json\/wp\/v2\/types\/product"}],"wp:featuredmedia":[{"embeddable":true,"href":"https:\/\/rbbertomeu.es\/newmarkets\/wp-json\/wp\/v2\/media\/3878"}],"wp:attachment":[{"href":"https:\/\/rbbertomeu.es\/newmarkets\/wp-json\/wp\/v2\/media?parent=3840"}],"wp:term":[{"taxonomy":"product_brand","embeddable":true,"href":"https:\/\/rbbertomeu.es\/newmarkets\/wp-json\/wp\/v2\/product_brand?post=3840"},{"taxonomy":"product_cat","embeddable":true,"href":"https:\/\/rbbertomeu.es\/newmarkets\/wp-json\/wp\/v2\/product_cat?post=3840"},{"taxonomy":"product_tag","embeddable":true,"href":"https:\/\/rbbertomeu.es\/newmarkets\/wp-json\/wp\/v2\/product_tag?post=3840"}],"curies":[{"name":"wp","href":"https:\/\/api.w.org\/{rel}","templated":true}]}}