{"id":3718,"date":"2025-03-18T20:52:47","date_gmt":"2025-03-18T18:52:47","guid":{"rendered":"https:\/\/rbbertomeu.es\/newmarkets\/?post_type=product&#038;p=3718"},"modified":"2026-03-25T19:08:11","modified_gmt":"2026-03-25T17:08:11","slug":"cout-additif-030e-100-litres-de-diesel-3-bouteilles-cylindriques-de-1-000-ml-1-l-plus-3-doseurs-vides-pour-traiter-49-800-litres-de-diesel","status":"publish","type":"product","link":"https:\/\/rbbertomeu.es\/newmarkets\/fr\/tienda\/cout-additif-030e-100-litres-de-diesel-3-bouteilles-cylindriques-de-1-000-ml-1-l-plus-3-doseurs-vides-pour-traiter-49-800-litres-de-diesel\/","title":{"rendered":"Additif diesel \u00abrb bertomeu\u00bb beco F-Plus Concentr\u00e9<br>3 bouteilles cylindriques avec 1 L + 3 doseurs double goulot (vides) + 3 gobelets doseurs"},"content":{"rendered":"<p>[et_pb_section fb_built=\u00bb1&#8243; _builder_version=\u00bb4.16&#8243; custom_padding=\u00bb0px||||false|false\u00bb global_colors_info=\u00bb{}\u00bb][et_pb_row _builder_version=\u00bb4.16&#8243; background_size=\u00bbinitial\u00bb background_position=\u00bbtop_left\u00bb background_repeat=\u00bbrepeat\u00bb width=\u00bb100%\u00bb custom_padding=\u00bb0px||0px||false|false\u00bb global_colors_info=\u00bb{}\u00bb][et_pb_column type=\u00bb4_4&#8243; _builder_version=\u00bb4.16&#8243; custom_padding=\u00bb|||\u00bb global_colors_info=\u00bb{}\u00bb custom_padding__hover=\u00bb|||\u00bb][et_pb_wc_breadcrumb _builder_version=\u00bb4.16&#8243; global_colors_info=\u00bb{}\u00bb][\/et_pb_wc_breadcrumb][et_pb_wc_cart_notice _builder_version=\u00bb4.16&#8243; global_colors_info=\u00bb{}\u00bb][\/et_pb_wc_cart_notice][\/et_pb_column][\/et_pb_row][et_pb_row column_structure=\u00bb1_2,1_2&#8243; _builder_version=\u00bb4.16&#8243; background_size=\u00bbinitial\u00bb background_position=\u00bbtop_left\u00bb background_repeat=\u00bbrepeat\u00bb width=\u00bb100%\u00bb custom_padding=\u00bb0px||||false|false\u00bb global_colors_info=\u00bb{}\u00bb][et_pb_column type=\u00bb1_2&#8243; _builder_version=\u00bb4.16&#8243; custom_padding=\u00bb|||\u00bb global_colors_info=\u00bb{}\u00bb custom_padding__hover=\u00bb|||\u00bb][et_pb_wc_images show_sale_badge=\u00bboff\u00bb _builder_version=\u00bb4.27.2&#8243; global_colors_info=\u00bb{}\u00bb][\/et_pb_wc_images][et_pb_text disabled_on=\u00bbon|on|on\u00bb _builder_version=\u00bb4.16&#8243; _module_preset=\u00bbdefault\u00bb disabled=\u00bbon\u00bb locked=\u00bboff\u00bb global_colors_info=\u00bb{}\u00bb]<strong>GALERIA<\/strong><br \/>\n[\/et_pb_text][et_pb_gallery gallery_ids=\u00bb459&#8243; show_pagination=\u00bboff\u00bb hover_icon=\u00bb&#x54;||divi||400&#8243; disabled_on=\u00bbon|on|on\u00bb _builder_version=\u00bb4.16&#8243; _module_preset=\u00bbdefault\u00bb title_text_align=\u00bbcenter\u00bb title_text_color=\u00bb#0C71C3&#8243; title_font_size=\u00bb14px\u00bb caption_font=\u00bb|||||||#0C71C3|\u00bb caption_text_align=\u00bbcenter\u00bb caption_text_color=\u00bb#0e12f4&#8243; caption_font_size=\u00bb14px\u00bb pagination_text_color=\u00bb#EDF000&#8243; text_orientation=\u00bbcenter\u00bb border_width_all=\u00bb2px\u00bb border_color_all=\u00bb#0C71C3&#8243; disabled=\u00bbon\u00bb locked=\u00bboff\u00bb global_colors_info=\u00bb{}\u00bb][\/et_pb_gallery][et_pb_button button_url=\u00bbhttps:\/\/www.rbbertomeu.es\/htmlfr\/produits\/etiqueta_1L_front.htm\u00bb url_new_window=\u00bbon\u00bb button_text=\u00bb\u00c9tiquette avant du produit avec liens QR informatifs\u00bb _builder_version=\u00bb4.27.2&#8243; _module_preset=\u00bbdefault\u00bb custom_button=\u00bbon\u00bb button_bg_color=\u00bb#0C71C3&#8243; button_use_icon=\u00bboff\u00bb background_layout=\u00bbdark\u00bb locked=\u00bboff\u00bb global_colors_info=\u00bb{}\u00bb][\/et_pb_button][et_pb_button button_url=\u00bbhttps:\/\/www.rbbertomeu.es\/htmlfr\/produits\/etiqueta_1L_back.htm\u00bb url_new_window=\u00bbon\u00bb button_text=\u00bb\u00c9tiquette arri\u00e8re du produit avec liens QR informatifs\u00bb _builder_version=\u00bb4.27.2&#8243; _module_preset=\u00bbdefault\u00bb custom_button=\u00bbon\u00bb button_bg_color=\u00bb#0C71C3&#8243; button_use_icon=\u00bboff\u00bb background_layout=\u00bbdark\u00bb locked=\u00bboff\u00bb global_colors_info=\u00bb{}\u00bb][\/et_pb_button][\/et_pb_column][et_pb_column type=\u00bb1_2&#8243; _builder_version=\u00bb4.16&#8243; custom_padding=\u00bb|||\u00bb global_colors_info=\u00bb{}\u00bb custom_padding__hover=\u00bb|||\u00bb][et_pb_wc_title _builder_version=\u00bb4.27.2&#8243; header_font=\u00bb|700|||||||\u00bb header_text_color=\u00bb#0C71C3&#8243; global_colors_info=\u00bb{}\u00bb][\/et_pb_wc_title][et_pb_wc_rating _builder_version=\u00bb4.16&#8243; global_colors_info=\u00bb{}\u00bb][\/et_pb_wc_rating][et_pb_text disabled_on=\u00bbon|on|on\u00bb _builder_version=\u00bb4.27.2&#8243; _module_preset=\u00bbdefault\u00bb text_text_color=\u00bb#0c71c3&#8243; text_font_size=\u00bb16px\u00bb disabled=\u00bbon\u00bb locked=\u00bboff\u00bb global_colors_info=\u00bb{}\u00bb]<\/p>\n<p><strong>Coste del tratamiento: 0,30 \u20ac \/ 100 L de Di\u00e9sel<\/strong><\/p>\n<p>[\/et_pb_text][et_pb_wc_price _builder_version=\u00bb4.27.2&#8243; body_font=\u00bb|700|||||||\u00bb body_text_color=\u00bb#0c71c3&#8243; body_font_size=\u00bb35px\u00bb global_colors_info=\u00bb{}\u00bb][\/et_pb_wc_price][et_pb_text disabled_on=\u00bbon|on|on\u00bb _builder_version=\u00bb4.27.2&#8243; _module_preset=\u00bbdefault\u00bb text_font_size=\u00bb16px\u00bb disabled=\u00bbon\u00bb locked=\u00bboff\u00bb global_colors_info=\u00bb{}\u00bb]<\/p>\n<p><strong>TVA et transport inclus pour les livraisons dans l&#8217;Union europ\u00e9enne \u00e0 l&#8217;exception des r\u00e9gions ultrap\u00e9riph\u00e9riques et des territoires ultramarins.<\/strong><\/p>\n<p>Pour les r\u00e9gions except\u00e9es, les territoires d&#8217;outre-mer et tous les autres pays du monde, nous pouvons vous envoyer un devis avec le co\u00fbt de l\u2019additif plus les frais de transport <strong>hors TVA.<\/strong>[\/et_pb_text][et_pb_wc_description description_type=\u00bbdescription\u00bb _builder_version=\u00bb4.27.2&#8243; global_colors_info=\u00bb{}\u00bb][\/et_pb_wc_description][et_pb_button button_url=\u00bbhttps:\/\/rbbertomeu.es\/htmlish\/productos_ish\/FolletoTyC\/beco%20F-Plus%20Concentrated.pdf\u00bb url_new_window=\u00bbon\u00bb button_text=\u00bbFiche technique et guide de dosage\u00bb _builder_version=\u00bb4.27.2&#8243; _module_preset=\u00bbdefault\u00bb custom_button=\u00bbon\u00bb button_bg_color=\u00bb#0C71C3&#8243; button_use_icon=\u00bboff\u00bb background_layout=\u00bbdark\u00bb locked=\u00bboff\u00bb global_colors_info=\u00bb{}\u00bb][\/et_pb_button][et_pb_wc_add_to_cart _builder_version=\u00bb4.16&#8243; global_colors_info=\u00bb{}\u00bb][\/et_pb_wc_add_to_cart][et_pb_wc_meta _builder_version=\u00bb4.16&#8243; global_colors_info=\u00bb{}\u00bb][\/et_pb_wc_meta][\/et_pb_column][\/et_pb_row][et_pb_row _builder_version=\u00bb4.16&#8243; background_size=\u00bbinitial\u00bb background_position=\u00bbtop_left\u00bb background_repeat=\u00bbrepeat\u00bb width=\u00bb100%\u00bb global_colors_info=\u00bb{}\u00bb][et_pb_column type=\u00bb4_4&#8243; _builder_version=\u00bb4.16&#8243; custom_padding=\u00bb|||\u00bb global_colors_info=\u00bb{}\u00bb custom_padding__hover=\u00bb|||\u00bb][et_pb_wc_tabs disabled_on=\u00bbon|on|on\u00bb _builder_version=\u00bb4.16&#8243; disabled=\u00bbon\u00bb global_colors_info=\u00bb{}\u00bb] [\/et_pb_wc_tabs][et_pb_wc_upsells _builder_version=\u00bb4.16&#8243; global_colors_info=\u00bb{}\u00bb][\/et_pb_wc_upsells][et_pb_wc_related_products posts_number=\u00bb6&#8243; orderby=\u00bbmenu_order\u00bb _builder_version=\u00bb4.16&#8243; global_colors_info=\u00bb{}\u00bb][\/et_pb_wc_related_products][\/et_pb_column][\/et_pb_row][\/et_pb_section]<\/p>\n","protected":false},"excerpt":{"rendered":"<p>GALERIA Coste del tratamiento: 0,30 \u20ac \/ 100 L de Di\u00e9selTVA et transport inclus pour les livraisons dans l&#8217;Union europ\u00e9enne \u00e0 l&#8217;exception des r\u00e9gions ultrap\u00e9riph\u00e9riques et des territoires ultramarins. Pour les r\u00e9gions except\u00e9es, les territoires d&#8217;outre-mer et tous les autres pays du monde, nous pouvons vous envoyer un devis avec le co\u00fbt de l\u2019additif plus [&hellip;]<\/p>\n","protected":false},"featured_media":4242,"template":"","meta":{"_et_pb_use_builder":"on","_et_pb_old_content":"<h3><span style=\"color: #0c71c3\"><strong>Additif concentr\u00e9<\/strong> Suffisamment d'additif pour traiter 49.800 litres de diesel\u00a0!<\/span><\/h3>\r\n&nbsp;\r\n<p style=\"text-align: center;font-size: 30px\"><strong><span style=\"color: #ff0000\"><u>Offre d'\u00e9t\u00e9\u00a0!<\/u><\/span><span style=\"color: #0c71c3\"> \u00c9conomisez 20,09\u00a0\u20ac<\/span><\/strong><\/p>\r\n<span style=\"color: #000000;text-align: left;font-size: 18px\">Mat\u00e9riau d'emballage\u00a0:<\/span>\r\n<ul>\r\n<li>Bouteille cylindrique\u00a0: HDPE\/EVOH<\/li>\r\n<li>Gobelet doseur\u00a0: PP<\/li>\r\n<li>Flacon doseur\u00a0: PE<\/li>\r\n<\/ul>","_et_gb_content_width":""},"product_brand":[],"product_cat":[112],"product_tag":[],"class_list":{"0":"post-3718","1":"product","2":"type-product","3":"status-publish","4":"has-post-thumbnail","6":"product_cat-additifs","8":"first","9":"instock","10":"sale","11":"taxable","12":"shipping-taxable","13":"purchasable","14":"product-type-simple"},"_links":{"self":[{"href":"https:\/\/rbbertomeu.es\/newmarkets\/wp-json\/wp\/v2\/product\/3718","targetHints":{"allow":["GET"]}}],"collection":[{"href":"https:\/\/rbbertomeu.es\/newmarkets\/wp-json\/wp\/v2\/product"}],"about":[{"href":"https:\/\/rbbertomeu.es\/newmarkets\/wp-json\/wp\/v2\/types\/product"}],"wp:featuredmedia":[{"embeddable":true,"href":"https:\/\/rbbertomeu.es\/newmarkets\/wp-json\/wp\/v2\/media\/4242"}],"wp:attachment":[{"href":"https:\/\/rbbertomeu.es\/newmarkets\/wp-json\/wp\/v2\/media?parent=3718"}],"wp:term":[{"taxonomy":"product_brand","embeddable":true,"href":"https:\/\/rbbertomeu.es\/newmarkets\/wp-json\/wp\/v2\/product_brand?post=3718"},{"taxonomy":"product_cat","embeddable":true,"href":"https:\/\/rbbertomeu.es\/newmarkets\/wp-json\/wp\/v2\/product_cat?post=3718"},{"taxonomy":"product_tag","embeddable":true,"href":"https:\/\/rbbertomeu.es\/newmarkets\/wp-json\/wp\/v2\/product_tag?post=3718"}],"curies":[{"name":"wp","href":"https:\/\/api.w.org\/{rel}","templated":true}]}}