{"id":3695,"date":"2025-03-13T22:15:02","date_gmt":"2025-03-13T20:15:02","guid":{"rendered":"https:\/\/rbbertomeu.es\/newmarkets\/?post_type=product&#038;p=3695"},"modified":"2026-03-25T20:49:28","modified_gmt":"2026-03-25T18:49:28","slug":"custo-aditivo-030-e-100-litros-de-diesel-embalajem-de-3-garrafas-cilindricas-de-1-litro-mais-3-doseadores-de-boca-dupla-vazios-para-tratar-49-800-litros-de-gasoleo","status":"publish","type":"product","link":"https:\/\/rbbertomeu.es\/newmarkets\/pt\/tienda\/custo-aditivo-030-e-100-litros-de-diesel-embalajem-de-3-garrafas-cilindricas-de-1-litro-mais-3-doseadores-de-boca-dupla-vazios-para-tratar-49-800-litros-de-gasoleo\/","title":{"rendered":"Aditivo Diesel \u00abrb bertomeu\u00bb beco F-Plus Concentrado<br>Embalagem de 3 garrafas cil\u00edndricas de 1L + 3 doseadores de boca dupla (vazios)"},"content":{"rendered":"<p>[et_pb_section fb_built=\u00bb1&#8243; _builder_version=\u00bb4.16&#8243; custom_padding=\u00bb0px||||false|false\u00bb global_colors_info=\u00bb{}\u00bb][et_pb_row _builder_version=\u00bb4.16&#8243; background_size=\u00bbinitial\u00bb background_position=\u00bbtop_left\u00bb background_repeat=\u00bbrepeat\u00bb width=\u00bb100%\u00bb custom_padding=\u00bb0px||0px||false|false\u00bb global_colors_info=\u00bb{}\u00bb][et_pb_column type=\u00bb4_4&#8243; _builder_version=\u00bb4.16&#8243; custom_padding=\u00bb|||\u00bb global_colors_info=\u00bb{}\u00bb custom_padding__hover=\u00bb|||\u00bb][et_pb_wc_breadcrumb _builder_version=\u00bb4.16&#8243; global_colors_info=\u00bb{}\u00bb][\/et_pb_wc_breadcrumb][et_pb_wc_cart_notice _builder_version=\u00bb4.16&#8243; global_colors_info=\u00bb{}\u00bb][\/et_pb_wc_cart_notice][\/et_pb_column][\/et_pb_row][et_pb_row column_structure=\u00bb1_2,1_2&#8243; _builder_version=\u00bb4.16&#8243; background_size=\u00bbinitial\u00bb background_position=\u00bbtop_left\u00bb background_repeat=\u00bbrepeat\u00bb width=\u00bb100%\u00bb custom_padding=\u00bb0px||||false|false\u00bb global_colors_info=\u00bb{}\u00bb][et_pb_column type=\u00bb1_2&#8243; _builder_version=\u00bb4.16&#8243; custom_padding=\u00bb|||\u00bb global_colors_info=\u00bb{}\u00bb custom_padding__hover=\u00bb|||\u00bb][et_pb_wc_images show_sale_badge=\u00bboff\u00bb _builder_version=\u00bb4.27.2&#8243; global_colors_info=\u00bb{}\u00bb][\/et_pb_wc_images][et_pb_text disabled_on=\u00bbon|on|on\u00bb _builder_version=\u00bb4.16&#8243; _module_preset=\u00bbdefault\u00bb disabled=\u00bbon\u00bb locked=\u00bboff\u00bb global_colors_info=\u00bb{}\u00bb]<strong>GALERIA<\/strong><br \/>\n[\/et_pb_text][et_pb_gallery gallery_ids=\u00bb459&#8243; show_pagination=\u00bboff\u00bb hover_icon=\u00bb&#x54;||divi||400&#8243; disabled_on=\u00bbon|on|on\u00bb _builder_version=\u00bb4.16&#8243; _module_preset=\u00bbdefault\u00bb title_text_align=\u00bbcenter\u00bb title_text_color=\u00bb#0C71C3&#8243; title_font_size=\u00bb14px\u00bb caption_font=\u00bb|||||||#0C71C3|\u00bb caption_text_align=\u00bbcenter\u00bb caption_text_color=\u00bb#0e12f4&#8243; caption_font_size=\u00bb14px\u00bb pagination_text_color=\u00bb#EDF000&#8243; text_orientation=\u00bbcenter\u00bb border_width_all=\u00bb2px\u00bb border_color_all=\u00bb#0C71C3&#8243; disabled=\u00bbon\u00bb locked=\u00bboff\u00bb global_colors_info=\u00bb{}\u00bb][\/et_pb_gallery][et_pb_button button_url=\u00bbhttps:\/\/www.rbbertomeu.es\/htmlpt\/produtos\/etiqueta_5L_front.htm\u00bb url_new_window=\u00bbon\u00bb button_text=\u00bbEtiqueta frontal do produto com liga\u00e7\u00f5es QR informatives\u00bb _builder_version=\u00bb4.27.2&#8243; _module_preset=\u00bbdefault\u00bb custom_button=\u00bbon\u00bb button_bg_color=\u00bb#0C71C3&#8243; button_use_icon=\u00bboff\u00bb background_layout=\u00bbdark\u00bb locked=\u00bboff\u00bb global_colors_info=\u00bb{}\u00bb][\/et_pb_button][et_pb_button button_url=\u00bbhttps:\/\/www.rbbertomeu.es\/htmlpt\/produtos\/etiqueta_5L_back.htm\u00bb url_new_window=\u00bbon\u00bb button_text=\u00bbEtiqueta traseira do produto com liga\u00e7\u00f5es QR informativas\u00bb _builder_version=\u00bb4.27.2&#8243; _module_preset=\u00bbdefault\u00bb custom_button=\u00bbon\u00bb button_bg_color=\u00bb#0C71C3&#8243; button_use_icon=\u00bboff\u00bb background_layout=\u00bbdark\u00bb locked=\u00bboff\u00bb global_colors_info=\u00bb{}\u00bb][\/et_pb_button][\/et_pb_column][et_pb_column type=\u00bb1_2&#8243; _builder_version=\u00bb4.16&#8243; custom_padding=\u00bb|||\u00bb global_colors_info=\u00bb{}\u00bb custom_padding__hover=\u00bb|||\u00bb][et_pb_wc_title _builder_version=\u00bb4.27.2&#8243; header_font=\u00bb|700|||||||\u00bb header_text_color=\u00bb#0C71C3&#8243; global_colors_info=\u00bb{}\u00bb][\/et_pb_wc_title][et_pb_wc_rating _builder_version=\u00bb4.16&#8243; global_colors_info=\u00bb{}\u00bb][\/et_pb_wc_rating][et_pb_text disabled_on=\u00bbon|on|on\u00bb _builder_version=\u00bb4.27.2&#8243; _module_preset=\u00bbdefault\u00bb text_text_color=\u00bb#0c71c3&#8243; text_font_size=\u00bb16px\u00bb disabled=\u00bbon\u00bb locked=\u00bboff\u00bb global_colors_info=\u00bb{}\u00bb]<\/p>\n<p><strong>Coste del tratamiento: 0,30 \u20ac \/ 100 L de Di\u00e9sel<\/strong><\/p>\n<p>[\/et_pb_text][et_pb_wc_price _builder_version=\u00bb4.27.2&#8243; body_font=\u00bb|700|||||||\u00bb body_text_color=\u00bb#0c71c3&#8243; body_font_size=\u00bb35px\u00bb global_colors_info=\u00bb{}\u00bb][\/et_pb_wc_price][et_pb_text disabled_on=\u00bbon|on|on\u00bb _builder_version=\u00bb4.27.2&#8243; _module_preset=\u00bbdefault\u00bb text_font_size=\u00bb16px\u00bb disabled=\u00bbon\u00bb locked=\u00bboff\u00bb global_colors_info=\u00bb{}\u00bb]<\/p>\n<p><strong>IVA e transportes inclu\u00eddos para os fornecimentos na Uni\u00e3o Europeia, exceto as regi\u00f5es ultraperif\u00e9ricas e os territ\u00f3rios ultramarinos.<\/strong><\/p>\n<p>Para regi\u00f5es excetuadas, territ\u00f3rios ultramarinos e todos os outros pa\u00edses do mundo, podemos enviar-lhe uma oferta com o custo aditivo mais o custo de transporte <forte>sem IVA.<\/strong>[\/et_pb_text][et_pb_wc_description description_type=\u00bbdescription\u00bb _builder_version=\u00bb4.27.2&#8243; global_colors_info=\u00bb{}\u00bb][\/et_pb_wc_description][et_pb_button button_url=\u00bbhttps:\/\/www.rbbertomeu.es\/htmlpt\/produtos\/FolletoTyC\/beco%20F-Plus%20Concentrado.pdf\u00bb url_new_window=\u00bbon\u00bb button_text=\u00bbFicha de dados t\u00e9cnicos e Guia de dosagem\u00bb _builder_version=\u00bb4.27.2&#8243; _module_preset=\u00bbdefault\u00bb custom_button=\u00bbon\u00bb button_bg_color=\u00bb#0C71C3&#8243; button_use_icon=\u00bboff\u00bb background_layout=\u00bbdark\u00bb locked=\u00bboff\u00bb global_colors_info=\u00bb{}\u00bb][\/et_pb_button][et_pb_wc_add_to_cart _builder_version=\u00bb4.16&#8243; global_colors_info=\u00bb{}\u00bb][\/et_pb_wc_add_to_cart][et_pb_wc_meta _builder_version=\u00bb4.16&#8243; global_colors_info=\u00bb{}\u00bb][\/et_pb_wc_meta][\/et_pb_column][\/et_pb_row][et_pb_row _builder_version=\u00bb4.16&#8243; background_size=\u00bbinitial\u00bb background_position=\u00bbtop_left\u00bb background_repeat=\u00bbrepeat\u00bb width=\u00bb100%\u00bb global_colors_info=\u00bb{}\u00bb][et_pb_column type=\u00bb4_4&#8243; _builder_version=\u00bb4.16&#8243; custom_padding=\u00bb|||\u00bb global_colors_info=\u00bb{}\u00bb custom_padding__hover=\u00bb|||\u00bb][et_pb_wc_tabs disabled_on=\u00bbon|on|on\u00bb _builder_version=\u00bb4.16&#8243; disabled=\u00bbon\u00bb global_colors_info=\u00bb{}\u00bb] [\/et_pb_wc_tabs][et_pb_wc_upsells _builder_version=\u00bb4.16&#8243; global_colors_info=\u00bb{}\u00bb][\/et_pb_wc_upsells][et_pb_wc_related_products posts_number=\u00bb6&#8243; orderby=\u00bbmenu_order\u00bb _builder_version=\u00bb4.16&#8243; global_colors_info=\u00bb{}\u00bb][\/et_pb_wc_related_products][\/et_pb_column][\/et_pb_row][\/et_pb_section]<\/p>\n","protected":false},"excerpt":{"rendered":"<p>GALERIA Coste del tratamiento: 0,30 \u20ac \/ 100 L de Di\u00e9selIVA e transportes inclu\u00eddos para os fornecimentos na Uni\u00e3o Europeia, exceto as regi\u00f5es ultraperif\u00e9ricas e os territ\u00f3rios ultramarinos. Para regi\u00f5es excetuadas, territ\u00f3rios ultramarinos e todos os outros pa\u00edses do mundo, podemos enviar-lhe uma oferta com o custo aditivo mais o custo de transporte sem IVA.<\/p>\n","protected":false},"featured_media":4242,"template":"","meta":{"_et_pb_use_builder":"on","_et_pb_old_content":"<h5><span style=\"color: #0c71c3\"><strong>Aditivo Concentrado<\/strong> Aditivo suficiente para tratar 49.800 litros de Diesel!<\/span><\/h5>\r\n\r\n<p style=\"text-align: center;font-size: 30px\"><strong><span style=\"color: #ff0000\"><u>Oferta de Ver\u00e3o!<\/u><\/span><span style=\"color: #0c71c3\"> Poupe 20,09 \u20ac<\/span><\/strong><\/p>\r\n&nbsp; <span style=\"color: #000000;text-align: left;font-size: 18px\">Material da embalagem:<\/span>\r\n<ul>\r\n<li>Frasco cil\u00edndrico: HDPE\/EVOH<\/li>\r\n<li>Copo de medi\u00e7\u00e3o: PP<\/li>\r\n<li>Frasco medidor: PE<\/li>\r\n<\/ul>","_et_gb_content_width":""},"product_brand":[],"product_cat":[125],"product_tag":[],"class_list":{"0":"post-3695","1":"product","2":"type-product","3":"status-publish","4":"has-post-thumbnail","6":"product_cat-aditivos-pt","8":"first","9":"instock","10":"sale","11":"taxable","12":"shipping-taxable","13":"purchasable","14":"product-type-simple"},"_links":{"self":[{"href":"https:\/\/rbbertomeu.es\/newmarkets\/wp-json\/wp\/v2\/product\/3695","targetHints":{"allow":["GET"]}}],"collection":[{"href":"https:\/\/rbbertomeu.es\/newmarkets\/wp-json\/wp\/v2\/product"}],"about":[{"href":"https:\/\/rbbertomeu.es\/newmarkets\/wp-json\/wp\/v2\/types\/product"}],"wp:featuredmedia":[{"embeddable":true,"href":"https:\/\/rbbertomeu.es\/newmarkets\/wp-json\/wp\/v2\/media\/4242"}],"wp:attachment":[{"href":"https:\/\/rbbertomeu.es\/newmarkets\/wp-json\/wp\/v2\/media?parent=3695"}],"wp:term":[{"taxonomy":"product_brand","embeddable":true,"href":"https:\/\/rbbertomeu.es\/newmarkets\/wp-json\/wp\/v2\/product_brand?post=3695"},{"taxonomy":"product_cat","embeddable":true,"href":"https:\/\/rbbertomeu.es\/newmarkets\/wp-json\/wp\/v2\/product_cat?post=3695"},{"taxonomy":"product_tag","embeddable":true,"href":"https:\/\/rbbertomeu.es\/newmarkets\/wp-json\/wp\/v2\/product_tag?post=3695"}],"curies":[{"name":"wp","href":"https:\/\/api.w.org\/{rel}","templated":true}]}}