{"id":2630,"date":"2024-07-14T20:57:26","date_gmt":"2024-07-14T18:57:26","guid":{"rendered":"https:\/\/rbbertomeu.es\/newmarkets\/?post_type=product&#038;p=2630"},"modified":"2026-03-25T20:51:35","modified_gmt":"2026-03-25T18:51:35","slug":"aditivo-para-tratar-49-800-litros-de-diesel-3-garrafas-com-1-litro-cada-uma-total-3-000-ml-3l","status":"publish","type":"product","link":"https:\/\/rbbertomeu.es\/newmarkets\/pt\/tienda\/aditivo-para-tratar-49-800-litros-de-diesel-3-garrafas-com-1-litro-cada-uma-total-3-000-ml-3l\/","title":{"rendered":"Aditivo Di\u00e9sel \u00abrb bertomeu\u00bb beco F-Plus Concentrado<br>3 garrafas com 1L"},"content":{"rendered":"<p>[et_pb_section fb_built=\u00bb1&#8243; _builder_version=\u00bb4.16&#8243; custom_padding=\u00bb0px||||false|false\u00bb collapsed=\u00bboff\u00bb global_colors_info=\u00bb{}\u00bb][et_pb_row _builder_version=\u00bb4.16&#8243; background_size=\u00bbinitial\u00bb background_position=\u00bbtop_left\u00bb background_repeat=\u00bbrepeat\u00bb width=\u00bb100%\u00bb custom_padding=\u00bb0px||0px||false|false\u00bb global_colors_info=\u00bb{}\u00bb][et_pb_column type=\u00bb4_4&#8243; _builder_version=\u00bb4.16&#8243; custom_padding=\u00bb|||\u00bb global_colors_info=\u00bb{}\u00bb custom_padding__hover=\u00bb|||\u00bb][et_pb_wc_breadcrumb _builder_version=\u00bb4.16&#8243; global_colors_info=\u00bb{}\u00bb][\/et_pb_wc_breadcrumb][et_pb_wc_cart_notice _builder_version=\u00bb4.16&#8243; global_colors_info=\u00bb{}\u00bb][\/et_pb_wc_cart_notice][\/et_pb_column][\/et_pb_row][et_pb_row column_structure=\u00bb1_2,1_2&#8243; _builder_version=\u00bb4.16&#8243; background_size=\u00bbinitial\u00bb background_position=\u00bbtop_left\u00bb background_repeat=\u00bbrepeat\u00bb width=\u00bb100%\u00bb custom_padding=\u00bb0px||||false|false\u00bb global_colors_info=\u00bb{}\u00bb][et_pb_column type=\u00bb1_2&#8243; _builder_version=\u00bb4.16&#8243; custom_padding=\u00bb|||\u00bb global_colors_info=\u00bb{}\u00bb custom_padding__hover=\u00bb|||\u00bb][et_pb_wc_images show_sale_badge=\u00bboff\u00bb _builder_version=\u00bb4.27.2&#8243; custom_margin=\u00bb20px||||false|false\u00bb hover_enabled=\u00bb0&#8243; global_colors_info=\u00bb{}\u00bb sticky_enabled=\u00bb0&#8243;][\/et_pb_wc_images][et_pb_text disabled_on=\u00bbon|on|on\u00bb _builder_version=\u00bb4.16&#8243; _module_preset=\u00bbdefault\u00bb disabled=\u00bbon\u00bb global_colors_info=\u00bb{}\u00bb]<\/p>\n<p><strong>GALERIA<\/strong><\/p>\n<p>[\/et_pb_text][et_pb_gallery gallery_ids=\u00bb459&#8243; posts_number=\u00bb3&#8243; show_pagination=\u00bboff\u00bb hover_icon=\u00bb&#x54;||divi||400&#8243; disabled_on=\u00bbon|on|on\u00bb _builder_version=\u00bb4.16&#8243; _module_preset=\u00bbdefault\u00bb title_text_color=\u00bb#0C71C3&#8243; caption_text_align=\u00bbcenter\u00bb caption_text_color=\u00bb#0a27b5&#8243; text_orientation=\u00bbcenter\u00bb caption_text_color_tablet=\u00bb#0a27b5&#8243; caption_text_color_phone=\u00bb#0a27b5&#8243; caption_text_color_last_edited=\u00bbon|desktop\u00bb border_width_all=\u00bb2px\u00bb border_color_all=\u00bb#0e12f4&#8243; disabled=\u00bbon\u00bb global_colors_info=\u00bb{}\u00bb][\/et_pb_gallery][et_pb_button button_url=\u00bbhttps:\/\/www.rbbertomeu.es\/htmlpt\/produtos\/etiqueta_5L_front.htm\u00bb url_new_window=\u00bbon\u00bb button_text=\u00bbEtiqueta frontal do produto com liga\u00e7\u00f5es QR informatives\u00bb _builder_version=\u00bb4.27.2&#8243; _module_preset=\u00bbdefault\u00bb custom_button=\u00bbon\u00bb button_bg_color=\u00bb#0C71C3&#8243; button_use_icon=\u00bboff\u00bb background_layout=\u00bbdark\u00bb locked=\u00bboff\u00bb global_colors_info=\u00bb{}\u00bb][\/et_pb_button][et_pb_button button_url=\u00bbhttps:\/\/www.rbbertomeu.es\/htmlpt\/produtos\/etiqueta_5L_back.htm\u00bb url_new_window=\u00bbon\u00bb button_text=\u00bbEtiqueta traseira do produto com liga\u00e7\u00f5es QR informativas\u00bb _builder_version=\u00bb4.27.2&#8243; _module_preset=\u00bbdefault\u00bb custom_button=\u00bbon\u00bb button_bg_color=\u00bb#0C71C3&#8243; button_use_icon=\u00bboff\u00bb background_layout=\u00bbdark\u00bb locked=\u00bboff\u00bb global_colors_info=\u00bb{}\u00bb][\/et_pb_button][\/et_pb_column][et_pb_column type=\u00bb1_2&#8243; _builder_version=\u00bb4.16&#8243; custom_padding=\u00bb|||\u00bb global_colors_info=\u00bb{}\u00bb custom_padding__hover=\u00bb|||\u00bb][et_pb_wc_title _builder_version=\u00bb4.27.2&#8243; header_font=\u00bb|700|||||||\u00bb header_text_color=\u00bb#0C71C3&#8243; header_font_size=\u00bb29px\u00bb global_colors_info=\u00bb{}\u00bb][\/et_pb_wc_title][et_pb_wc_rating _builder_version=\u00bb4.16&#8243; global_colors_info=\u00bb{}\u00bb][\/et_pb_wc_rating][et_pb_text disabled_on=\u00bbon|on|on\u00bb _builder_version=\u00bb4.27.2&#8243; _module_preset=\u00bbdefault\u00bb text_text_color=\u00bb#0c71c3&#8243; text_font_size=\u00bb16px\u00bb disabled=\u00bbon\u00bb locked=\u00bboff\u00bb global_colors_info=\u00bb{}\u00bb]<\/p>\n<p><strong>Custo do tratamento: 0,29 \u20ac \/ 100 L de Di\u00e9sel<\/strong><\/p>\n<p>[\/et_pb_text][et_pb_wc_price _builder_version=\u00bb4.27.2&#8243; body_font=\u00bb|700|||||||\u00bb body_text_color=\u00bb#0C71C3&#8243; body_font_size=\u00bb35px\u00bb global_colors_info=\u00bb{}\u00bb][\/et_pb_wc_price][et_pb_text _builder_version=\u00bb4.27.2&#8243; _module_preset=\u00bbdefault\u00bb text_font_size=\u00bb16px\u00bb locked=\u00bboff\u00bb global_colors_info=\u00bb{}\u00bb disabled_on=\u00bbon|on|on\u00bb disabled=\u00bbon\u00bb]<\/p>\n<p><strong>IVA e transportes inclu\u00eddos para os fornecimentos na Uni\u00e3o Europeia, exceto as regi\u00f5es ultraperif\u00e9ricas e os territ\u00f3rios ultramarinos.<\/strong><\/p>\n<p>Para regi\u00f5es excetuadas, territ\u00f3rios ultramarinos e todos os outros pa\u00edses do mundo, podemos enviar-lhe uma oferta com o custo aditivo mais o custo de transporte <forte>sem IVA.<\/strong>[\/et_pb_text][et_pb_wc_description description_type=\u00bbdescription\u00bb _builder_version=\u00bb4.27.2&#8243; global_colors_info=\u00bb{}\u00bb][\/et_pb_wc_description][et_pb_button button_url=\u00bbhttps:\/\/www.rbbertomeu.es\/htmlpt\/produtos\/FolletoTyC\/beco%20F-Plus%20Concentrado.pdf\u00bb url_new_window=\u00bbon\u00bb button_text=\u00bbFicha de dados t\u00e9cnicos e Guia de dosagem\u00bb _builder_version=\u00bb4.27.2&#8243; _module_preset=\u00bbdefault\u00bb custom_button=\u00bbon\u00bb button_bg_color=\u00bb#0C71C3&#8243; button_use_icon=\u00bboff\u00bb background_layout=\u00bbdark\u00bb locked=\u00bboff\u00bb global_colors_info=\u00bb{}\u00bb][\/et_pb_button][et_pb_wc_add_to_cart _builder_version=\u00bb4.16&#8243; global_colors_info=\u00bb{}\u00bb][\/et_pb_wc_add_to_cart][et_pb_wc_meta _builder_version=\u00bb4.16&#8243; global_colors_info=\u00bb{}\u00bb][\/et_pb_wc_meta][\/et_pb_column][\/et_pb_row][et_pb_row _builder_version=\u00bb4.16&#8243; background_size=\u00bbinitial\u00bb background_position=\u00bbtop_left\u00bb background_repeat=\u00bbrepeat\u00bb width=\u00bb100%\u00bb locked=\u00bboff\u00bb global_colors_info=\u00bb{}\u00bb][et_pb_column type=\u00bb4_4&#8243; _builder_version=\u00bb4.16&#8243; custom_padding=\u00bb|||\u00bb global_colors_info=\u00bb{}\u00bb custom_padding__hover=\u00bb|||\u00bb][et_pb_wc_tabs include_tabs=\u00bbdescription|additional_information|\u00bb disabled_on=\u00bbon|on|on\u00bb _builder_version=\u00bb4.16&#8243; disabled=\u00bbon\u00bb global_colors_info=\u00bb{}\u00bb]\t\t\t\t\t[\/et_pb_wc_tabs][et_pb_wc_upsells _builder_version=\u00bb4.16&#8243; global_colors_info=\u00bb{}\u00bb][\/et_pb_wc_upsells][et_pb_wc_related_products posts_number=\u00bb6&#8243; orderby=\u00bbmenu_order\u00bb _builder_version=\u00bb4.16&#8243; title_font=\u00bbOswald||||||||\u00bb title_text_color=\u00bb#137013&#8243; title_font_size=\u00bb35px\u00bb product_title_font=\u00bbOswald||||||||\u00bb product_title_text_align=\u00bbcenter\u00bb product_title_text_color=\u00bb#E02B20&#8243; product_title_font_size=\u00bb20px\u00bb price_font=\u00bbOswald||||||||\u00bb price_text_align=\u00bbcenter\u00bb price_text_color=\u00bb#0C71C3&#8243; price_font_size=\u00bb25px\u00bb text_orientation=\u00bbleft\u00bb custom_margin=\u00bb50px||||false|false\u00bb global_colors_info=\u00bb{}\u00bb][\/et_pb_wc_related_products][\/et_pb_column][\/et_pb_row][\/et_pb_section]<\/p>\n","protected":false},"excerpt":{"rendered":"<p>GALERIACusto do tratamento: 0,29 \u20ac \/ 100 L de Di\u00e9selIVA e transportes inclu\u00eddos para os fornecimentos na Uni\u00e3o Europeia, exceto as regi\u00f5es ultraperif\u00e9ricas e os territ\u00f3rios ultramarinos. Para regi\u00f5es excetuadas, territ\u00f3rios ultramarinos e todos os outros pa\u00edses do mundo, podemos enviar-lhe uma oferta com o custo aditivo mais o custo de transporte sem IVA.<\/p>\n","protected":false},"featured_media":4254,"template":"","meta":{"_et_pb_use_builder":"on","_et_pb_old_content":"<h3><span style=\"color: #0c71c3\"><strong>Aditivo Concentrado<\/strong> 3 litros s\u00e3o suficientes para tratar 49.800 litros de Diesel (LSD)!<\/span><\/h3>\r\n\r\n<strong><span style=\"color: #ff0000;text-align: center;font-size: 30px\"><u>Oferta de Ver\u00e3o!<\/u><\/span>\r\n<span style=\"color: #0c71c3;text-align: center;font-size: 30px\">Poupe 23,31 \u20ac<\/span><\/strong>\r\n\r\n<span style=\"color: #000000;text-align: left;font-size: 18px\">Material de fabrico do recipiente:<\/span>\r\n<ul>\r\n<li>Garrafa de duplo gargalo: PE<\/li>\r\n<\/ul>","_et_gb_content_width":""},"product_brand":[],"product_cat":[125],"product_tag":[],"class_list":{"0":"post-2630","1":"product","2":"type-product","3":"status-publish","4":"has-post-thumbnail","6":"product_cat-aditivos-pt","8":"first","9":"instock","10":"sale","11":"taxable","12":"shipping-taxable","13":"purchasable","14":"product-type-simple"},"_links":{"self":[{"href":"https:\/\/rbbertomeu.es\/newmarkets\/wp-json\/wp\/v2\/product\/2630","targetHints":{"allow":["GET"]}}],"collection":[{"href":"https:\/\/rbbertomeu.es\/newmarkets\/wp-json\/wp\/v2\/product"}],"about":[{"href":"https:\/\/rbbertomeu.es\/newmarkets\/wp-json\/wp\/v2\/types\/product"}],"wp:featuredmedia":[{"embeddable":true,"href":"https:\/\/rbbertomeu.es\/newmarkets\/wp-json\/wp\/v2\/media\/4254"}],"wp:attachment":[{"href":"https:\/\/rbbertomeu.es\/newmarkets\/wp-json\/wp\/v2\/media?parent=2630"}],"wp:term":[{"taxonomy":"product_brand","embeddable":true,"href":"https:\/\/rbbertomeu.es\/newmarkets\/wp-json\/wp\/v2\/product_brand?post=2630"},{"taxonomy":"product_cat","embeddable":true,"href":"https:\/\/rbbertomeu.es\/newmarkets\/wp-json\/wp\/v2\/product_cat?post=2630"},{"taxonomy":"product_tag","embeddable":true,"href":"https:\/\/rbbertomeu.es\/newmarkets\/wp-json\/wp\/v2\/product_tag?post=2630"}],"curies":[{"name":"wp","href":"https:\/\/api.w.org\/{rel}","templated":true}]}}