{"id":3996,"date":"2025-06-05T21:28:41","date_gmt":"2025-06-05T19:28:41","guid":{"rendered":"https:\/\/rbbertomeu.es\/newmarkets\/?page_id=3996"},"modified":"2025-06-05T21:28:43","modified_gmt":"2025-06-05T19:28:43","slug":"entrepreneurs","status":"publish","type":"page","link":"https:\/\/rbbertomeu.es\/newmarkets\/en\/entrepreneurs\/","title":{"rendered":"Entrepreneurs"},"content":{"rendered":"<p>[et_pb_section fb_built=\u00bb1&#8243; _builder_version=\u00bb4.27.2&#8243; _module_preset=\u00bbdefault\u00bb global_colors_info=\u00bb{}\u00bb][et_pb_row _builder_version=\u00bb4.27.2&#8243; _module_preset=\u00bbdefault\u00bb global_colors_info=\u00bb{}\u00bb][et_pb_column type=\u00bb4_4&#8243; _builder_version=\u00bb4.27.2&#8243; _module_preset=\u00bbdefault\u00bb global_colors_info=\u00bb{}\u00bb][et_pb_heading title=\u00bbEntrepreneurs\u00bb admin_label=\u00bbT\u00edtulo\u00bb _builder_version=\u00bb4.27.2&#8243; _module_preset=\u00bbdefault\u00bb global_colors_info=\u00bb{}\u00bb][\/et_pb_heading][et_pb_text _builder_version=\u00bb4.27.2&#8243; _module_preset=\u00bbdefault\u00bb hover_enabled=\u00bb0&#8243; global_colors_info=\u00bb{}\u00bb sticky_enabled=\u00bb0&#8243;]<span style=\"color: #000000; font-size: 20px;\"><strong>RB BERTOMEU, SL<\/strong>., with a consolidated track record, opens a process of evaluating proposals for a possible <strong>strategic alliance, transfer of operations or incorporation of new investors<\/strong>.<\/span><\/p>\n<p><span style=\"color: #000000; font-size: 20px;\">The company has:<\/span><\/br><br \/>\n<span style=\"color: #000000; font-size: 20px;\">\u2022 Industrial infrastructure in operation<\/span><br \/>\n<span style=\"color: #000000; font-size: 20px;\">\u2022 Equipment and technology in optimal conditions<\/span><br \/>\n<span style=\"color: #000000; font-size: 20px;\">\u2022 Factory established in Spain (Europe) 2h from the port of Barcelona. Very suitable for \u00abMade in E.U.\u00bb export compared to other \u00abMade in\u00bb<\/span><\/p>\n<p><span style=\"color: #000000; font-size: 20px;\">This process is part of a strategy of business renewal and operational continuity, aimed at ensuring future growth under a new management or ownership structure.<\/span><\/p>\n<p><span style=\"color: #000000; font-size: 20px;\">We are open to discussions with interested parties who wish to explore this opportunity.<\/span><\/p>\n<p><span style=\"color: #000000; font-size: 20px;\">For more information or to arrange a private meeting, please contact us using the following confidential form:<\/span>[\/et_pb_text][et_pb_contact_form _builder_version=\u00bb4.27.2&#8243; _module_preset=\u00bbdefault\u00bb _unique_id=\u00bb8d7cd7aa-2355-4f0e-8a69-8f75097c6531&#8243; hover_enabled=\u00bb0&#8243; global_colors_info=\u00bb{}\u00bb sticky_enabled=\u00bb0&#8243;][et_pb_contact_field field_id=\u00bbNombre_empresa\u00bb field_title=\u00bbCompany name (*)\u00bb max_length=\u00bb140&#8243; _builder_version=\u00bb4.27.2&#8243; form_field_text_color=\u00bb#0C71C3&#8243; background_color=\u00bbRGBA(255,255,255,0)\u00bb background_enable_color=\u00bbon\u00bb hover_enabled=\u00bb0&#8243; border_width_all=\u00bb1px\u00bb border_color_all=\u00bb#000000&#8243; global_colors_info=\u00bb{}\u00bb button_text_size__hover_enabled=\u00bboff\u00bb button_one_text_size__hover_enabled=\u00bboff\u00bb button_two_text_size__hover_enabled=\u00bboff\u00bb button_text_color__hover_enabled=\u00bboff\u00bb button_one_text_color__hover_enabled=\u00bboff\u00bb button_two_text_color__hover_enabled=\u00bboff\u00bb button_border_width__hover_enabled=\u00bboff\u00bb button_one_border_width__hover_enabled=\u00bboff\u00bb button_two_border_width__hover_enabled=\u00bboff\u00bb button_border_color__hover_enabled=\u00bboff\u00bb button_one_border_color__hover_enabled=\u00bboff\u00bb button_two_border_color__hover_enabled=\u00bboff\u00bb button_border_radius__hover_enabled=\u00bboff\u00bb button_one_border_radius__hover_enabled=\u00bboff\u00bb button_two_border_radius__hover_enabled=\u00bboff\u00bb button_letter_spacing__hover_enabled=\u00bboff\u00bb button_one_letter_spacing__hover_enabled=\u00bboff\u00bb button_two_letter_spacing__hover_enabled=\u00bboff\u00bb button_bg_color__hover_enabled=\u00bboff\u00bb button_one_bg_color__hover_enabled=\u00bboff\u00bb button_two_bg_color__hover_enabled=\u00bboff\u00bb sticky_enabled=\u00bb0&#8243;][\/et_pb_contact_field][et_pb_contact_field field_id=\u00bbPais\u00bb field_title=\u00bbCountry of residence of the company (*)\u00bb max_length=\u00bb140&#8243; fullwidth_field=\u00bbon\u00bb _builder_version=\u00bb4.27.2&#8243; _module_preset=\u00bbdefault\u00bb form_field_text_color=\u00bb#0C71C3&#8243; hover_enabled=\u00bb0&#8243; border_width_all=\u00bb1px\u00bb border_color_all=\u00bb#000000&#8243; global_colors_info=\u00bb{}\u00bb sticky_enabled=\u00bb0&#8243;][\/et_pb_contact_field][et_pb_contact_field field_id=\u00bbEmail\u00bb field_title=\u00bbContact Email (*)\u00bb field_type=\u00bbemail\u00bb _builder_version=\u00bb4.27.2&#8243; form_field_text_color=\u00bb#0C71C3&#8243; hover_enabled=\u00bb0&#8243; border_width_all=\u00bb1px\u00bb border_color_all=\u00bb#000000&#8243; global_colors_info=\u00bb{}\u00bb button_text_size__hover_enabled=\u00bboff\u00bb button_one_text_size__hover_enabled=\u00bboff\u00bb button_two_text_size__hover_enabled=\u00bboff\u00bb button_text_color__hover_enabled=\u00bboff\u00bb button_one_text_color__hover_enabled=\u00bboff\u00bb button_two_text_color__hover_enabled=\u00bboff\u00bb button_border_width__hover_enabled=\u00bboff\u00bb button_one_border_width__hover_enabled=\u00bboff\u00bb button_two_border_width__hover_enabled=\u00bboff\u00bb button_border_color__hover_enabled=\u00bboff\u00bb button_one_border_color__hover_enabled=\u00bboff\u00bb button_two_border_color__hover_enabled=\u00bboff\u00bb button_border_radius__hover_enabled=\u00bboff\u00bb button_one_border_radius__hover_enabled=\u00bboff\u00bb button_two_border_radius__hover_enabled=\u00bboff\u00bb button_letter_spacing__hover_enabled=\u00bboff\u00bb button_one_letter_spacing__hover_enabled=\u00bboff\u00bb button_two_letter_spacing__hover_enabled=\u00bboff\u00bb button_bg_color__hover_enabled=\u00bboff\u00bb button_one_bg_color__hover_enabled=\u00bboff\u00bb button_two_bg_color__hover_enabled=\u00bboff\u00bb sticky_enabled=\u00bb0&#8243;][\/et_pb_contact_field][et_pb_contact_field field_id=\u00bbAntiguedad\u00bb field_title=\u00bbCompany&#8217;s age\u00bb max_length=\u00bb4&#8243; allowed_symbols=\u00bbnumbers\u00bb required_mark=\u00bboff\u00bb fullwidth_field=\u00bbon\u00bb _builder_version=\u00bb4.27.2&#8243; _module_preset=\u00bbdefault\u00bb form_field_text_color=\u00bb#0C71C3&#8243; form_field_text_align=\u00bbjustify\u00bb hover_enabled=\u00bb0&#8243; border_width_all=\u00bb1px\u00bb border_color_all=\u00bb#000000&#8243; global_colors_info=\u00bb{}\u00bb sticky_enabled=\u00bb0&#8243;][\/et_pb_contact_field][et_pb_contact_field field_id=\u00bbTipo_inversor\u00bb field_title=\u00bbAre you a private investor, a company or an intermediary? (*)\u00bb max_length=\u00bb100&#8243; allowed_symbols=\u00bbletters\u00bb fullwidth_field=\u00bbon\u00bb _builder_version=\u00bb4.27.2&#8243; _module_preset=\u00bbdefault\u00bb form_field_text_color=\u00bb#0C71C3&#8243; hover_enabled=\u00bb0&#8243; border_width_all=\u00bb1px\u00bb border_color_all=\u00bb#000000&#8243; global_colors_info=\u00bb{}\u00bb sticky_enabled=\u00bb0&#8243;][\/et_pb_contact_field][et_pb_contact_field field_id=\u00bbExperiencia\u00bb field_title=\u00bbDo you have experience in company acquisitions?\u00bb allowed_symbols=\u00bbalphanumeric\u00bb required_mark=\u00bboff\u00bb fullwidth_field=\u00bbon\u00bb _builder_version=\u00bb4.27.2&#8243; _module_preset=\u00bbdefault\u00bb form_field_text_color=\u00bb#0C71C3&#8243; hover_enabled=\u00bb0&#8243; border_width_all=\u00bb1px\u00bb border_color_all=\u00bb#000000&#8243; global_colors_info=\u00bb{}\u00bb sticky_enabled=\u00bb0&#8243;][\/et_pb_contact_field][et_pb_contact_field field_id=\u00bbInteres\u00bb field_title=\u00bbWhat is your main interest in RB BERTOMEU? (e.g. growth of your business, investment, diversification, &#8230;) (*)\u00bb max_length=\u00bb150&#8243; fullwidth_field=\u00bbon\u00bb _builder_version=\u00bb4.27.2&#8243; _module_preset=\u00bbdefault\u00bb form_field_text_color=\u00bb#0C71C3&#8243; hover_enabled=\u00bb0&#8243; border_width_all=\u00bb1px\u00bb border_color_all=\u00bb#000000&#8243; global_colors_info=\u00bb{}\u00bb sticky_enabled=\u00bb0&#8243;][\/et_pb_contact_field][et_pb_contact_field field_id=\u00bbComentarios\u00bb field_title=\u00bbAdditional comments or questions\u00bb field_type=\u00bbtext\u00bb required_mark=\u00bboff\u00bb fullwidth_field=\u00bbon\u00bb _builder_version=\u00bb4.27.2&#8243; form_field_text_color=\u00bb#0C71C3&#8243; hover_enabled=\u00bb0&#8243; border_width_all=\u00bb1px\u00bb border_color_all=\u00bb#000000&#8243; global_colors_info=\u00bb{}\u00bb button_text_size__hover_enabled=\u00bboff\u00bb button_one_text_size__hover_enabled=\u00bboff\u00bb button_two_text_size__hover_enabled=\u00bboff\u00bb button_text_color__hover_enabled=\u00bboff\u00bb button_one_text_color__hover_enabled=\u00bboff\u00bb button_two_text_color__hover_enabled=\u00bboff\u00bb button_border_width__hover_enabled=\u00bboff\u00bb button_one_border_width__hover_enabled=\u00bboff\u00bb button_two_border_width__hover_enabled=\u00bboff\u00bb button_border_color__hover_enabled=\u00bboff\u00bb button_one_border_color__hover_enabled=\u00bboff\u00bb button_two_border_color__hover_enabled=\u00bboff\u00bb button_border_radius__hover_enabled=\u00bboff\u00bb button_one_border_radius__hover_enabled=\u00bboff\u00bb button_two_border_radius__hover_enabled=\u00bboff\u00bb button_letter_spacing__hover_enabled=\u00bboff\u00bb button_one_letter_spacing__hover_enabled=\u00bboff\u00bb button_two_letter_spacing__hover_enabled=\u00bboff\u00bb button_bg_color__hover_enabled=\u00bboff\u00bb button_one_bg_color__hover_enabled=\u00bboff\u00bb button_two_bg_color__hover_enabled=\u00bboff\u00bb sticky_enabled=\u00bb0&#8243;][\/et_pb_contact_field][\/et_pb_contact_form][et_pb_text _builder_version=\u00bb4.27.2&#8243; _module_preset=\u00bbdefault\u00bb text_text_color=\u00bb#000000&#8243; hover_enabled=\u00bb0&#8243; global_colors_info=\u00bb{}\u00bb sticky_enabled=\u00bb0&#8243;]<\/p>\n<p><em>(*) Required fields<\/em><\/p>\n<p><em>All requests will be treated with strict confidentiality.  <\/em><\/p>\n<p>[\/et_pb_text][\/et_pb_column][\/et_pb_row][\/et_pb_section]<\/p>\n","protected":false},"excerpt":{"rendered":"<p>RB BERTOMEU, SL., with a consolidated track record, opens a process of evaluating proposals for a possible strategic alliance, transfer of operations or incorporation of new investors. The company has: \u2022 Industrial infrastructure in operation \u2022 Equipment and technology in optimal conditions \u2022 Factory established in Spain (Europe) 2h from the port of Barcelona. Very [&hellip;]<\/p>\n","protected":false},"author":1,"featured_media":0,"parent":0,"menu_order":0,"comment_status":"closed","ping_status":"closed","template":"","meta":{"_et_pb_use_builder":"on","_et_pb_old_content":"[et_pb_section fb_built=\"1\" _builder_version=\"4.27.2\" _module_preset=\"default\" global_colors_info=\"{}\"][et_pb_row _builder_version=\"4.27.2\" _module_preset=\"default\" global_colors_info=\"{}\"][et_pb_column type=\"4_4\" _builder_version=\"4.27.2\" _module_preset=\"default\" global_colors_info=\"{}\"][et_pb_heading title=\"Emprendedores\" admin_label=\"T\u00edtulo\" _builder_version=\"4.27.2\" _module_preset=\"default\" global_colors_info=\"{}\"][\/et_pb_heading][et_pb_text _builder_version=\"4.27.2\" _module_preset=\"default\" global_colors_info=\"{}\"]<span style=\"color: #000000; font-size: 20px;\">RB BERTOMEU, SL., con una trayectoria consolidada abre un proceso de evaluaci\u00f3n de propuestas para una posible alianza estrat\u00e9gica, traspaso de operaciones o incorporaci\u00f3n de nuevos inversores.<\/span>\r\n\r\n<span style=\"color: #000000; font-size: 20px;\">La empresa cuenta con:<\/span><\/br>\r\n<span style=\"color: #000000; font-size: 20px;\">\u2022 Infraestructura industrial en funcionamiento<\/span>\r\n<span style=\"color: #000000; font-size: 20px;\">\u2022 Equipamiento y tecnolog\u00eda en condiciones \u00f3ptimas<\/span>\r\n<span style=\"color: #000000; font-size: 20px;\">\u2022 F\u00e1brica establecida en Espa\u00f1a (Europa) a 2h del puerto de Barcelona. Muy conveniente para exportaci\u00f3n \u201cMade in E.U.\u201d frente a otros \u201cMade in\u201d<\/span>\r\n\r\n<span style=\"color: #000000; font-size: 20px;\">Este proceso se enmarca en una estrategia de renovaci\u00f3n empresarial y continuidad operativa, orientada a asegurar el crecimiento futuro bajo una nueva estructura de gesti\u00f3n o propiedad.<\/span>\r\n\r\n<span style=\"color: #000000; font-size: 20px;\">Estamos abiertos a conversaciones con interesados que deseen explorar esta oportunidad.<\/span>\r\n\r\n<span style=\"color: #000000; font-size: 20px;\">Para obtener m\u00e1s informaci\u00f3n o concertar una reuni\u00f3n privada, por favor, cont\u00e1ctenos a trav\u00e9s del siguiente formulario confidencial:<\/span>[\/et_pb_text][et_pb_contact_form _builder_version=\"4.27.2\" _module_preset=\"default\" _unique_id=\"8d7cd7aa-2355-4f0e-8a69-8f75097c6531\" global_colors_info=\"{}\"][et_pb_contact_field field_id=\"Nombre_empresa\" field_title=\"Identificaci\u00f3n de la empresa (*)\" max_length=\"140\" _builder_version=\"4.27.2\" form_field_text_color=\"#0C71C3\" background_color=\"RGBA(255,255,255,0)\" background_enable_color=\"on\" border_width_all=\"1px\" border_color_all=\"#000000\" global_colors_info=\"{}\" button_text_size__hover_enabled=\"off\" button_one_text_size__hover_enabled=\"off\" button_two_text_size__hover_enabled=\"off\" button_text_color__hover_enabled=\"off\" button_one_text_color__hover_enabled=\"off\" button_two_text_color__hover_enabled=\"off\" button_border_width__hover_enabled=\"off\" button_one_border_width__hover_enabled=\"off\" button_two_border_width__hover_enabled=\"off\" button_border_color__hover_enabled=\"off\" button_one_border_color__hover_enabled=\"off\" button_two_border_color__hover_enabled=\"off\" button_border_radius__hover_enabled=\"off\" button_one_border_radius__hover_enabled=\"off\" button_two_border_radius__hover_enabled=\"off\" button_letter_spacing__hover_enabled=\"off\" button_one_letter_spacing__hover_enabled=\"off\" button_two_letter_spacing__hover_enabled=\"off\" button_bg_color__hover_enabled=\"off\" button_one_bg_color__hover_enabled=\"off\" button_two_bg_color__hover_enabled=\"off\"][\/et_pb_contact_field][et_pb_contact_field field_id=\"Pais\" field_title=\"Pais de residencia de la empresa (*)\" max_length=\"140\" fullwidth_field=\"on\" _builder_version=\"4.27.2\" _module_preset=\"default\" form_field_text_color=\"#0C71C3\" border_width_all=\"1px\" border_color_all=\"#000000\" global_colors_info=\"{}\"][\/et_pb_contact_field][et_pb_contact_field field_id=\"Email\" field_title=\"Correo electr\u00f3nico de contacto (*)\" field_type=\"email\" _builder_version=\"4.27.2\" form_field_text_color=\"#0C71C3\" border_width_all=\"1px\" border_color_all=\"#000000\" global_colors_info=\"{}\" button_text_size__hover_enabled=\"off\" button_one_text_size__hover_enabled=\"off\" button_two_text_size__hover_enabled=\"off\" button_text_color__hover_enabled=\"off\" button_one_text_color__hover_enabled=\"off\" button_two_text_color__hover_enabled=\"off\" button_border_width__hover_enabled=\"off\" button_one_border_width__hover_enabled=\"off\" button_two_border_width__hover_enabled=\"off\" button_border_color__hover_enabled=\"off\" button_one_border_color__hover_enabled=\"off\" button_two_border_color__hover_enabled=\"off\" button_border_radius__hover_enabled=\"off\" button_one_border_radius__hover_enabled=\"off\" button_two_border_radius__hover_enabled=\"off\" button_letter_spacing__hover_enabled=\"off\" button_one_letter_spacing__hover_enabled=\"off\" button_two_letter_spacing__hover_enabled=\"off\" button_bg_color__hover_enabled=\"off\" button_one_bg_color__hover_enabled=\"off\" button_two_bg_color__hover_enabled=\"off\"][\/et_pb_contact_field][et_pb_contact_field field_id=\"Antiguedad\" field_title=\"Antig\u00fcedad de la empresa\" max_length=\"4\" allowed_symbols=\"numbers\" required_mark=\"off\" fullwidth_field=\"on\" _builder_version=\"4.27.2\" _module_preset=\"default\" form_field_text_color=\"#0C71C3\" form_field_text_align=\"justify\" border_width_all=\"1px\" border_color_all=\"#000000\" global_colors_info=\"{}\"][\/et_pb_contact_field][et_pb_contact_field field_id=\"Tipo_inversor\" field_title=\"\u00bfEres un inversor privado, una empresa o un intermediario? (*)\" max_length=\"100\" allowed_symbols=\"letters\" fullwidth_field=\"on\" _builder_version=\"4.27.2\" _module_preset=\"default\" form_field_text_color=\"#0C71C3\" border_width_all=\"1px\" border_color_all=\"#000000\" global_colors_info=\"{}\"][\/et_pb_contact_field][et_pb_contact_field field_id=\"Experiencia\" field_title=\"\u00bfTienes experiencia en adquisiciones de empresas?\" allowed_symbols=\"alphanumeric\" required_mark=\"off\" fullwidth_field=\"on\" _builder_version=\"4.27.2\" _module_preset=\"default\" form_field_text_color=\"#0C71C3\" border_width_all=\"1px\" border_color_all=\"#000000\" global_colors_info=\"{}\"][\/et_pb_contact_field][et_pb_contact_field field_id=\"Interes\" field_title=\"Cu\u00e1l es tu inter\u00e9s principal en RB BERTOMEU? (por ejemplo, crecimiento de tu negocio, inversi\u00f3n, diversificaci\u00f3n, \u2026) (*)\" max_length=\"150\" fullwidth_field=\"on\" _builder_version=\"4.27.2\" _module_preset=\"default\" form_field_text_color=\"#0C71C3\" border_width_all=\"1px\" border_color_all=\"#000000\" global_colors_info=\"{}\"][\/et_pb_contact_field][et_pb_contact_field field_id=\"Comentarios\" field_title=\"Comentarios o preguntas adicionales\" field_type=\"text\" required_mark=\"off\" fullwidth_field=\"on\" _builder_version=\"4.27.2\" form_field_text_color=\"#0C71C3\" border_width_all=\"1px\" border_color_all=\"#000000\" global_colors_info=\"{}\" button_text_size__hover_enabled=\"off\" button_one_text_size__hover_enabled=\"off\" button_two_text_size__hover_enabled=\"off\" button_text_color__hover_enabled=\"off\" button_one_text_color__hover_enabled=\"off\" button_two_text_color__hover_enabled=\"off\" button_border_width__hover_enabled=\"off\" button_one_border_width__hover_enabled=\"off\" button_two_border_width__hover_enabled=\"off\" button_border_color__hover_enabled=\"off\" button_one_border_color__hover_enabled=\"off\" button_two_border_color__hover_enabled=\"off\" button_border_radius__hover_enabled=\"off\" button_one_border_radius__hover_enabled=\"off\" button_two_border_radius__hover_enabled=\"off\" button_letter_spacing__hover_enabled=\"off\" button_one_letter_spacing__hover_enabled=\"off\" button_two_letter_spacing__hover_enabled=\"off\" button_bg_color__hover_enabled=\"off\" button_one_bg_color__hover_enabled=\"off\" button_two_bg_color__hover_enabled=\"off\"][\/et_pb_contact_field][\/et_pb_contact_form][et_pb_text _builder_version=\"4.27.2\" _module_preset=\"default\" text_text_color=\"#000000\" global_colors_info=\"{}\"]<p><em>(*) Campos obligatorios<\/em><\/p>\r\n<p><em>Todas las solicitudes ser\u00e1n tratadas con estricta confidencialidad. <\/em><\/p>[\/et_pb_text][\/et_pb_column][\/et_pb_row][\/et_pb_section]","_et_gb_content_width":"","footnotes":""},"class_list":["post-3996","page","type-page","status-publish","hentry"],"_links":{"self":[{"href":"https:\/\/rbbertomeu.es\/newmarkets\/wp-json\/wp\/v2\/pages\/3996","targetHints":{"allow":["GET"]}}],"collection":[{"href":"https:\/\/rbbertomeu.es\/newmarkets\/wp-json\/wp\/v2\/pages"}],"about":[{"href":"https:\/\/rbbertomeu.es\/newmarkets\/wp-json\/wp\/v2\/types\/page"}],"author":[{"embeddable":true,"href":"https:\/\/rbbertomeu.es\/newmarkets\/wp-json\/wp\/v2\/users\/1"}],"replies":[{"embeddable":true,"href":"https:\/\/rbbertomeu.es\/newmarkets\/wp-json\/wp\/v2\/comments?post=3996"}],"version-history":[{"count":7,"href":"https:\/\/rbbertomeu.es\/newmarkets\/wp-json\/wp\/v2\/pages\/3996\/revisions"}],"predecessor-version":[{"id":4007,"href":"https:\/\/rbbertomeu.es\/newmarkets\/wp-json\/wp\/v2\/pages\/3996\/revisions\/4007"}],"wp:attachment":[{"href":"https:\/\/rbbertomeu.es\/newmarkets\/wp-json\/wp\/v2\/media?parent=3996"}],"curies":[{"name":"wp","href":"https:\/\/api.w.org\/{rel}","templated":true}]}}