{"id":3970,"date":"2025-06-05T21:09:45","date_gmt":"2025-06-05T19:09:45","guid":{"rendered":"https:\/\/rbbertomeu.es\/newmarkets\/?page_id=3970"},"modified":"2025-06-05T21:16:30","modified_gmt":"2025-06-05T19:16:30","slug":"emprendedores","status":"publish","type":"page","link":"https:\/\/rbbertomeu.es\/newmarkets\/emprendedores\/","title":{"rendered":"Emprendedores"},"content":{"rendered":"<p>[et_pb_section fb_built=\u00bb1&#8243; _builder_version=\u00bb4.27.2&#8243; _module_preset=\u00bbdefault\u00bb global_colors_info=\u00bb{}\u00bb][et_pb_row _builder_version=\u00bb4.27.2&#8243; _module_preset=\u00bbdefault\u00bb global_colors_info=\u00bb{}\u00bb][et_pb_column type=\u00bb4_4&#8243; _builder_version=\u00bb4.27.2&#8243; _module_preset=\u00bbdefault\u00bb global_colors_info=\u00bb{}\u00bb][et_pb_heading title=\u00bbEmprendedores\u00bb admin_label=\u00bbT\u00edtulo\u00bb _builder_version=\u00bb4.27.2&#8243; _module_preset=\u00bbdefault\u00bb global_colors_info=\u00bb{}\u00bb][\/et_pb_heading][et_pb_text _builder_version=\u00bb4.27.2&#8243; _module_preset=\u00bbdefault\u00bb hover_enabled=\u00bb0&#8243; global_colors_info=\u00bb{}\u00bb sticky_enabled=\u00bb0&#8243;]<\/p>\n<p><span style=\"color: #000000; font-size: 20px;\"><strong>RB BERTOMEU, SL.<\/strong>, con una trayectoria consolidada abre un proceso de evaluaci\u00f3n de propuestas para una posible <strong>alianza estrat\u00e9gica, traspaso de operaciones o incorporaci\u00f3n de nuevos inversores<\/strong>.<\/span><\/p>\n<p><span style=\"color: #000000; font-size: 20px;\">La empresa cuenta con:<\/span><\/p>\n<p><span style=\"color: #000000; font-size: 20px;\">\u2022 Infraestructura industrial en funcionamiento<\/span><br \/><span style=\"color: #000000; font-size: 20px;\">\u2022 Equipamiento y tecnolog\u00eda en condiciones \u00f3ptimas<\/span><br \/><span style=\"color: #000000; font-size: 20px;\">\u2022 F\u00e1brica establecida en Espa\u00f1a (Europa) a 2h del puerto de Barcelona. Muy conveniente para exportaci\u00f3n \u201cMade in E.U.\u201d frente a otros \u201cMade in\u201d<\/span><\/p>\n<p><span style=\"color: #000000; font-size: 20px;\">Este proceso se enmarca en una estrategia de renovaci\u00f3n empresarial y continuidad operativa, orientada a asegurar el crecimiento futuro bajo una nueva estructura de gesti\u00f3n o propiedad.<\/span><\/p>\n<p><span style=\"color: #000000; font-size: 20px;\">Estamos abiertos a conversaciones con interesados que deseen explorar esta oportunidad.<\/span><\/p>\n<p><span style=\"color: #000000; font-size: 20px;\">Para obtener m\u00e1s informaci\u00f3n o concertar una reuni\u00f3n privada, por favor, cont\u00e1ctenos a trav\u00e9s del siguiente formulario confidencial:<\/span><\/p>\n<p>[\/et_pb_text][et_pb_contact_form _builder_version=\u00bb4.27.2&#8243; _module_preset=\u00bbdefault\u00bb _unique_id=\u00bb8d7cd7aa-2355-4f0e-8a69-8f75097c6531&#8243; global_colors_info=\u00bb{}\u00bb][et_pb_contact_field field_id=\u00bbNombre_empresa\u00bb field_title=\u00bbIdentificaci\u00f3n de la empresa (*)\u00bb max_length=\u00bb140&#8243; _builder_version=\u00bb4.27.2&#8243; form_field_text_color=\u00bb#0C71C3&#8243; background_color=\u00bbRGBA(255,255,255,0)\u00bb background_enable_color=\u00bbon\u00bb border_width_all=\u00bb1px\u00bb border_color_all=\u00bb#000000&#8243; global_colors_info=\u00bb{}\u00bb button_text_size__hover_enabled=\u00bboff\u00bb button_one_text_size__hover_enabled=\u00bboff\u00bb button_two_text_size__hover_enabled=\u00bboff\u00bb button_text_color__hover_enabled=\u00bboff\u00bb button_one_text_color__hover_enabled=\u00bboff\u00bb button_two_text_color__hover_enabled=\u00bboff\u00bb button_border_width__hover_enabled=\u00bboff\u00bb button_one_border_width__hover_enabled=\u00bboff\u00bb button_two_border_width__hover_enabled=\u00bboff\u00bb button_border_color__hover_enabled=\u00bboff\u00bb button_one_border_color__hover_enabled=\u00bboff\u00bb button_two_border_color__hover_enabled=\u00bboff\u00bb button_border_radius__hover_enabled=\u00bboff\u00bb button_one_border_radius__hover_enabled=\u00bboff\u00bb button_two_border_radius__hover_enabled=\u00bboff\u00bb button_letter_spacing__hover_enabled=\u00bboff\u00bb button_one_letter_spacing__hover_enabled=\u00bboff\u00bb button_two_letter_spacing__hover_enabled=\u00bboff\u00bb button_bg_color__hover_enabled=\u00bboff\u00bb button_one_bg_color__hover_enabled=\u00bboff\u00bb button_two_bg_color__hover_enabled=\u00bboff\u00bb][\/et_pb_contact_field][et_pb_contact_field field_id=\u00bbPais\u00bb field_title=\u00bbPais de residencia de la empresa (*)\u00bb max_length=\u00bb140&#8243; fullwidth_field=\u00bbon\u00bb _builder_version=\u00bb4.27.2&#8243; _module_preset=\u00bbdefault\u00bb form_field_text_color=\u00bb#0C71C3&#8243; border_width_all=\u00bb1px\u00bb border_color_all=\u00bb#000000&#8243; global_colors_info=\u00bb{}\u00bb][\/et_pb_contact_field][et_pb_contact_field field_id=\u00bbEmail\u00bb field_title=\u00bbCorreo electr\u00f3nico de contacto (*)\u00bb field_type=\u00bbemail\u00bb _builder_version=\u00bb4.27.2&#8243; form_field_text_color=\u00bb#0C71C3&#8243; border_width_all=\u00bb1px\u00bb border_color_all=\u00bb#000000&#8243; global_colors_info=\u00bb{}\u00bb button_text_size__hover_enabled=\u00bboff\u00bb button_one_text_size__hover_enabled=\u00bboff\u00bb button_two_text_size__hover_enabled=\u00bboff\u00bb button_text_color__hover_enabled=\u00bboff\u00bb button_one_text_color__hover_enabled=\u00bboff\u00bb button_two_text_color__hover_enabled=\u00bboff\u00bb button_border_width__hover_enabled=\u00bboff\u00bb button_one_border_width__hover_enabled=\u00bboff\u00bb button_two_border_width__hover_enabled=\u00bboff\u00bb button_border_color__hover_enabled=\u00bboff\u00bb button_one_border_color__hover_enabled=\u00bboff\u00bb button_two_border_color__hover_enabled=\u00bboff\u00bb button_border_radius__hover_enabled=\u00bboff\u00bb button_one_border_radius__hover_enabled=\u00bboff\u00bb button_two_border_radius__hover_enabled=\u00bboff\u00bb button_letter_spacing__hover_enabled=\u00bboff\u00bb button_one_letter_spacing__hover_enabled=\u00bboff\u00bb button_two_letter_spacing__hover_enabled=\u00bboff\u00bb button_bg_color__hover_enabled=\u00bboff\u00bb button_one_bg_color__hover_enabled=\u00bboff\u00bb button_two_bg_color__hover_enabled=\u00bboff\u00bb][\/et_pb_contact_field][et_pb_contact_field field_id=\u00bbAntiguedad\u00bb field_title=\u00bbAntig\u00fcedad de la empresa\u00bb max_length=\u00bb4&#8243; allowed_symbols=\u00bbnumbers\u00bb required_mark=\u00bboff\u00bb fullwidth_field=\u00bbon\u00bb _builder_version=\u00bb4.27.2&#8243; _module_preset=\u00bbdefault\u00bb form_field_text_color=\u00bb#0C71C3&#8243; form_field_text_align=\u00bbjustify\u00bb border_width_all=\u00bb1px\u00bb border_color_all=\u00bb#000000&#8243; global_colors_info=\u00bb{}\u00bb][\/et_pb_contact_field][et_pb_contact_field field_id=\u00bbTipo_inversor\u00bb field_title=\u00bb\u00bfEres un inversor privado, una empresa o un intermediario? (*)\u00bb max_length=\u00bb100&#8243; allowed_symbols=\u00bbletters\u00bb fullwidth_field=\u00bbon\u00bb _builder_version=\u00bb4.27.2&#8243; _module_preset=\u00bbdefault\u00bb form_field_text_color=\u00bb#0C71C3&#8243; border_width_all=\u00bb1px\u00bb border_color_all=\u00bb#000000&#8243; global_colors_info=\u00bb{}\u00bb][\/et_pb_contact_field][et_pb_contact_field field_id=\u00bbExperiencia\u00bb field_title=\u00bb\u00bfTienes experiencia en adquisiciones de empresas?\u00bb allowed_symbols=\u00bbalphanumeric\u00bb required_mark=\u00bboff\u00bb fullwidth_field=\u00bbon\u00bb _builder_version=\u00bb4.27.2&#8243; _module_preset=\u00bbdefault\u00bb form_field_text_color=\u00bb#0C71C3&#8243; border_width_all=\u00bb1px\u00bb border_color_all=\u00bb#000000&#8243; global_colors_info=\u00bb{}\u00bb][\/et_pb_contact_field][et_pb_contact_field field_id=\u00bbInteres\u00bb field_title=\u00bbCu\u00e1l es tu inter\u00e9s principal en RB BERTOMEU? (por ejemplo, crecimiento de tu negocio, inversi\u00f3n, diversificaci\u00f3n, \u2026) (*)\u00bb max_length=\u00bb150&#8243; fullwidth_field=\u00bbon\u00bb _builder_version=\u00bb4.27.2&#8243; _module_preset=\u00bbdefault\u00bb form_field_text_color=\u00bb#0C71C3&#8243; border_width_all=\u00bb1px\u00bb border_color_all=\u00bb#000000&#8243; global_colors_info=\u00bb{}\u00bb][\/et_pb_contact_field][et_pb_contact_field field_id=\u00bbComentarios\u00bb field_title=\u00bbComentarios o preguntas adicionales\u00bb field_type=\u00bbtext\u00bb required_mark=\u00bboff\u00bb fullwidth_field=\u00bbon\u00bb _builder_version=\u00bb4.27.2&#8243; form_field_text_color=\u00bb#0C71C3&#8243; border_width_all=\u00bb1px\u00bb border_color_all=\u00bb#000000&#8243; global_colors_info=\u00bb{}\u00bb button_text_size__hover_enabled=\u00bboff\u00bb button_one_text_size__hover_enabled=\u00bboff\u00bb button_two_text_size__hover_enabled=\u00bboff\u00bb button_text_color__hover_enabled=\u00bboff\u00bb button_one_text_color__hover_enabled=\u00bboff\u00bb button_two_text_color__hover_enabled=\u00bboff\u00bb button_border_width__hover_enabled=\u00bboff\u00bb button_one_border_width__hover_enabled=\u00bboff\u00bb button_two_border_width__hover_enabled=\u00bboff\u00bb button_border_color__hover_enabled=\u00bboff\u00bb button_one_border_color__hover_enabled=\u00bboff\u00bb button_two_border_color__hover_enabled=\u00bboff\u00bb button_border_radius__hover_enabled=\u00bboff\u00bb button_one_border_radius__hover_enabled=\u00bboff\u00bb button_two_border_radius__hover_enabled=\u00bboff\u00bb button_letter_spacing__hover_enabled=\u00bboff\u00bb button_one_letter_spacing__hover_enabled=\u00bboff\u00bb button_two_letter_spacing__hover_enabled=\u00bboff\u00bb button_bg_color__hover_enabled=\u00bboff\u00bb button_one_bg_color__hover_enabled=\u00bboff\u00bb button_two_bg_color__hover_enabled=\u00bboff\u00bb][\/et_pb_contact_field][\/et_pb_contact_form][et_pb_text _builder_version=\u00bb4.27.2&#8243; _module_preset=\u00bbdefault\u00bb text_text_color=\u00bb#000000&#8243; global_colors_info=\u00bb{}\u00bb]<\/p>\n<p><em>(*) Campos obligatorios<\/em><\/p>\n<p><em>Todas las solicitudes ser\u00e1n tratadas con estricta confidencialidad. <\/em><\/p>\n<p>[\/et_pb_text][\/et_pb_column][\/et_pb_row][\/et_pb_section]<\/p>\n","protected":false},"excerpt":{"rendered":"<p>RB BERTOMEU, SL., con una trayectoria consolidada abre un proceso de evaluaci\u00f3n de propuestas para una posible alianza estrat\u00e9gica, traspaso de operaciones o incorporaci\u00f3n de nuevos inversores. La empresa cuenta con: \u2022 Infraestructura industrial en funcionamiento\u2022 Equipamiento y tecnolog\u00eda en condiciones \u00f3ptimas\u2022 F\u00e1brica establecida en Espa\u00f1a (Europa) a 2h del puerto de Barcelona. Muy conveniente [&hellip;]<\/p>\n","protected":false},"author":1,"featured_media":0,"parent":0,"menu_order":0,"comment_status":"closed","ping_status":"closed","template":"","meta":{"_et_pb_use_builder":"on","_et_pb_old_content":"","_et_gb_content_width":"","footnotes":""},"class_list":["post-3970","page","type-page","status-publish","hentry"],"_links":{"self":[{"href":"https:\/\/rbbertomeu.es\/newmarkets\/wp-json\/wp\/v2\/pages\/3970","targetHints":{"allow":["GET"]}}],"collection":[{"href":"https:\/\/rbbertomeu.es\/newmarkets\/wp-json\/wp\/v2\/pages"}],"about":[{"href":"https:\/\/rbbertomeu.es\/newmarkets\/wp-json\/wp\/v2\/types\/page"}],"author":[{"embeddable":true,"href":"https:\/\/rbbertomeu.es\/newmarkets\/wp-json\/wp\/v2\/users\/1"}],"replies":[{"embeddable":true,"href":"https:\/\/rbbertomeu.es\/newmarkets\/wp-json\/wp\/v2\/comments?post=3970"}],"version-history":[{"count":24,"href":"https:\/\/rbbertomeu.es\/newmarkets\/wp-json\/wp\/v2\/pages\/3970\/revisions"}],"predecessor-version":[{"id":4001,"href":"https:\/\/rbbertomeu.es\/newmarkets\/wp-json\/wp\/v2\/pages\/3970\/revisions\/4001"}],"wp:attachment":[{"href":"https:\/\/rbbertomeu.es\/newmarkets\/wp-json\/wp\/v2\/media?parent=3970"}],"curies":[{"name":"wp","href":"https:\/\/api.w.org\/{rel}","templated":true}]}}