{"id":3362,"date":"2025-02-06T21:52:13","date_gmt":"2025-02-06T19:52:13","guid":{"rendered":"https:\/\/rbbertomeu.es\/newmarkets\/?page_id=3362"},"modified":"2025-04-30T18:25:52","modified_gmt":"2025-04-30T16:25:52","slug":"distributeurs","status":"publish","type":"page","link":"https:\/\/rbbertomeu.es\/newmarkets\/fr\/distributeurs\/","title":{"rendered":"DISTRIBUTEURS"},"content":{"rendered":"<p>[et_pb_section fb_built=\u00bb1&#8243; custom_padding_last_edited=\u00bbon|tablet\u00bb admin_label=\u00bbQuiere ser distribuidor ?\u00bb _builder_version=\u00bb4.16&#8243; transform_scale=\u00bb84%|84%\u00bb module_alignment=\u00bbcenter\u00bb custom_padding=\u00bb80px|0px|80px|0px|true|false\u00bb custom_padding_tablet=\u00bb60px||60px||true\u00bb custom_padding_phone=\u00bb\u00bb collapsed=\u00bboff\u00bb global_colors_info=\u00bb{}\u00bb][et_pb_row _builder_version=\u00bb4.16&#8243; width=\u00bb84%\u00bb module_alignment=\u00bbcenter\u00bb custom_margin=\u00bb|435px||366px||\u00bb custom_padding=\u00bb|41px||||\u00bb locked=\u00bboff\u00bb global_colors_info=\u00bb{}\u00bb][et_pb_column type=\u00bb4_4&#8243; _builder_version=\u00bb4.16&#8243; transform_scale=\u00bb140%|140%\u00bb custom_padding=\u00bb|||\u00bb global_colors_info=\u00bb{}\u00bb custom_padding__hover=\u00bb|||\u00bb][et_pb_text admin_label=\u00bbTitle\u00bb _builder_version=\u00bb4.27.2&#8243; text_font=\u00bbLato||||||||\u00bb text_font_size=\u00bb20px\u00bb text_line_height=\u00bb1.8em\u00bb header_font=\u00bb||||||||\u00bb header_2_font=\u00bbTeko||||||||\u00bb header_2_font_size=\u00bb96px\u00bb text_orientation=\u00bbcenter\u00bb max_width=\u00bb721px\u00bb module_alignment=\u00bbcenter\u00bb custom_margin=\u00bb|-3px|0px|143px||\u00bb custom_padding=\u00bb|0px||0px||\u00bb header_2_font_size_tablet=\u00bb66px\u00bb header_2_font_size_phone=\u00bb36px\u00bb header_2_font_size_last_edited=\u00bbon|phone\u00bb global_colors_info=\u00bb{}\u00bb transform_translate__hover_enabled=\u00bboff|desktop\u00bb transform_rotate__hover_enabled=\u00bboff|desktop\u00bb transform_skew__hover_enabled=\u00bboff|desktop\u00bb transform_origin__hover_enabled=\u00bboff|desktop\u00bb]<\/p>\n<h2 style=\"text-align: center;\">Voulez-vous \u00eatre distributeur?<\/h2>\n<p style=\"text-align: center;\"><strong>Entreprise NATIONALE \/ INTERNATIONALE<\/strong>, vous avez maintenant la possibilit\u00e9 de rejoindre le r\u00e9seau de concessionnaires\u00a0<strong>\u201crb bertomeu\u201d<\/strong>.<br \/>Offrez \u00e0 vos clients un produit de haute qualit\u00e9 Approuv\u00e9 par\u00a0<a href=\"https:\/\/rbbertomeu.es\/htmlish\/REFERENCIAS_ISH\/deutz_ish.htm\" target=\"_blank\" rel=\"noopener\"><u><strong>DEUTZ Moteurs<\/strong><\/u><\/a>, <a href=\"https:\/\/rbbertomeu.es\/htmlish\/nato.htm\" target=\"_blank\" rel=\"noopener\"><u><strong>cod\u00e9 par l&#8217;OTAN<\/strong><\/u><\/a>, utilis\u00e9 dans les gros moteurs\u00a0<strong>W\u00e4rts\u00efla, MAN, Caterpillar, MaK<\/strong> et dans les moteurs Diesel de <a href=\"https:\/\/rbbertomeu.es\/htmlish\/referencias_ish.htm\" target=\"_blank\" rel=\"noopener\"><u><strong>toutes marques<\/strong><\/u><\/a> depuis <strong><span style=\"color: #e31b1b;\">30 ans.<\/span><\/strong><\/p>\n<p>[\/et_pb_text][\/et_pb_column][\/et_pb_row][\/et_pb_section][et_pb_section fb_built=\u00bb1&#8243; make_equal=\u00bbon\u00bb use_custom_gutter=\u00bbon\u00bb gutter_width=\u00bb1&#8243; specialty=\u00bbon\u00bb next_background_color=\u00bb#ffffff\u00bb background_color_2=\u00bb#c10f1b\u00bb padding_top_1=\u00bb150px\u00bb padding_top_2=\u00bb150px\u00bb padding_right_1=\u00bb60px\u00bb padding_right_2=\u00bb10%\u00bb padding_bottom_1=\u00bb150px\u00bb padding_bottom_2=\u00bb150px\u00bb padding_left_1=\u00bb10%\u00bb padding_left_2=\u00bb60px\u00bb padding_top_bottom_link_1=\u00bbtrue\u00bb padding_top_bottom_link_2=\u00bbtrue\u00bb padding_1_tablet=\u00bb|0%||0%||true\u00bb padding_2_tablet=\u00bb40px|10%|100px|10%||true\u00bb padding_1_phone=\u00bb\u00bb padding_2_phone=\u00bb\u00bb padding_1_last_edited=\u00bbon|desktop\u00bb padding_2_last_edited=\u00bbon|desktop\u00bb module_class=\u00bb et_pb_specialty_fullwidth\u00bb _builder_version=\u00bb4.16&#8243; use_background_color_gradient=\u00bbon\u00bb background_color_gradient_stops=\u00bbrgba(24,30,36,0.9) 0%|rgba(213,26,39,0.69) 100%\u00bb background_color_gradient_overlays_image=\u00bbon\u00bb background_color_gradient_start=\u00bbrgba(24,30,36,0.9)\u00bb background_color_gradient_end=\u00bbrgba(213,26,39,0.69)\u00bb background_image=\u00bbhttps:\/\/rbbertomeu.es\/newmarkets\/wp-content\/uploads\/2021\/07\/car-dealer-34.jpg\u00bb inner_width=\u00bb100%\u00bb inner_width_tablet=\u00bb100%\u00bb inner_width_phone=\u00bb\u00bb inner_width_last_edited=\u00bbon|desktop\u00bb inner_max_width=\u00bb100%\u00bb inner_max_width_tablet=\u00bb100%\u00bb inner_max_width_phone=\u00bb\u00bb inner_max_width_last_edited=\u00bbon|desktop\u00bb custom_padding=\u00bb0px||0px||true\u00bb bottom_divider_style=\u00bbarrow\u00bb bottom_divider_arrangement=\u00bbabove_content\u00bb animation_style=\u00bbslide\u00bb animation_direction=\u00bbbottom\u00bb animation_intensity_slide=\u00bb4%\u00bb animation_starting_opacity=\u00bb100%\u00bb box_shadow_style=\u00bbpreset7&#8243; box_shadow_horizontal=\u00bb0px\u00bb box_shadow_vertical=\u00bb80px\u00bb box_shadow_color=\u00bb#ffffff\u00bb make_fullwidth=\u00bbon\u00bb saved_tabs=\u00bball\u00bb collapsed=\u00bboff\u00bb global_colors_info=\u00bb{}\u00bb][et_pb_column type=\u00bb1_2&#8243; specialty_columns=\u00bb2&#8243; _builder_version=\u00bb4.16&#8243; custom_padding=\u00bb|||\u00bb global_colors_info=\u00bb{}\u00bb padding_tablet=\u00bb|0%||0%||true\u00bb padding_last_edited=\u00bbon|desktop\u00bb custom_padding__hover=\u00bb|||\u00bb padding_phone=\u00bb|0%||0%||true\u00bb][et_pb_row_inner _builder_version=\u00bb4.16&#8243; custom_padding=\u00bb0|0px|0|0px|true|false\u00bb global_colors_info=\u00bb{}\u00bb][et_pb_column_inner saved_specialty_column_type=\u00bb1_2&#8243; _builder_version=\u00bb4.16&#8243; custom_padding=\u00bb|||\u00bb global_colors_info=\u00bb{}\u00bb custom_padding__hover=\u00bb|||\u00bb][et_pb_text admin_label=\u00bbGet In Touch Title\u00bb _builder_version=\u00bb4.25.1&#8243; text_font=\u00bbLato||||||||\u00bb text_font_size=\u00bb22px\u00bb text_line_height=\u00bb1.8em\u00bb header_font=\u00bb||||||||\u00bb header_2_font=\u00bbTeko||||||||\u00bb header_2_font_size=\u00bb96px\u00bb background_layout=\u00bbdark\u00bb custom_margin=\u00bb|||\u00bb header_2_font_size_tablet=\u00bb66px\u00bb header_2_font_size_phone=\u00bb36px\u00bb header_2_font_size_last_edited=\u00bbon|phone\u00bb locked=\u00bboff\u00bb global_colors_info=\u00bb{}\u00bb]<\/p>\n<h2 style=\"text-align: center;\">Contacter<\/h2>\n<p>[\/et_pb_text][\/et_pb_column_inner][\/et_pb_row_inner][et_pb_row_inner use_custom_gutter=\u00bbon\u00bb gutter_width=\u00bb2&#8243; _builder_version=\u00bb4.16&#8243; module_alignment=\u00bbcenter\u00bb custom_margin=\u00bb|10px||10px|false|false\u00bb global_colors_info=\u00bb{}\u00bb][et_pb_column_inner saved_specialty_column_type=\u00bb1_2&#8243; _builder_version=\u00bb4.16&#8243; custom_padding=\u00bb|||\u00bb global_colors_info=\u00bb{}\u00bb custom_padding__hover=\u00bb|||\u00bb][et_pb_text admin_label=\u00bbAddress Title\u00bb _builder_version=\u00bb4.25.1&#8243; text_font=\u00bbLato||||||||\u00bb text_font_size=\u00bb18px\u00bb text_line_height=\u00bb1.8em\u00bb header_font=\u00bb||||||||\u00bb header_4_font=\u00bbTeko|500|||||||\u00bb header_4_font_size=\u00bb22px\u00bb background_layout=\u00bbdark\u00bb custom_margin=\u00bb|||\u00bb locked=\u00bboff\u00bb global_colors_info=\u00bb{}\u00bb]<\/p>\n<h4 style=\"text-align: center;\">Emplacement<\/h4>\n<p style=\"text-align: center;\">Pol. Ind. Fondo de Llitera<br \/><span style=\"font-size: 18px;\">C\/Ramaders, Parcela 82-83.<br \/>E-22520 Fraga (Huesca)<br \/>ESPAGNE<\/span><\/p>\n<h4 style=\"text-align: center;\">Courrier \u00e9lectronique<\/h4>\n<p style=\"text-align: center;\">newmarkets@rbbertomeu.com<\/p>\n<p>[\/et_pb_text][\/et_pb_column_inner][\/et_pb_row_inner][\/et_pb_column][et_pb_column type=\u00bb1_2&#8243; _builder_version=\u00bb4.16&#8243; background_color=\u00bb#c10f1b\u00bb custom_padding=\u00bb|||\u00bb global_colors_info=\u00bb{}\u00bb padding_tablet=\u00bb40px|10%|100px|10%||true\u00bb padding_last_edited=\u00bbon|desktop\u00bb custom_padding__hover=\u00bb|||\u00bb padding_phone=\u00bb40px|10%|100px|10%||true\u00bb][et_pb_contact_form email=\u00bbnewmarkets@rbbertomeu.com\u00bb title=\u00bbFormulaire\/Demande de devis\u00bb custom_message=\u00bbFORMULAIRE DE CONTACT DISTRIBUTEUR||et_pb_line_break_holder||||et_pb_line_break_holder||Nom: %%Name%%||et_pb_line_break_holder||Identification fiscale: %%NIF%%||et_pb_line_break_holder||Adresse: %%Direccion%%||et_pb_line_break_holder||Web: %%Web%%||et_pb_line_break_holder||Email: %%Email%%||et_pb_line_break_holder||Comentaires: %%Message%%||et_pb_line_break_holder||%%check-privacidad%%||et_pb_line_break_holder||||et_pb_line_break_holder||||et_pb_line_break_holder||\u00bb success_message=\u00bbMerci de nous avoir contact\u00e9, nous vous r\u00e9pondrons sous peu\u00bb submit_button_text=\u00bbENVOYER\u00bb module_id=\u00bbet_pb_contact_form_0&#8243; _builder_version=\u00bb4.27.2&#8243; _unique_id=\u00bbbe938ca6-a163-4e16-ad35-1395905e3fa6&#8243; form_field_background_color=\u00bbrgba(255,255,255,0.12)\u00bb form_field_text_color=\u00bb#ffffff\u00bb title_font=\u00bbTeko||||||||\u00bb title_text_color=\u00bb#ffffff\u00bb title_font_size=\u00bb40px\u00bb title_line_height=\u00bb1.2em\u00bb captcha_text_color=\u00bb#FFFFFF\u00bb captcha_font_size=\u00bb16px\u00bb form_field_font=\u00bbLato||||||||\u00bb form_field_font_size=\u00bb16px\u00bb custom_button=\u00bbon\u00bb button_text_color=\u00bb#c10f1b\u00bb button_bg_color=\u00bb#ffffff\u00bb button_border_width=\u00bb8px\u00bb button_border_color=\u00bb#ffffff\u00bb button_border_radius=\u00bb0px\u00bb button_letter_spacing=\u00bb4px\u00bb button_font=\u00bbTeko|||on|||||\u00bb button_icon=\u00bb&#x24;||divi||400&#8243; animation_style=\u00bbslide\u00bb animation_direction=\u00bbtop\u00bb animation_intensity_slide=\u00bb10%\u00bb hover_enabled=\u00bb0&#8243; custom_css_before=\u00bbcolor: blue\u00bb custom_css_main_element=\u00bbcolor: yellow\u00bb custom_css_after=\u00bbcolor: magenta\u00bb form_background_color=\u00bbrgba(255,255,255,0.12)\u00bb locked=\u00bboff\u00bb global_colors_info=\u00bb{}\u00bb sticky_enabled=\u00bb0&#8243;][et_pb_contact_field field_id=\u00bbName\u00bb field_title=\u00bbNom\u00bb fullwidth_field=\u00bbon\u00bb _builder_version=\u00bb4.25.1&#8243; global_colors_info=\u00bb{}\u00bb button_text_size__hover_enabled=\u00bboff\u00bb button_one_text_size__hover_enabled=\u00bboff\u00bb button_two_text_size__hover_enabled=\u00bboff\u00bb button_text_color__hover_enabled=\u00bboff\u00bb button_one_text_color__hover_enabled=\u00bboff\u00bb button_two_text_color__hover_enabled=\u00bboff\u00bb button_border_width__hover_enabled=\u00bboff\u00bb button_one_border_width__hover_enabled=\u00bboff\u00bb button_two_border_width__hover_enabled=\u00bboff\u00bb button_border_color__hover_enabled=\u00bboff\u00bb button_one_border_color__hover_enabled=\u00bboff\u00bb button_two_border_color__hover_enabled=\u00bboff\u00bb button_border_radius__hover_enabled=\u00bboff\u00bb button_one_border_radius__hover_enabled=\u00bboff\u00bb button_two_border_radius__hover_enabled=\u00bboff\u00bb button_letter_spacing__hover_enabled=\u00bboff\u00bb button_one_letter_spacing__hover_enabled=\u00bboff\u00bb button_two_letter_spacing__hover_enabled=\u00bboff\u00bb button_bg_color__hover_enabled=\u00bboff\u00bb button_one_bg_color__hover_enabled=\u00bboff\u00bb button_two_bg_color__hover_enabled=\u00bboff\u00bb][\/et_pb_contact_field][et_pb_contact_field field_id=\u00bbNIF\u00bb field_title=\u00bbIdentification fiscale\u00bb max_length=\u00bb15&#8243; fullwidth_field=\u00bbon\u00bb _builder_version=\u00bb4.27.2&#8243; _module_preset=\u00bbdefault\u00bb global_colors_info=\u00bb{}\u00bb][\/et_pb_contact_field][et_pb_contact_field field_id=\u00bbDireccion\u00bb field_title=\u00bbAdresse postale compl\u00e8te (le code postal est indispensable)\u00bb max_length=\u00bb100&#8243; fullwidth_field=\u00bbon\u00bb _builder_version=\u00bb4.27.2&#8243; _module_preset=\u00bbdefault\u00bb global_colors_info=\u00bb{}\u00bb][\/et_pb_contact_field][et_pb_contact_field field_id=\u00bbweb\u00bb field_title=\u00bbWeb\u00bb max_length=\u00bb100&#8243; required_mark=\u00bboff\u00bb fullwidth_field=\u00bbon\u00bb _builder_version=\u00bb4.27.2&#8243; _module_preset=\u00bbdefault\u00bb global_colors_info=\u00bb{}\u00bb][\/et_pb_contact_field][et_pb_contact_field field_id=\u00bbEmail\u00bb field_title=\u00bbCourrier \u00e9lectronique\u00bb field_type=\u00bbemail\u00bb fullwidth_field=\u00bbon\u00bb _builder_version=\u00bb4.25.1&#8243; global_colors_info=\u00bb{}\u00bb button_text_size__hover_enabled=\u00bboff\u00bb button_one_text_size__hover_enabled=\u00bboff\u00bb button_two_text_size__hover_enabled=\u00bboff\u00bb button_text_color__hover_enabled=\u00bboff\u00bb button_one_text_color__hover_enabled=\u00bboff\u00bb button_two_text_color__hover_enabled=\u00bboff\u00bb button_border_width__hover_enabled=\u00bboff\u00bb button_one_border_width__hover_enabled=\u00bboff\u00bb button_two_border_width__hover_enabled=\u00bboff\u00bb button_border_color__hover_enabled=\u00bboff\u00bb button_one_border_color__hover_enabled=\u00bboff\u00bb button_two_border_color__hover_enabled=\u00bboff\u00bb button_border_radius__hover_enabled=\u00bboff\u00bb button_one_border_radius__hover_enabled=\u00bboff\u00bb button_two_border_radius__hover_enabled=\u00bboff\u00bb button_letter_spacing__hover_enabled=\u00bboff\u00bb button_one_letter_spacing__hover_enabled=\u00bboff\u00bb button_two_letter_spacing__hover_enabled=\u00bboff\u00bb button_bg_color__hover_enabled=\u00bboff\u00bb button_one_bg_color__hover_enabled=\u00bboff\u00bb button_two_bg_color__hover_enabled=\u00bboff\u00bb][\/et_pb_contact_field][et_pb_contact_field field_id=\u00bbPacks\u00bb field_title=\u00bbPack que m&#8217;int\u00e9resse\u00bb field_type=\u00bbradio\u00bb radio_options=\u00bb%91{%22value%22:%22Pack de 12 bouteilles de 1L \u00e0 double goulot\/doseur%22,%22checked%22:0,%22dragID%22:-1},{%22value%22:%22Pack de 12 bouteilles cylindriques de 1L avec gobelet doseur%22,%22checked%22:0,%22dragID%22:0},{%22value%22:%22Pack de 10 bouteilles cylindriques de 1L + 10 doseurs double goulot (250ml)%22,%22checked%22:0,%22dragID%22:1},{%22value%22:%22Pack de 4 jerricans de 5L avec 4 gobelets doseurs%22,%22checked%22:0,%22dragID%22:2},{%22value%22:%22Baril m\u00e9tallique de 208 L \/ 187 kg net, palettis\u00e9%22,%22checked%22:0,%22dragID%22:3}%93&#8243; fullwidth_field=\u00bbon\u00bb _builder_version=\u00bb4.27.2&#8243; _module_preset=\u00bbdefault\u00bb custom_css_main_element=\u00bbcolor: white;  ||font-size: 16px;||text-decoration-line: underline;||\u00bb global_colors_info=\u00bb{}\u00bb][\/et_pb_contact_field][et_pb_contact_field field_id=\u00bbOffre\u00bb field_title=\u00bbIndiquez les unit\u00e9s du pack pour lesquelles vous souhaitez recevoir devis\u00bb max_length=\u00bb3&#8243; allowed_symbols=\u00bbnumbers\u00bb fullwidth_field=\u00bbon\u00bb _builder_version=\u00bb4.27.2&#8243; _module_preset=\u00bbdefault\u00bb global_colors_info=\u00bb{}\u00bb][\/et_pb_contact_field][et_pb_contact_field field_id=\u00bbMessage\u00bb field_title=\u00bbCommentaires ou demandes de renseignements\u00bb field_type=\u00bbtext\u00bb fullwidth_field=\u00bbon\u00bb _builder_version=\u00bb4.27.2&#8243; global_colors_info=\u00bb{}\u00bb button_text_size__hover_enabled=\u00bboff\u00bb button_one_text_size__hover_enabled=\u00bboff\u00bb button_two_text_size__hover_enabled=\u00bboff\u00bb button_text_color__hover_enabled=\u00bboff\u00bb button_one_text_color__hover_enabled=\u00bboff\u00bb button_two_text_color__hover_enabled=\u00bboff\u00bb button_border_width__hover_enabled=\u00bboff\u00bb button_one_border_width__hover_enabled=\u00bboff\u00bb button_two_border_width__hover_enabled=\u00bboff\u00bb button_border_color__hover_enabled=\u00bboff\u00bb button_one_border_color__hover_enabled=\u00bboff\u00bb button_two_border_color__hover_enabled=\u00bboff\u00bb button_border_radius__hover_enabled=\u00bboff\u00bb button_one_border_radius__hover_enabled=\u00bboff\u00bb button_two_border_radius__hover_enabled=\u00bboff\u00bb button_letter_spacing__hover_enabled=\u00bboff\u00bb button_one_letter_spacing__hover_enabled=\u00bboff\u00bb button_two_letter_spacing__hover_enabled=\u00bboff\u00bb button_bg_color__hover_enabled=\u00bboff\u00bb button_one_bg_color__hover_enabled=\u00bboff\u00bb button_two_bg_color__hover_enabled=\u00bboff\u00bb][\/et_pb_contact_field][et_pb_contact_field field_id=\u00bbcheck-privacidad\u00bb field_title=\u00bb \u00bb field_type=\u00bbcheckbox\u00bb checkbox_options=\u00bb%91{%22value%22:%22J&#8217;accepte la politique de confidencialit\u00e9 (en Espagnol)%22,%22checked%22:0,%22dragID%22:-1,%22link_url%22:%22https:\/\/rbbertomeu.es\/newmarkets\/politica-de-privacidad\/%22}%93&#8243; fullwidth_field=\u00bbon\u00bb _builder_version=\u00bb4.27.2&#8243; _module_preset=\u00bbdefault\u00bb global_colors_info=\u00bb{}\u00bb][\/et_pb_contact_field][\/et_pb_contact_form][\/et_pb_column][\/et_pb_section]<\/p>\n","protected":false},"excerpt":{"rendered":"<p>Voulez-vous \u00eatre distributeur? Entreprise NATIONALE \/ INTERNATIONALE, vous avez maintenant la possibilit\u00e9 de rejoindre le r\u00e9seau de concessionnaires\u00a0\u201crb bertomeu\u201d.Offrez \u00e0 vos clients un produit de haute qualit\u00e9 Approuv\u00e9 par\u00a0DEUTZ Moteurs, cod\u00e9 par l&#8217;OTAN, utilis\u00e9 dans les gros moteurs\u00a0W\u00e4rts\u00efla, MAN, Caterpillar, MaK et dans les moteurs Diesel de toutes marques depuis 30 ans.ContacterEmplacement Pol. Ind. Fondo [&hellip;]<\/p>\n","protected":false},"author":1,"featured_media":0,"parent":0,"menu_order":0,"comment_status":"closed","ping_status":"closed","template":"","meta":{"_et_pb_use_builder":"on","_et_pb_old_content":"","_et_gb_content_width":"","footnotes":""},"class_list":["post-3362","page","type-page","status-publish","hentry"],"_links":{"self":[{"href":"https:\/\/rbbertomeu.es\/newmarkets\/wp-json\/wp\/v2\/pages\/3362","targetHints":{"allow":["GET"]}}],"collection":[{"href":"https:\/\/rbbertomeu.es\/newmarkets\/wp-json\/wp\/v2\/pages"}],"about":[{"href":"https:\/\/rbbertomeu.es\/newmarkets\/wp-json\/wp\/v2\/types\/page"}],"author":[{"embeddable":true,"href":"https:\/\/rbbertomeu.es\/newmarkets\/wp-json\/wp\/v2\/users\/1"}],"replies":[{"embeddable":true,"href":"https:\/\/rbbertomeu.es\/newmarkets\/wp-json\/wp\/v2\/comments?post=3362"}],"version-history":[{"count":15,"href":"https:\/\/rbbertomeu.es\/newmarkets\/wp-json\/wp\/v2\/pages\/3362\/revisions"}],"predecessor-version":[{"id":3937,"href":"https:\/\/rbbertomeu.es\/newmarkets\/wp-json\/wp\/v2\/pages\/3362\/revisions\/3937"}],"wp:attachment":[{"href":"https:\/\/rbbertomeu.es\/newmarkets\/wp-json\/wp\/v2\/media?parent=3362"}],"curies":[{"name":"wp","href":"https:\/\/api.w.org\/{rel}","templated":true}]}}