{"id":3168,"date":"2025-01-09T21:01:26","date_gmt":"2025-01-09T19:01:26","guid":{"rendered":"https:\/\/rbbertomeu.es\/newmarkets\/?page_id=3168"},"modified":"2025-01-09T21:24:10","modified_gmt":"2025-01-09T19:24:10","slug":"politica-de-cookies-2","status":"publish","type":"page","link":"https:\/\/rbbertomeu.es\/newmarkets\/pt\/politica-de-cookies-2\/","title":{"rendered":"Pol\u00edtica de cookies"},"content":{"rendered":"\r\n<p>&nbsp;<\/p>\r\n<p>Este site utiliza cookies pr\u00f3prias e de terceiros para oferecer uma melhor experi\u00eancia e servi\u00e7o. Ao navegar ou utilizar os nossos servi\u00e7os, o utilizador aceita o uso que fazemos das cookies. No entanto, o utilizador tem a op\u00e7\u00e3o de impedir a cria\u00e7\u00e3o de cookies e a elimina\u00e7\u00e3o das mesmas.<\/p>\r\n<p>&nbsp;<\/p>\r\n<p><strong>O QUE \u00c9 UMA COOKIE?<\/strong><\/p>\r\n<p>Uma cookie \u00e9 um pequeno fragmento de texto que os sites enviam para o navegador e que ficam armazenados no dispositivo do utilizador, como um computador pessoal, telem\u00f3vel, tablet, etc. Estes ficheiros permitem que o site lembre informa\u00e7\u00f5es sobre a sua visita, como o idioma e as op\u00e7\u00f5es preferidas, o que pode facilitar a sua pr\u00f3xima visita e tornar o site mais \u00fatil ao personalizar o seu conte\u00fado. As cookies desempenham um papel muito importante, pois melhoram a experi\u00eancia de navega\u00e7\u00e3o no site.<\/p>\r\n<p><strong>\u00a0<\/strong><\/p>\r\n<p><strong>TIPOS DE COOKIES<\/strong><\/p>\r\n<p>De acordo com a entidade que as gere, as cookies podem ser:<\/p>\r\n<ul>\r\n<li><strong>Cookies pr\u00f3prias<\/strong>: S\u00e3o aquelas que s\u00e3o enviadas para o dispositivo do utilizador a partir de um equipamento ou dom\u00ednio gerido pelo pr\u00f3prio editor e a partir do qual \u00e9 prestado o servi\u00e7o solicitado pelo utilizador.<\/li>\r\n<li><strong>Cookies de terceiros<\/strong>: S\u00e3o aquelas que s\u00e3o enviadas para o dispositivo do utilizador a partir de um equipamento ou dom\u00ednio que n\u00e3o \u00e9 gerido pelo editor, mas sim por outra entidade que processa os dados obtidos atrav\u00e9s das cookies.<\/li>\r\n<\/ul>\r\n<p>&nbsp;<\/p>\r\n<p>De acordo com o tempo durante o qual permanecem ativadas:<\/p>\r\n<ul>\r\n<li><strong>Cookies de sess\u00e3o<\/strong>: S\u00e3o um tipo de cookies projetadas para recolher e armazenar dados enquanto o utilizador acede a uma p\u00e1gina web. Normalmente, s\u00e3o usadas para armazenar informa\u00e7\u00f5es que s\u00f3 s\u00e3o necess\u00e1rias para a presta\u00e7\u00e3o do servi\u00e7o solicitado pelo utilizador uma \u00fanica vez.<\/li>\r\n<li><strong>Cookies persistentes<\/strong>: S\u00e3o um tipo de cookies em que os dados permanecem armazenados no dispositivo e podem ser acessados e processados durante um per\u00edodo definido pelo respons\u00e1vel pela cookie, que pode variar de minutos a v\u00e1rios anos.<\/li>\r\n<\/ul>\r\n<p>&nbsp;<\/p>\r\n<p><strong>De acordo com a finalidade para a qual os dados obtidos atrav\u00e9s das cookies s\u00e3o tratados, o site pode utilizar:<\/strong><\/p>\r\n<p><strong><em>Cookies t\u00e9cnicas \u2013\u00a0<\/em><\/strong> S\u00e3o aquelas que permitem ao utilizador a navega\u00e7\u00e3o atrav\u00e9s da p\u00e1gina web ou aplica\u00e7\u00e3o e o uso das diferentes op\u00e7\u00f5es ou servi\u00e7os que nela existem. Por exemplo, controlar o tr\u00e1fego e a comunica\u00e7\u00e3o de dados, identificar a sess\u00e3o, aceder \u00e0s partes restritas do site, lembrar os elementos que fazem parte de uma encomenda, realizar o pedido de inscri\u00e7\u00e3o ou participa\u00e7\u00e3o em um evento, utilizar elementos de seguran\u00e7a durante a navega\u00e7\u00e3o e armazenar conte\u00fados para a difus\u00e3o de v\u00eddeos ou \u00e1udio.<\/p>\r\n<p><strong><em>Cookies de personaliza\u00e7\u00e3o \u2013\u00a0<\/em><\/strong> S\u00e3o aquelas que permitem ao utilizador aceder ao servi\u00e7o com algumas caracter\u00edsticas gerais predefinidas no seu dispositivo ou que o pr\u00f3prio utilizador define. Por exemplo, o idioma, o tipo de navegador utilizado para aceder ao servi\u00e7o, o design do conte\u00fado selecionado, geolocaliza\u00e7\u00e3o do dispositivo e a configura\u00e7\u00e3o regional a partir da qual o servi\u00e7o \u00e9 acedido.<\/p>\r\n<p><strong><em>Cookies publicit\u00e1rias \u2013\u00a0<\/em><\/strong> S\u00e3o aquelas que permitem a gest\u00e3o eficaz dos espa\u00e7os publicit\u00e1rios que foram inclu\u00eddos no site ou aplica\u00e7\u00e3o a partir da qual o servi\u00e7o \u00e9 prestado. Permitem adequar o conte\u00fado da publicidade para que esta seja relevante para o utilizador e evitar a exibi\u00e7\u00e3o de an\u00fancios que o utilizador j\u00e1 tenha visto.<\/p>\r\n<p><strong><em>Cookies de an\u00e1lise estat\u00edstica \u2013\u00a0<\/em><\/strong> S\u00e3o aquelas que permitem acompanhar e analisar o comportamento dos utilizadores nos sites. A informa\u00e7\u00e3o recolhida por meio dessas cookies \u00e9 utilizada na medi\u00e7\u00e3o da atividade dos sites, aplica\u00e7\u00f5es ou plataformas e para a elabora\u00e7\u00e3o de perfis de navega\u00e7\u00e3o dos utilizadores desses sites, com o objetivo de introduzir melhorias no servi\u00e7o com base nos dados de uso dos utilizadores.<\/p>\r\n<p><strong>As cookies utilizadas neste site podem ser visualizadas no <em><u>painel de configura\u00e7\u00e3o<\/u><\/em> e a sua configura\u00e7\u00e3o pode ser ajustada a qualquer momento.<\/strong><\/p>\r\n<p><strong>A identifica\u00e7\u00e3o de quem utiliza as cookies, o tipo de cookies utilizadas e outros detalhes<\/strong>, \u00e9 indicada a seguir:<\/p>\r\n<p>&nbsp;<\/p>\r\n<table style=\"width: 1311px;\">\r\n<tbody>\r\n<tr>\r\n<td style=\"width: 1311px;\" colspan=\"3\"><strong>Cookies pr\u00f3prias<\/strong><\/td>\r\n<\/tr>\r\n<tr>\r\n<td style=\"width: 135px;\">\r\n<p><strong>Cookies<\/strong>\u00a0<\/p>\r\n<\/td>\r\n<td style=\"width: 556px;\"><strong>Prop\u00f3sito<\/strong><\/td>\r\n<td style=\"width: 620px;\"><strong>Per\u00edodo de conserva\u00e7\u00e3o<\/strong><\/td>\r\n<\/tr>\r\n<tr>\r\n<td style=\"width: 135px;\">CookieConsent<\/td>\r\n<td style=\"width: 556px;\">Armazena o estado de consentimento das cookies do utilizador para o dom\u00ednio atual<\/td>\r\n<td style=\"width: 620px;\">1 ano<\/td>\r\n<\/tr>\r\n<tr>\r\n<td style=\"width: 135px;\">test_cookie<\/td>\r\n<td style=\"width: 556px;\">Usada para verificar se o navegador do utilizador aceita cookies.<\/td>\r\n<td style=\"width: 620px;\">1 dia<\/td>\r\n<\/tr>\r\n<tr>\r\n<td style=\"width: 135px;\">CONSENT<\/td>\r\n<td style=\"width: 556px;\">Usada para detectar se o visitante aceitou a categoria de marketing no banner de cookies. Esta cookie \u00e9 necess\u00e1ria para que o site cumpra com o RGPD.<\/td>\r\n<td style=\"width: 620px;\">5917 dias<\/td>\r\n<\/tr>\r\n<tr>\r\n<td style=\"width: 135px;\">pll_language<\/td>\r\n<td style=\"width: 556px;\" width=\"461\">Esta cookie \u00e9 usada para determinar o idioma preferido do visitante e configura o idioma de acordo no site, se poss\u00edvel.<\/td>\r\n<td style=\"width: 620px;\">1 ano<\/td>\r\n<\/tr>\r\n<tr>\r\n<td style=\"width: 135px;\">\u00a0<\/td>\r\n<td style=\"width: 556px;\">\u00a0<\/td>\r\n<td style=\"width: 620px;\">\u00a0<\/td>\r\n<\/tr>\r\n<\/tbody>\r\n<\/table>\r\n<p>&nbsp;<\/p>\r\n<table>\r\n<tbody>\r\n<tr>\r\n<td colspan=\"4\"><strong>Cookies de terceiros<\/strong><\/td>\r\n<\/tr>\r\n<tr>\r\n<td>\r\n<p><strong>Cookies<\/strong>\u00a0<\/p>\r\n<p><strong>\u00a0<\/strong><\/p>\r\n<\/td>\r\n<td><strong>Entidade que utiliza as cookies<\/strong><\/td>\r\n<td><strong>Prop\u00f3sito<\/strong><\/td>\r\n<td><strong>Mais informa\u00e7\u00f5es<\/strong><\/td>\r\n<\/tr>\r\n<tr>\r\n<td>\u00a0<\/td>\r\n<td>Google Analytics<\/td>\r\n<td>Recolher informa\u00e7\u00f5es sobre a navega\u00e7\u00e3o dos utilizadores pelo site com o objetivo de conhecer a origem das visitas e outros dados semelhantes a n\u00edvel estat\u00edstico.<\/td>\r\n<td>\r\n<p><a href=\"https:\/\/developers.google.com\/analytics\/devguides\/collection\/analyticsjs\/cookie-usage\">Google Analytics<\/a>\u00a0<\/p>\r\n<p><a href=\"http:\/\/www.google.com\/intl\/pt\/privacy.html\">Centro de privacidade do Google<\/a><\/p>\r\n<\/td>\r\n<\/tr>\r\n<\/tbody>\r\n<\/table>\r\n<table width=\"1137\">\r\n<tbody>\r\n<tr>\r\n<td>Selecionar cookielawinfo-checkbox-others<\/td>\r\n<td data-colname=\"Categoria\">Necess\u00e1rias<\/td>\r\n<td data-colname=\"Dura\u00e7\u00e3o\">11 meses<\/td>\r\n<td data-colname=\"ID\">cookielawinfo-checkbox-others<\/td>\r\n<td data-colname=\"Descri\u00e7\u00e3o\">Esta cookie \u00e9 configurada pelo plugin de consentimento de cookies do RGPD. A cookie \u00e9 utilizada para armazenar o consentimento do utilizador para as cookies na categoria \u00abOutro\u00bb.<\/td>\r\n<\/tr>\r\n<tr>\r\n<td>Selecionar cookielawinfo-checkbox-analytics<\/td>\r\n<td data-colname=\"Categoria\">Necess\u00e1rias<\/td>\r\n<td data-colname=\"Dura\u00e7\u00e3o\">11 meses<\/td>\r\n<td data-colname=\"ID\">cookielawinfo-checkbox-analytics<\/td>\r\n<td data-colname=\"Descri\u00e7\u00e3o\">Esta cookie \u00e9 configurada pelo plugin de consentimento de cookies do RGPD. A cookie \u00e9 utilizada para armazenar o consentimento do utilizador para as cookies na categoria \u00abAn\u00e1lise\u00bb.<\/td>\r\n<\/tr>\r\n<tr>\r\n<td>Selecionar cookielawinfo-checkbox-performance<\/td>\r\n<td data-colname=\"Categoria\">Necess\u00e1rias<\/td>\r\n<td data-colname=\"Dura\u00e7\u00e3o\">11 meses<\/td>\r\n<td data-colname=\"ID\">cookielawinfo-checkbox-performance<\/td>\r\n<td data-colname=\"Descri\u00e7\u00e3o\">Esta cookie \u00e9 configurada pelo plugin de consentimento de cookies do RGPD. A cookie \u00e9 utilizada para armazenar o consentimento do utilizador para as cookies na categoria \u00abDesempenho\u00bb.<\/td>\r\n<\/tr>\r\n<tr>\r\n<td>Selecionar cookielawinfo-checkbox-functional<\/td>\r\n<td data-colname=\"Categoria\">Necess\u00e1rias<\/td>\r\n<td data-colname=\"Dura\u00e7\u00e3o\">11 meses<\/td>\r\n<td data-colname=\"ID\">cookielawinfo-checkbox-functional<\/td>\r\n<td data-colname=\"Descri\u00e7\u00e3o\">A cookie \u00e9 configurada pelo consentimento de cookies do RGPD para registrar o consentimento do utilizador para as cookies na categoria \u00abFuncionais\u00bb.<\/td>\r\n<\/tr>\r\n<tr>\r\n<td>Selecionar cookielawinfo-checkbox-necessary<\/td>\r\n<td data-colname=\"Categoria\">Necess\u00e1rias<\/td>\r\n<td data-colname=\"Dura\u00e7\u00e3o\">11 meses<\/td>\r\n<td data-colname=\"ID\">cookielawinfo-checkbox-necessary<\/td>\r\n<td data-colname=\"Descri\u00e7\u00e3o\">Esta cookie \u00e9 configurada pelo plugin de consentimento de cookies do RGPD. As cookies s\u00e3o usadas para armazenar o consentimento do utilizador para as cookies na categoria \u00abNecess\u00e1rias\u00bb.<\/td>\r\n<\/tr>\r\n<tr>\r\n<td>Selecionar viewed_cookie_policy<\/td>\r\n<td data-colname=\"Categoria\">Necess\u00e1rias<\/td>\r\n<td data-colname=\"Dura\u00e7\u00e3o\">11 meses<\/td>\r\n<td data-colname=\"ID\">viewed_cookie_policy<\/td>\r\n<td data-colname=\"Descri\u00e7\u00e3o\">A cookie \u00e9 configurada pelo plugin de consentimento de cookies do RGPD e \u00e9 utilizada para armazenar se o utilizador deu ou n\u00e3o consentimento para o uso de cookies. N\u00e3o armazena qualquer dado pessoal.<\/td>\r\n<\/tr>\r\n<\/tbody>\r\n<\/table>\r\n<p>Pode informar-se sobre as transfer\u00eancias para pa\u00edses terceiros que, quando aplic\u00e1vel, s\u00e3o realizadas pelos terceiros identificados nesta pol\u00edtica de cookies nas respetivas pol\u00edticas (ver os links fornecidos na se\u00e7\u00e3o \u201cMais informa\u00e7\u00f5es\u201d da tabela acima). Nota: As cookies de tipo \u00abPr\u00f3prias\u00bb s\u00e3o usadas apenas pelo propriet\u00e1rio deste site e as cookies \u00abDe terceiros\u00bb s\u00e3o usadas tamb\u00e9m pelo prestador do servi\u00e7o que est\u00e1 detalhado na tabela acima.<\/p>\r\n<p><strong>COMO GERIR AS COOKIES NO NAVEGADOR?<\/strong><\/p>\r\n<p>O utilizador tem a op\u00e7\u00e3o de permitir, bloquear ou eliminar as cookies instaladas no seu dispositivo atrav\u00e9s das op\u00e7\u00f5es de configura\u00e7\u00e3o do navegador instalado no seu terminal:<\/p>\r\n<ul>\r\n<li><strong>Firefox<\/strong>: \u00a0<a href=\"http:\/\/support.mozilla.org\/pt\/kb\/habilitar-e-deshabilitar-cookies-que-os-sites-we\">http:\/\/support.mozilla.org\/pt\/kb\/habilitar-e-deshabilitar-cookies-que-os-sites-we<\/a><\/li>\r\n<li><strong>Chrome<\/strong>: \u00a0<a href=\"http:\/\/support.google.com\/chrome\/bin\/answer.py?hl=pt&amp;answer=95647\">http:\/\/support.google.com\/chrome\/bin\/answer.py?hl=pt&amp;answer=95647<\/a><\/li>\r\n<li><strong>Internet Explorer<\/strong>:\u00a0\u00a0<a href=\"https:\/\/support.microsoft.com\/pt-pt\/help\/278835\/how-to-delete-cookie-files-in-internet-explorer\">https:\/\/support.microsoft.com\/pt-pt\/help\/278835\/how-to-delete-cookie-files-in-internet-explorer<\/a><\/li>\r\n<li><strong>Microsoft Edge: \u00a0<\/strong><a href=\"https:\/\/support.microsoft.com\/pt-pt\/help\/4468242\/microsoft-edge-browsing-data-and-privacy-microsoft-privacy\">https:\/\/support.microsoft.com\/pt-pt\/help\/4468242\/microsoft-edge-browsing-data-and-privacy-microsoft-privacy<\/a><\/li>\r\n<li><strong>Safari<\/strong>: \u00a0<a href=\"http:\/\/support.apple.com\/kb\/ph5042\">http:\/\/support.apple.com\/kb\/ph5042<\/a><\/li>\r\n<li><strong>Opera<\/strong>: \u00a0<a href=\"http:\/\/help.opera.com\/Windows\/11.50\/pt-PT\/cookies.html\">http:\/\/help.opera.com\/Windows\/11.50\/pt-PT\/cookies.html<\/a><\/li>\r\n<\/ul>\r\n<p>&nbsp;<\/p>\r\n<p>Se bloquear o uso de cookies no seu navegador, alguns servi\u00e7os ou funcionalidades do site poder\u00e3o n\u00e3o estar dispon\u00edveis.<\/p>\r\n<p>Em alguns navegadores, pode configurar regras espec\u00edficas para gerir cookies por site web, o que oferece um controlo mais preciso sobre a privacidade. Isto significa que pode desativar as cookies de todos os sites, exceto daqueles em que confia.<\/p>\r\n<p>&nbsp;<\/p>\r\n<p>&nbsp;<\/p>\r\n<p>&nbsp;<\/p>\r\n<p>&nbsp;<\/p>\r\n<p>&nbsp;<\/p>\r\n<p>&nbsp;<\/p>\r\n\r\n","protected":false},"excerpt":{"rendered":"<p>&nbsp; Este site utiliza cookies pr\u00f3prias e de terceiros para oferecer uma melhor experi\u00eancia e servi\u00e7o. Ao navegar ou utilizar os nossos servi\u00e7os, o utilizador aceita o uso que fazemos das cookies. No entanto, o utilizador tem a op\u00e7\u00e3o de impedir a cria\u00e7\u00e3o de cookies e a elimina\u00e7\u00e3o das mesmas. &nbsp; O QUE \u00c9 UMA [&hellip;]<\/p>\n","protected":false},"author":1,"featured_media":0,"parent":0,"menu_order":0,"comment_status":"closed","ping_status":"closed","template":"","meta":{"_et_pb_use_builder":"","_et_pb_old_content":"","_et_gb_content_width":"","footnotes":""},"class_list":["post-3168","page","type-page","status-publish","hentry"],"_links":{"self":[{"href":"https:\/\/rbbertomeu.es\/newmarkets\/wp-json\/wp\/v2\/pages\/3168","targetHints":{"allow":["GET"]}}],"collection":[{"href":"https:\/\/rbbertomeu.es\/newmarkets\/wp-json\/wp\/v2\/pages"}],"about":[{"href":"https:\/\/rbbertomeu.es\/newmarkets\/wp-json\/wp\/v2\/types\/page"}],"author":[{"embeddable":true,"href":"https:\/\/rbbertomeu.es\/newmarkets\/wp-json\/wp\/v2\/users\/1"}],"replies":[{"embeddable":true,"href":"https:\/\/rbbertomeu.es\/newmarkets\/wp-json\/wp\/v2\/comments?post=3168"}],"version-history":[{"count":1,"href":"https:\/\/rbbertomeu.es\/newmarkets\/wp-json\/wp\/v2\/pages\/3168\/revisions"}],"predecessor-version":[{"id":3169,"href":"https:\/\/rbbertomeu.es\/newmarkets\/wp-json\/wp\/v2\/pages\/3168\/revisions\/3169"}],"wp:attachment":[{"href":"https:\/\/rbbertomeu.es\/newmarkets\/wp-json\/wp\/v2\/media?parent=3168"}],"curies":[{"name":"wp","href":"https:\/\/api.w.org\/{rel}","templated":true}]}}