{"id":3165,"date":"2025-01-09T20:55:46","date_gmt":"2025-01-09T18:55:46","guid":{"rendered":"https:\/\/rbbertomeu.es\/newmarkets\/?page_id=3165"},"modified":"2025-01-09T21:24:47","modified_gmt":"2025-01-09T19:24:47","slug":"politica-de-privacidade","status":"publish","type":"page","link":"https:\/\/rbbertomeu.es\/newmarkets\/pt\/politica-de-privacidade\/","title":{"rendered":"Pol\u00edtica de Privacidade"},"content":{"rendered":"<h3><strong>Pol\u00edtica de privacidade e aviso legal<\/strong><\/h3>\n<p>O nosso compromisso com a privacidade dos clientes e contactos.<\/p>\n<p>Para n\u00f3s \u00e9 importante explicar o seguinte:<\/p>\n<ul>\n<li>Tratamos os seus dados de acordo com a legisla\u00e7\u00e3o em vigor em cada momento, tanto em Espanha como na Uni\u00e3o Europeia, garantindo assim a seguran\u00e7a dos seus dados.<\/li>\n<li>A finalidade do tratamento de dados \u00e9 poder inform\u00e1-lo sobre o que fazemos no nosso dia a dia e os produtos que fabricamos, fruto de muitos anos de experi\u00eancia e investiga\u00e7\u00e3o.<\/li>\n<li>Somos transparentes e sinceros quanto aos dados que obtemos sobre si e como os utilizaremos.<\/li>\n<li>Somos muito conscientes de que os seus dados lhe pertencem. Portanto, pode informar-nos a qualquer momento se deseja atualiz\u00e1-los, alter\u00e1-los, se os devemos enviar a algu\u00e9m ou se quer que deixemos de os utilizar.<\/li>\n<\/ul>\n<p>&nbsp;<\/p>\n<p>Para mais informa\u00e7\u00f5es sobre estas quest\u00f5es, consulte as diferentes sec\u00e7\u00f5es da Pol\u00edtica de Privacidade que encontrar\u00e1 abaixo:<\/p>\n<p>&nbsp;<\/p>\n<h3><strong>1.- Quais dados pessoais recolhemos?<\/strong><\/h3>\n<p>Os dados pessoais que nos fornece s\u00e3o:<\/p>\n<ul>\n<li>O seu nome e morada.<\/li>\n<li>A sua morada de fatura\u00e7\u00e3o e a sua morada de envio.<\/li>\n<li>O seu n\u00famero de telefone e o endere\u00e7o de e-mail.<\/li>\n<li>As suas informa\u00e7\u00f5es relativas a pagamentos e devolu\u00e7\u00f5es. No entanto, caso realize um pagamento atrav\u00e9s da nossa loja online, n\u00e3o guardaremos esta informa\u00e7\u00e3o em cumprimento com a legisla\u00e7\u00e3o em vigor, de forma que os seus dados ser\u00e3o enviados diretamente atrav\u00e9s da plataforma de pagamentos ao fornecedor de servi\u00e7os de pagamento.<\/li>\n<li>O endere\u00e7o IP do seu computador, que recolhemos quando compra online com o objetivo de preven\u00e7\u00e3o de fraudes.<\/li>\n<li>Quaisquer outras informa\u00e7\u00f5es que decida partilhar connosco.<\/li>\n<\/ul>\n<p>&nbsp;<\/p>\n<h3><strong>2.- Quem \u00e9 respons\u00e1vel pelo tratamento dos seus dados?<\/strong><\/h3>\n<p>O respons\u00e1vel pelos seus dados \u00e9:<\/p>\n<p>RB BERTOMEU, S.L.<br \/>\nPol. Ind. Fondo de Llitera. C\/Ramaders. Parcela 82-83<br \/>\nE22520 Fraga (Huesca) ESPANHA<\/p>\n<p>Pode realizar qualquer consulta relativa ao tratamento dos seus dados pessoais atrav\u00e9s do e-mail <a href=\"mailto:newmarkets@rbbertomeu.com\">newmarkets@rbbertomeu.com<\/a><\/p>\n<h3><\/h3>\n<h3><strong>3.- Por que raz\u00e3o e para que tratamos os seus dados?<\/strong><\/h3>\n<p>Os seus dados s\u00e3o tratados com duas finalidades:<\/p>\n<ol>\n<li>Finalidades baseadas no interesse leg\u00edtimo do respons\u00e1vel pelo tratamento<br \/>\nUtilizamos os dados que nos fornece para poder inform\u00e1-lo sobre as nossas atividades, as nossas promo\u00e7\u00f5es comerciais e responder \u00e0s suas quest\u00f5es t\u00e9cnicas. Tamb\u00e9m podemos realizar a\u00e7\u00f5es comerciais direcionadas a um perfil concreto de clientes.<\/li>\n<li>Finalidades baseadas no cumprimento de obriga\u00e7\u00f5es legais<br \/>\nTratamos os dados pessoais das faturas para cumprir as obriga\u00e7\u00f5es legais que competem \u00e0 RB BERTOMEU, S.L., assim como para poder responder a reclama\u00e7\u00f5es, tanto de clientes como provenientes das administra\u00e7\u00f5es p\u00fablicas. Em alguns casos, \u00e9 necess\u00e1rio fornecer informa\u00e7\u00f5es \u00e0s autoridades ou a empresas terceiras por motivos de auditoria.<\/li>\n<\/ol>\n<p>&nbsp;<\/p>\n<h3><strong>4.- Quando nos fornece dados pessoais?<\/strong><\/h3>\n<p>Quando se regista como cliente na loja virtual.<\/p>\n<p>Quando preenche o formul\u00e1rio de contacto para nos fazer alguma d\u00favida, queixa, reclama\u00e7\u00e3o ou consulta t\u00e9cnica.<\/p>\n<p>&nbsp;<\/p>\n<h3><strong>5.- Com que terceiros partilhamos os seus dados?<\/strong><\/h3>\n<p>N\u00e3o comercializamos os seus dados. Apenas os fornecemos, quando temos uma obriga\u00e7\u00e3o legal para tal, a organismos p\u00fablicos e outras partes e apenas revelamos aquilo que for estritamente necess\u00e1rio. N\u00e3o s\u00e3o realizados tratamentos de dados pessoais de categorias especiais nem s\u00e3o cedidos a terceiros. Quando necess\u00e1rio, as seguintes categorias de terceiros podem ter acesso aos seus dados:<\/p>\n<ul>\n<li>Trabalhadores e empresas de correios.<\/li>\n<li>Servidores de e-mail.<\/li>\n<li>Empresas que trabalham para a RB BERTOMEU, S.L. (consultoria, empresa inform\u00e1tica)<\/li>\n<\/ul>\n<p>&nbsp;<\/p>\n<h3><strong>6.- Onde s\u00e3o armazenados os seus dados?<\/strong><\/h3>\n<p>Os seus dados est\u00e3o armazenados na Uni\u00e3o Europeia. As empresas que colaboram connosco t\u00eam uma avalia\u00e7\u00e3o de riscos e aplicam medidas preventivas para controlar os fatores de risco elevados.<\/p>\n<p>&nbsp;<\/p>\n<h3><strong>7.- Seguran\u00e7a e confidencialidade dos seus dados<\/strong><\/h3>\n<p>Todos os dados confidenciais que nos fornece s\u00e3o transmitidos de forma cifrada e asseguramo-nos de que as outras empresas que possam intervir no tratamento respeitem a confidencialidade e tenham mecanismos para proteger os dados de acordo com a legisla\u00e7\u00e3o europeia em vigor. Se detetar qualquer fuga de dados, por favor contacte-nos imediatamente atrav\u00e9s do e-mail <a href=\"mailto:newmarkets@rbbertomeu.com\">newmarkets@rbbertomeu.com<\/a><\/p>\n<p>&nbsp;<\/p>\n<h3><strong>8.- Quanto tempo conservamos os seus dados?<\/strong><\/h3>\n<p>Os dados fornecidos com finalidade comercial ser\u00e3o conservados enquanto n\u00e3o manifestar o contr\u00e1rio. Tem o direito de consultar os dados que temos, edit\u00e1-los, elimin\u00e1-los, restringir o seu uso ou pedir-nos para os fornecer a outro site. Os dados fornecidos para outras finalidades ser\u00e3o conservados pelo tempo que a legisla\u00e7\u00e3o em vigor determinar e enquanto durar a rela\u00e7\u00e3o contratual estabelecida.<\/p>\n<p>&nbsp;<\/p>\n<h3><strong>9.- Cookies<\/strong><\/h3>\n<p>Este portal utiliza cookies pr\u00f3prias com fins t\u00e9cnicos, n\u00e3o recolhendo nem cedendo dados pessoais dos utilizadores sem o seu conhecimento.<\/p>\n<p>&nbsp;<\/p>\n<h3><strong>10.- Tem perguntas ou reclama\u00e7\u00f5es?<\/strong><\/h3>\n<p>Se tiver alguma d\u00favida sobre os seus dados, como os gerimos, sobre a pol\u00edtica de privacidade ou se deseja exercer os seus direitos em mat\u00e9ria de prote\u00e7\u00e3o de dados, pode contactar-nos atrav\u00e9s do e-mail: <a href=\"mailto:newmarkets@rbbertomeu.com\">newmarkets@rbbertomeu.com<\/a><\/p>\n<p>Tamb\u00e9m pode contactar-nos por escrito para:<br \/>\nRB BERTOMEU, S.L.<br \/>\nPol. Ind. Fondo de Llitera. C\/Ramaders. Parcela 82-83<br \/>\nE22520 Fraga (Huesca) ESPANHA<\/p>\n<p>Se considerar que n\u00e3o estamos a tratar corretamente das suas reclama\u00e7\u00f5es sobre prote\u00e7\u00e3o de dados ou se acha que n\u00e3o os estamos a tratar adequadamente, pode apresentar uma reclama\u00e7\u00e3o \u00e0 Ag\u00eancia Espanhola de Prote\u00e7\u00e3o de Dados (<a href=\"https:\/\/www.aepd.es\/es\">https:\/\/www.aepd.es\/es<\/a>)<\/p>\n<p>&nbsp;<\/p>\n<p>&nbsp;<\/p>\n<p>&nbsp;<\/p>\n","protected":false},"excerpt":{"rendered":"<p>Pol\u00edtica de privacidade e aviso legal O nosso compromisso com a privacidade dos clientes e contactos. Para n\u00f3s \u00e9 importante explicar o seguinte: Tratamos os seus dados de acordo com a legisla\u00e7\u00e3o em vigor em cada momento, tanto em Espanha como na Uni\u00e3o Europeia, garantindo assim a seguran\u00e7a dos seus dados. A finalidade do tratamento [&hellip;]<\/p>\n","protected":false},"author":1,"featured_media":0,"parent":0,"menu_order":0,"comment_status":"closed","ping_status":"closed","template":"","meta":{"_et_pb_use_builder":"","_et_pb_old_content":"","_et_gb_content_width":"","footnotes":""},"class_list":["post-3165","page","type-page","status-publish","hentry"],"_links":{"self":[{"href":"https:\/\/rbbertomeu.es\/newmarkets\/wp-json\/wp\/v2\/pages\/3165","targetHints":{"allow":["GET"]}}],"collection":[{"href":"https:\/\/rbbertomeu.es\/newmarkets\/wp-json\/wp\/v2\/pages"}],"about":[{"href":"https:\/\/rbbertomeu.es\/newmarkets\/wp-json\/wp\/v2\/types\/page"}],"author":[{"embeddable":true,"href":"https:\/\/rbbertomeu.es\/newmarkets\/wp-json\/wp\/v2\/users\/1"}],"replies":[{"embeddable":true,"href":"https:\/\/rbbertomeu.es\/newmarkets\/wp-json\/wp\/v2\/comments?post=3165"}],"version-history":[{"count":1,"href":"https:\/\/rbbertomeu.es\/newmarkets\/wp-json\/wp\/v2\/pages\/3165\/revisions"}],"predecessor-version":[{"id":3166,"href":"https:\/\/rbbertomeu.es\/newmarkets\/wp-json\/wp\/v2\/pages\/3165\/revisions\/3166"}],"wp:attachment":[{"href":"https:\/\/rbbertomeu.es\/newmarkets\/wp-json\/wp\/v2\/media?parent=3165"}],"curies":[{"name":"wp","href":"https:\/\/api.w.org\/{rel}","templated":true}]}}