{"id":3,"date":"2021-07-12T09:27:46","date_gmt":"2021-07-12T07:27:46","guid":{"rendered":"https:\/\/rbbertomeu.es\/newmarkets\/?page_id=3"},"modified":"2021-11-23T18:12:14","modified_gmt":"2021-11-23T16:12:14","slug":"politica-de-privacidad","status":"publish","type":"page","link":"https:\/\/rbbertomeu.es\/newmarkets\/politica-de-privacidad\/","title":{"rendered":"Pol\u00edtica de Privacidad"},"content":{"rendered":"<h3><strong>Pol\u00edtica de privacidad y aviso legal<\/strong><\/h3>\n<p>Nuestro compromiso con la privacidad de los clientes y contactos.<\/p>\n<p>Para nosotros es importante explicarle lo siguiente:<\/p>\n<ul>\n<li>Tratamos sus datos de acuerdo con la legislaci\u00f3n vigente en cada momento, tanto en Espa\u00f1a como en la Uni\u00f3n Europea, y as\u00ed garantizamos la seguridad de sus datos.<\/li>\n<li>La finalidad del tratamiento de datos es poderle informar de lo que hacemos en nuestro d\u00eda a d\u00eda y de los productos que fabricamos, fruto de muchos a\u00f1os de experiencia e investigaci\u00f3n.<\/li>\n<li>Somos transparentes y sinceros en cuanto a los datos que obtenemos sobre usted y c\u00f3mo los utilizaremos.<\/li>\n<li>Somos muy conscientes de que sus datos le pertenecen. Por lo tanto, puede informarnos en cualquier momento si quiere actualizarlos, cambiarlos, que se los enviamos a alguien o si quiere que dejamos de utilizarlos.<\/li>\n<\/ul>\n<p>&nbsp;<\/p>\n<p>Para m\u00e1s informaci\u00f3n sobre estas cuestiones, consulte los diferentes apartados de la Pol\u00edtica de Privacidad que encontrar\u00e1 a continuaci\u00f3n:<\/p>\n<p>&nbsp;<\/p>\n<h3><strong>1.- \u00bfQu\u00e9 datos personales recogemos?\u00a0<\/strong><\/h3>\n<p>Los datos personales que nos proporciona son:<\/p>\n<ul>\n<li>Su nombre y direcci\u00f3n.<\/li>\n<li>Su direcci\u00f3n de facturaci\u00f3n y su direcci\u00f3n de env\u00edo.<\/li>\n<li>Su n\u00famero de tel\u00e9fono y la direcci\u00f3n de correo electr\u00f3nico.<\/li>\n<li>Su informaci\u00f3n relativa a pagos y devoluciones. Sin embargo, en el supuesto de que gestione un pago a trav\u00e9s de nuestra tienda online, no conservaremos esta informaci\u00f3n en cumplimiento con la normativa vigente, de forma que sus datos se enviar\u00e1n directamente a trav\u00e9s de la pasarela de pagos al proveedor de servicios de pago.<\/li>\n<li>La direcci\u00f3n IP de su ordenador, que recogemos cuando compra en l\u00ednea con finalidades de prevenci\u00f3n del fraude.<\/li>\n<li>Cualquier otra informaci\u00f3n que decida compartir con nosotros.<\/li>\n<\/ul>\n<p>&nbsp;<\/p>\n<h3><strong>2.- \u00bfQui\u00e9n es el responsable del tratamiento de tus datos?<\/strong><\/h3>\n<p>El responsable de sus datos es:<\/p>\n<p>RB BERTOMEU, S.L.<br \/>\nPol. Ind. Fondo de Llitera. C\/Ramaders. Parcela 82-83<br \/>\nE22520 Fraga (Huesca) ESPA\u00d1A<\/p>\n<p>Puede realizar cualquier consulta relativa al tratamiento de sus datos personales a trav\u00e9s del correo electr\u00f3nico <a href=\"mailto:newmarkets@rbbertomeu.com\">newmarkets@rbbertomeu.com<\/a><\/p>\n<h3><\/h3>\n<h3><strong>3.- \u00bfPor qu\u00e9 y para que tratamos sus datos?<\/strong><\/h3>\n<p>Sus datos se tratan con dos finalidades:<\/p>\n<ol>\n<li>Finalidades basadas en el inter\u00e9s leg\u00edtimo del responsable de tratamiento<br \/>\nUtilizamos los datos que nos facilita para poderle informar de nuestras actividades, \u00a0nuestras promociones comerciales y dar respuesta a sus preguntas t\u00e9cnicas. Tambi\u00e9n podemos realizar acciones comerciales dirigidas a un perfil concreto de clientes.<\/li>\n<li>Finalidades basadas en el cumplimiento de obligaciones legales<br \/>\nGestionamos los datos personales de las facturas para cumplir con las obligaciones legales que corresponden a RB BERTOMEU,S.L. , as\u00ed como para poder responder a reclamaciones tanto de clientes como las que provienen de las administraciones p\u00fablicas. En algunos casos es necesario facilitar informaci\u00f3n a las autoridades o terceras empresas por motivos de auditor\u00eda.<\/li>\n<\/ol>\n<p>&nbsp;<\/p>\n<h3><strong>4.- \u00bfCuando nos proporciona datos personales?<\/strong><\/h3>\n<p>Cuando se registra como cliente de la tienda virtual.<\/p>\n<p>Cuando rellena el formulario de contacto para plantearnos alguna duda, queja, reclamaci\u00f3n o consulta t\u00e9cnica.<\/p>\n<p>&nbsp;<\/p>\n<h3><strong>5.- \u00bfCon qu\u00e9 terceros compartimos sus datos?<\/strong><\/h3>\n<p>No comerciamos con sus datos. S\u00f3lo los facilitamos, cuando tenemos una obligaci\u00f3n legal de hacerlo, a organismos p\u00fablicos y otras partes y s\u00f3lo revelamos aquello estrictamente necesario.\u00a0No se realiza ning\u00fan tratamiento de los datos personales de categor\u00edas especiales ni se ceden a terceros.\u00a0Cuando sea necesario, las siguientes categor\u00edas de terceros pueden conocer sus datos:<\/p>\n<ul>\n<li>Trabajadores y empresas de mensajer\u00eda.<\/li>\n<li>Servidores de correo electr\u00f3nico.<\/li>\n<li>Empresas que trabajan para RB BERTOMEU, S.L (gestor\u00eda, empresa inform\u00e1tica)<\/li>\n<\/ul>\n<p>&nbsp;<\/p>\n<h3><strong>6.- \u00bfD\u00f3nde se almacenan sus datos?<\/strong><\/h3>\n<p>Sus datos est\u00e1n almacenados en la Uni\u00f3n Europea. Las empresas que trabajan con nosotros disponen de una evaluaci\u00f3n de riesgos y aplican medidas preventivas para controlar los factores de riesgo elevado.<\/p>\n<p>&nbsp;<\/p>\n<h3><strong>7.- Seguridad y confidencialidad de sus datos<\/strong><\/h3>\n<p>Todos los datos confidenciales que nos facilita se transmiten de forma cifrada y nos aseguramos que el resto de empresas que puedan intervenir en el tratamiento respeten la confidencialidad y tengan mecanismos para proteger los datos de acuerdo con la legislaci\u00f3n europea vigente.\u00a0Si detecta cualquier fuga de datos, por favor contacte inmediatamente con <a href=\"mailto:newmarkets@rbbertomeu.com\">newmarkets@rbbertomeu.com<\/a><\/p>\n<p>&nbsp;<\/p>\n<h3><strong>8.- \u00bfCu\u00e1nto de tiempo conservamos sus datos?<\/strong><\/h3>\n<p>Los datos facilitados con finalidad comercial se conservar\u00e1n mientras no manifieste lo contrario. Tiene derecho a ver los datos que tenemos, editarlos, eliminarlos, restringir su uso o pedirnos que los facilitamos a otro sitio web.\u00a0Los datos facilitados con otras finalidades se conservar\u00e1n el tiempo que determine la legislaci\u00f3n vigente y mientras dure la relaci\u00f3n contractual establecida.<\/p>\n<p>&nbsp;<\/p>\n<h3><strong>9.- Cookies<\/strong><\/h3>\n<p>Este portal web utiliza cookies propias con finalidad t\u00e9cnica, no recaba ni cede datos de car\u00e1cter personal de los usuarios sin su conocimiento.<\/p>\n<p>&nbsp;<\/p>\n<h3><strong>10.- \u00bfTiene preguntas o reclamaciones?<\/strong><\/h3>\n<p>Si tiene alguna pregunta sobre sus datos, c\u00f3mo los gestionamos, sobre la pol\u00edtica de privacidad o quiere ejercer tus derechos en materia de protecci\u00f3n de datos, puede contactar con nosotros en:\u00a0<a href=\"mailto:newmarkets@rbbertomeu.com\">newmarkets@rbbertomeu.com<\/a><\/p>\n<p>Tambi\u00e9n puede contactar por escrito a:<br \/>\nRB BERTOMEU, S.L.<br \/>\nPol. Ind. Fondo de Llitera. C\/Ramaders. Parcela 82-83<br \/>\nE22520 Fraga (Huesca) ESPA\u00d1A<\/p>\n<p>Si considera que no atendemos correctamente a sus reclamaciones sobre protecci\u00f3n de datos o si considera que no los tratamos adecuadamente, puede presentar una reclamaci\u00f3n a la Agencia Espa\u00f1ola de Protecci\u00f3n de Datos (<a href=\"https:\/\/www.aepd.es\/es\">https:\/\/www.aepd.es\/es<\/a>)<\/p>\n<p>&nbsp;<\/p>\n<p>&nbsp;<\/p>\n<p>&nbsp;<\/p>\n","protected":false},"excerpt":{"rendered":"<p>Pol\u00edtica de privacidad y aviso legal Nuestro compromiso con la privacidad de los clientes y contactos. Para nosotros es importante explicarle lo siguiente: Tratamos sus datos de acuerdo con la legislaci\u00f3n vigente en cada momento, tanto en Espa\u00f1a como en la Uni\u00f3n Europea, y as\u00ed garantizamos la seguridad de sus datos. La finalidad del tratamiento [&hellip;]<\/p>\n","protected":false},"author":1,"featured_media":0,"parent":0,"menu_order":0,"comment_status":"closed","ping_status":"closed","template":"","meta":{"_et_pb_use_builder":"","_et_pb_old_content":"","_et_gb_content_width":"","footnotes":""},"class_list":["post-3","page","type-page","status-publish","hentry"],"_links":{"self":[{"href":"https:\/\/rbbertomeu.es\/newmarkets\/wp-json\/wp\/v2\/pages\/3","targetHints":{"allow":["GET"]}}],"collection":[{"href":"https:\/\/rbbertomeu.es\/newmarkets\/wp-json\/wp\/v2\/pages"}],"about":[{"href":"https:\/\/rbbertomeu.es\/newmarkets\/wp-json\/wp\/v2\/types\/page"}],"author":[{"embeddable":true,"href":"https:\/\/rbbertomeu.es\/newmarkets\/wp-json\/wp\/v2\/users\/1"}],"replies":[{"embeddable":true,"href":"https:\/\/rbbertomeu.es\/newmarkets\/wp-json\/wp\/v2\/comments?post=3"}],"version-history":[{"count":8,"href":"https:\/\/rbbertomeu.es\/newmarkets\/wp-json\/wp\/v2\/pages\/3\/revisions"}],"predecessor-version":[{"id":1197,"href":"https:\/\/rbbertomeu.es\/newmarkets\/wp-json\/wp\/v2\/pages\/3\/revisions\/1197"}],"wp:attachment":[{"href":"https:\/\/rbbertomeu.es\/newmarkets\/wp-json\/wp\/v2\/media?parent=3"}],"curies":[{"name":"wp","href":"https:\/\/api.w.org\/{rel}","templated":true}]}}