{"id":2475,"date":"2024-06-19T21:38:41","date_gmt":"2024-06-19T19:38:41","guid":{"rendered":"https:\/\/rbbertomeu.es\/newmarkets\/?page_id=2475"},"modified":"2024-06-19T22:11:15","modified_gmt":"2024-06-19T20:11:15","slug":"politique-de-confidentialite","status":"publish","type":"page","link":"https:\/\/rbbertomeu.es\/newmarkets\/fr\/politique-de-confidentialite\/","title":{"rendered":"Politique de confidentialit\u00e9"},"content":{"rendered":"<h3><strong>Politique de confidentialit\u00e9 et avis l\u00e9gal<\/strong><\/h3>\n<p>Notre engagement envers la confidentialit\u00e9 des clients et des contacts.<\/p>\n<p>Il est important pour nous de vous expliquer ce qui suit :<\/p>\n<ul>\n<li>Nous traitons vos donn\u00e9es conform\u00e9ment \u00e0 la l\u00e9gislation en vigueur \u00e0 tout moment, tant en Espagne qu&#8217;au sein de l&#8217;Union europ\u00e9enne, et ainsi nous garantissons la s\u00e9curit\u00e9 de vos donn\u00e9es.<\/li>\n<li>Le but du traitement des donn\u00e9es est de pouvoir vous informer de ce que nous faisons au quotidien et des produits que nous fabriquons, fruit de nombreuses ann\u00e9es d&#8217;exp\u00e9rience et de recherche.<\/li>\n<li>Nous sommes transparents et sinc\u00e8res quant aux donn\u00e9es que nous obtenons sur vous et \u00e0 la fa\u00e7on dont nous les utiliserons.<\/li>\n<li>Nous sommes tr\u00e8s conscients que vos donn\u00e9es vous appartiennent. Par cons\u00e9quent, vous pouvez nous informer \u00e0 tout moment si vous souhaitez les mettre \u00e0 jour, les modifier, que nous les envoyions \u00e0 quelqu&#8217;un ou si vous voulez que nous arr\u00eations de les utiliser.<\/li>\n<\/ul>\n<p>&nbsp;<\/p>\n<p>Pour plus d&#8217;informations sur ces questions, consultez les diff\u00e9rentes sections de la Politique de Confidentialit\u00e9 que vous trouverez ci-dessous :<\/p>\n<p>&nbsp;<\/p>\n<h3><strong>1.- Quels sont les donn\u00e9es personnelles que nous collectons ?<\/strong><\/h3>\n<p>Les donn\u00e9es personnelles que vous nous fournissez sont :<\/p>\n<ul>\n<li>Votre nom et adresse.<\/li>\n<li>Votre adresse de facturation et votre adresse de livraison.<\/li>\n<li>Votre num\u00e9ro de t\u00e9l\u00e9phone et votre adresse e-mail.<\/li>\n<li>Vos informations relatives aux paiements et aux remboursements. Cependant, dans le cas o\u00f9 vous effectuez un paiement via notre boutique en ligne, nous ne conserverons pas ces informations conform\u00e9ment \u00e0 la r\u00e9glementation en vigueur, de sorte que vos donn\u00e9es seront envoy\u00e9es directement via la passerelle de paiement au fournisseur de services de paiement.<\/li>\n<li>L&#8217;adresse IP de votre ordinateur, que nous collectons lorsque vous achetez en ligne \u00e0 des fins de pr\u00e9vention de la fraude.<\/li>\n<li>Toute autre information que vous d\u00e9cidez de partager avec nous.<\/li>\n<\/ul>\n<p>&nbsp;<\/p>\n<h3><strong>2.- Qui est responsable du traitement de vos donn\u00e9es ?<\/strong><\/h3>\n<p>Le responsable de vos donn\u00e9es est :<\/p>\n<p>RB BERTOMEU, S.L.<br \/>\nPol. Ind. Fondo de Llitera. C\/Ramaders. Parcela 82-83<br \/>\nE22520 Fraga (Huesca) ESPAGNE<\/p>\n<p>Vous pouvez poser toute question relative au traitement de vos donn\u00e9es personnelles par e-mail \u00e0 <a href=\"mailto:newmarkets@rbbertomeu.com\">newmarkets@rbbertomeu.com<\/a><\/p>\n<h3><\/h3>\n<h3><strong>3.- Pourquoi et dans quel but traitons-nous vos donn\u00e9es ?<\/strong><\/h3>\n<p>Vos donn\u00e9es sont trait\u00e9es \u00e0 deux fins :<\/p>\n<ol>\n<li>Objectifs fond\u00e9s sur l&#8217;int\u00e9r\u00eat l\u00e9gitime du responsable du traitement<br \/>\nNous utilisons les donn\u00e9es que vous nous fournissez pour pouvoir vous informer de nos activit\u00e9s, de nos promotions commerciales et r\u00e9pondre \u00e0 vos questions techniques. Nous pouvons \u00e9galement r\u00e9aliser des actions commerciales cibl\u00e9es vers un profil sp\u00e9cifique de clients.<\/li>\n<li>Objectifs fond\u00e9s sur le respect des obligations l\u00e9gales<br \/>\nNous g\u00e9rons les donn\u00e9es personnelles des factures pour r\u00e9pondre aux obligations l\u00e9gales qui incombent \u00e0 RB BERTOMEU, S.L., ainsi que pour pouvoir r\u00e9pondre aux r\u00e9clamations des clients ainsi qu&#8217;\u00e0 celles \u00e9manant des administrations publiques. Dans certains cas, il est n\u00e9cessaire de fournir des informations aux autorit\u00e9s ou \u00e0 des tiers pour des raisons d&#8217;audit.<\/li>\n<\/ol>\n<p>&nbsp;<\/p>\n<h3><strong>4.- Quand nous fournissez-vous des donn\u00e9es personnelles ?<\/strong><\/h3>\n<p>Lorsque vous vous inscrivez en tant que client de la boutique en ligne.<\/p>\n<p>Lorsque vous remplissez le formulaire de contact pour poser une question, une plainte, une r\u00e9clamation ou une demande technique.<\/p>\n<p>&nbsp;<\/p>\n<h3><strong>5.- Avec quels tiers partageons-nous vos donn\u00e9es ?<\/strong><\/h3>\n<p>Nous ne vendons pas vos donn\u00e9es. Nous les fournissons uniquement lorsque nous avons une obligation l\u00e9gale de le faire, aux organismes publics et \u00e0 d&#8217;autres parties, et nous ne divulguons que ce qui est strictement n\u00e9cessaire. Nous ne traitons pas les donn\u00e9es personnelles de cat\u00e9gories sp\u00e9ciales ni ne les transf\u00e9rons \u00e0 des tiers. Si n\u00e9cessaire, les cat\u00e9gories de tiers suivantes peuvent conna\u00eetre vos donn\u00e9es :<\/p>\n<ul>\n<li>Travailleurs et entreprises de messagerie.<\/li>\n<li>Serveurs de courrier \u00e9lectronique.<\/li>\n<li>Entreprises travaillant pour RB BERTOMEU, S.L. (cabinet comptable, entreprise informatique)<\/li>\n<\/ul>\n<p>&nbsp;<\/p>\n<h3><strong>6.- O\u00f9 sont stock\u00e9es vos donn\u00e9es ?<\/strong><\/h3>\n<p>Vos donn\u00e9es sont stock\u00e9es dans l&#8217;Union europ\u00e9enne. Les entreprises qui travaillent avec nous disposent d&#8217;une \u00e9valuation des risques et appliquent des mesures pr\u00e9ventives pour contr\u00f4ler les facteurs de risque \u00e9lev\u00e9.<\/p>\n<p>&nbsp;<\/p>\n<h3><strong>7.- S\u00e9curit\u00e9 et confidentialit\u00e9 de vos donn\u00e9es<\/strong><\/h3>\n<p>Toutes les donn\u00e9es confidentielles que vous nous fournissez sont transmises de mani\u00e8re crypt\u00e9e et nous nous assurons que les autres entreprises pouvant intervenir dans le traitement respectent la confidentialit\u00e9 et disposent de m\u00e9canismes pour prot\u00e9ger les donn\u00e9es conform\u00e9ment \u00e0 la l\u00e9gislation europ\u00e9enne en vigueur. Si vous d\u00e9tectez une fuite de donn\u00e9es, veuillez contacter imm\u00e9diatement <a href=\"mailto:newmarkets@rbbertomeu.com\">newmarkets@rbbertomeu.com<\/a><\/p>\n<p>&nbsp;<\/p>\n<h3><strong>8.- Combien de temps conservons-nous vos donn\u00e9es ?<\/strong><\/h3>\n<p>Les donn\u00e9es fournies \u00e0 des fins commerciales seront conserv\u00e9es tant que vous ne manifesterez pas le contraire. Vous avez le droit de voir les donn\u00e9es que nous avons, de les modifier, de les supprimer, de restreindre leur utilisation ou de nous demander de les fournir \u00e0 un autre site web. Les donn\u00e9es fournies \u00e0 d&#8217;autres fins seront conserv\u00e9es aussi longtemps que le d\u00e9terminera la l\u00e9gislation en vigueur et tant que durera la relation contractuelle \u00e9tablie.<\/p>\n<p>&nbsp;<\/p>\n<h3><strong>9.- Cookies<\/strong><\/h3>\n<p>Ce portail web utilise des cookies propres \u00e0 des fins techniques, ne collectant ni ne c\u00e9dant des donn\u00e9es personnelles des utilisateurs sans leur connaissance.<\/p>\n<p>&nbsp;<\/p>\n<h3><strong>10.- Avez-vous des questions ou des r\u00e9clamations ?<\/strong><\/h3>\n<p>Si vous avez des questions sur vos donn\u00e9es, comment nous les g\u00e9rons, sur la politique de confidentialit\u00e9 ou si vous souhaitez exercer vos droits en mati\u00e8re de protection des donn\u00e9es, vous pouvez nous contacter \u00e0 : <a href=\"mailto:newmarkets@rbbertomeu.com\">newmarkets@rbbertomeu.com<\/a><\/p>\n<p>Vous pouvez \u00e9galement nous contacter par \u00e9crit \u00e0 :<br \/>\nRB BERTOMEU, S.L.<br \/>\nPol. Ind. Fondo de Llitera. C\/Ramaders. Parcela 82-83<br \/>\nE22520 Fraga (Huesca) ESPAGNE<\/p>\n<p>Si vous estimez que nous ne r\u00e9pondons pas correctement \u00e0 vos r\u00e9clamations concernant la protection des donn\u00e9es ou si vous estimez que nous ne les traitons pas correctement, vous pouvez d\u00e9poser une r\u00e9clamation aupr\u00e8s de l&#8217;Agence Espagnole de Protection des Donn\u00e9es (<a href=\"https:\/\/www.aepd.es\">https:\/\/www.aepd.es<\/a>)<\/p>\n<p>&nbsp;<\/p>\n<p>&nbsp;<\/p>\n<p>&nbsp;<\/p>\n","protected":false},"excerpt":{"rendered":"<p>Politique de confidentialit\u00e9 et avis l\u00e9gal Notre engagement envers la confidentialit\u00e9 des clients et des contacts. Il est important pour nous de vous expliquer ce qui suit : Nous traitons vos donn\u00e9es conform\u00e9ment \u00e0 la l\u00e9gislation en vigueur \u00e0 tout moment, tant en Espagne qu&#8217;au sein de l&#8217;Union europ\u00e9enne, et ainsi nous garantissons la s\u00e9curit\u00e9 [&hellip;]<\/p>\n","protected":false},"author":1,"featured_media":0,"parent":0,"menu_order":0,"comment_status":"closed","ping_status":"closed","template":"","meta":{"_et_pb_use_builder":"","_et_pb_old_content":"","_et_gb_content_width":"","footnotes":""},"class_list":["post-2475","page","type-page","status-publish","hentry"],"_links":{"self":[{"href":"https:\/\/rbbertomeu.es\/newmarkets\/wp-json\/wp\/v2\/pages\/2475","targetHints":{"allow":["GET"]}}],"collection":[{"href":"https:\/\/rbbertomeu.es\/newmarkets\/wp-json\/wp\/v2\/pages"}],"about":[{"href":"https:\/\/rbbertomeu.es\/newmarkets\/wp-json\/wp\/v2\/types\/page"}],"author":[{"embeddable":true,"href":"https:\/\/rbbertomeu.es\/newmarkets\/wp-json\/wp\/v2\/users\/1"}],"replies":[{"embeddable":true,"href":"https:\/\/rbbertomeu.es\/newmarkets\/wp-json\/wp\/v2\/comments?post=2475"}],"version-history":[{"count":6,"href":"https:\/\/rbbertomeu.es\/newmarkets\/wp-json\/wp\/v2\/pages\/2475\/revisions"}],"predecessor-version":[{"id":2574,"href":"https:\/\/rbbertomeu.es\/newmarkets\/wp-json\/wp\/v2\/pages\/2475\/revisions\/2574"}],"wp:attachment":[{"href":"https:\/\/rbbertomeu.es\/newmarkets\/wp-json\/wp\/v2\/media?parent=2475"}],"curies":[{"name":"wp","href":"https:\/\/api.w.org\/{rel}","templated":true}]}}