{"id":2445,"date":"2024-06-18T17:29:18","date_gmt":"2024-06-18T15:29:18","guid":{"rendered":"https:\/\/rbbertomeu.es\/newmarkets\/boutique\/"},"modified":"2026-03-25T20:42:02","modified_gmt":"2026-03-25T18:42:02","slug":"boutique","status":"publish","type":"page","link":"https:\/\/rbbertomeu.es\/newmarkets\/fr\/boutique\/","title":{"rendered":"BOUTIQUE"},"content":{"rendered":"<p>[et_pb_section fb_built=\u00bb1&#8243; _builder_version=\u00bb4.16&#8243; _module_preset=\u00bbdefault\u00bb locked=\u00bboff\u00bb global_colors_info=\u00bb{}\u00bb][et_pb_row _builder_version=\u00bb4.27.2&#8243; width=\u00bb100%\u00bb module_alignment=\u00bbcenter\u00bb use_custom_width=\u00bbon\u00bb locked=\u00bboff\u00bb global_colors_info=\u00bb{}\u00bb][et_pb_column type=\u00bb4_4&#8243; _builder_version=\u00bb4.16&#8243; custom_padding=\u00bb|||\u00bb global_colors_info=\u00bb{}\u00bb custom_padding__hover=\u00bb|||\u00bb][et_pb_text _builder_version=\u00bb4.27.2&#8243; text_font=\u00bb||||||||\u00bb text_text_color=\u00bb#000000&#8243; text_font_size=\u00bb40px\u00bb text_line_height=\u00bb1.8em\u00bb header_font=\u00bb||||||||\u00bb header_2_font=\u00bbTeko||||||||\u00bb header_2_font_size=\u00bb96px\u00bb text_orientation=\u00bbcenter\u00bb max_width=\u00bb700px\u00bb module_alignment=\u00bbcenter\u00bb custom_margin=\u00bb||0px|\u00bb header_2_font_size_tablet=\u00bb66px\u00bb header_2_font_size_phone=\u00bb36px\u00bb header_2_font_size_last_edited=\u00bbon|phone\u00bb global_colors_info=\u00bb{}\u00bb]<\/p>\n<p style=\"text-align: center;\"><strong>Additif pour carburant diesel<\/strong><\/p>\n<p>[\/et_pb_text][et_pb_text _builder_version=\u00bb4.27.2&#8243; text_font=\u00bb||||||||\u00bb text_text_color=\u00bb#E02B20&#8243; text_font_size=\u00bb35px\u00bb text_line_height=\u00bb1.8em\u00bb header_font=\u00bb||||||||\u00bb header_2_font=\u00bbTeko||||||||\u00bb header_2_font_size=\u00bb96px\u00bb text_orientation=\u00bbcenter\u00bb max_width=\u00bb700px\u00bb module_alignment=\u00bbcenter\u00bb custom_margin=\u00bb||0px|\u00bb header_2_font_size_tablet=\u00bb66px\u00bb header_2_font_size_phone=\u00bb36px\u00bb header_2_font_size_last_edited=\u00bbon|phone\u00bb global_colors_info=\u00bb{}\u00bb]<\/p>\n<p style=\"text-align: center;\"><strong>\u00abrb bertomeu\u201d beco F-Plus Concentr\u00e9<\/strong><\/p>\n<p>[\/et_pb_text][et_pb_text _builder_version=\u00bb4.27.2&#8243; _module_preset=\u00bbdefault\u00bb module_alignment=\u00bbcenter\u00bb hover_enabled=\u00bb0&#8243; global_colors_info=\u00bb{}\u00bb sticky_enabled=\u00bb0&#8243;]<\/p>\n<h3 style=\"text-align: center;\"><span style=\"color: #000000;\"><\/span> <img decoding=\"async\" class=\"wp-image-3235  alignnone\" src=\"https:\/\/rbbertomeu.es\/newmarkets\/wp-content\/uploads\/2025\/02\/NATO_OTAN.png\" alt=\"\" width=\"100\" \/> <span style=\"color: #0c71c3;\"><a style=\"color: #0c71c3;\" href=\"https:\/\/rbbertomeu.es\/html\/otan.htm\" target=\"blank\"><u><span style=\"color: #0c71c3;\"><strong>NSN: 6850-33-220-5360<\/strong><\/span><\/u><\/a><\/span><\/h3>\n<p>[\/et_pb_text][et_pb_text admin_label=\u00bbotan\u00bb _builder_version=\u00bb4.27.2&#8243; _module_preset=\u00bbdefault\u00bb link_option_url=\u00bbhttps:\/\/rbbertomeu.es\/html\/Por_que_consumir_aditivo_otan.htm\u00bb link_option_url_new_window=\u00bbon\u00bb locked=\u00bboff\u00bb global_colors_info=\u00bb{}\u00bb]<\/p>\n<h3 style=\"text-align: center;\"><span style=\"color: #000000;\"><br \/>\n<a style=\"color: #0c71c3;\" href=\"https:\/\/rbbertomeu.es\/htmlfr\/Purquoi_choisir_additif_otan.htm\" target=\"blank\"><u><span style=\"color: #0c71c3;\"><strong>Assurance Qualit\u00e9<\/strong><\/span><\/u><\/a><\/p>\n<p><\/span><\/h3>\n<p>[\/et_pb_text][et_pb_text _builder_version=\u00bb4.27.2&#8243; _module_preset=\u00bbdefault\u00bb hover_enabled=\u00bb0&#8243; global_colors_info=\u00bb{}\u00bb sticky_enabled=\u00bb0&#8243;]<\/p>\n<h3 style=\"text-align: center;\"><span style=\"color: #000000;\">Certifi\u00e9 par<\/span> <img decoding=\"async\" class=\"wp-image-3236 alignnone \" src=\"https:\/\/rbbertomeu.es\/newmarkets\/wp-content\/uploads\/2025\/02\/Deutz.png\" alt=\"\" width=\"80\" \/><a style=\"color: #0c71c3;\" href=\"https:\/\/www.rbbertomeu.es\/htmlish\/REFERENCIAS_ISH\/deutz_ish.htm\" target=\"blank\"> <u><span style=\"color: #0c71c3;\"><strong>Diesel<\/strong><\/span><\/u><\/a><\/h3>\n<p>[\/et_pb_text][et_pb_text admin_label=\u00bbcarbono\u00bb _builder_version=\u00bb4.27.2&#8243; _module_preset=\u00bbdefault\u00bb link_option_url=\u00bbhttps:\/\/rbbertomeu.es\/html\/boletines\/boletin4.htm\u00bb locked=\u00bboff\u00bb global_colors_info=\u00bb{}\u00bb]<\/p>\n<h3 style=\"text-align: center;\"><a style=\"color: #0c71c3;\" href=\"http:\/\/www.rbbertomeu.es\/htmlish\/Boletines_ish\/boletin4_ish.htm\" target=\"blank\"><u><span style=\"color: #0c71c3;\"><strong>R\u00e9duit l\u2019empreinte carbone<\/strong><\/span><\/u><\/a><\/p>\n<p><span style=\"color: #0c71c3;\"><strong>R\u00e9duisez votre consommation de carburant, vos \u00e9missions polluantes et l&#8217;entretien de vos moteurs, chaudi\u00e8res et machines fonctionnant au diesel<\/strong><\/span><\/p>\n<\/h3>\n<p>[\/et_pb_text][et_pb_text disabled_on=\u00bboff|off|off\u00bb admin_label=\u00bb0.30 x 100L\u00bb _builder_version=\u00bb4.27.2&#8243; text_font=\u00bbLato||||||||\u00bb text_font_size=\u00bb20px\u00bb text_line_height=\u00bb1.8em\u00bb header_font=\u00bb||||||||\u00bb header_2_font=\u00bbTeko||||||||\u00bb header_2_font_size=\u00bb96px\u00bb text_orientation=\u00bbcenter\u00bb max_width=\u00bb700px\u00bb module_alignment=\u00bbcenter\u00bb custom_margin=\u00bb||0px|\u00bb hover_enabled=\u00bb0&#8243; header_2_font_size_tablet=\u00bb66px\u00bb header_2_font_size_phone=\u00bb36px\u00bb header_2_font_size_last_edited=\u00bbon|phone\u00bb locked=\u00bboff\u00bb global_colors_info=\u00bb{}\u00bb sticky_enabled=\u00bb0&#8243;]<\/p>\n<table style=\"border-collapse: collapse; border-style: none;\" border=\"0\">\n<tbody>\n<tr>\n<td><img loading=\"lazy\" decoding=\"async\" class=\"wp-image-4389 alignleft\" src=\"https:\/\/rbbertomeu.es\/newmarkets\/wp-content\/uploads\/2025\/09\/RedFinger.jpg\" alt=\"\" width=\"44\" height=\"44\" \/><\/td>\n<td><span style=\"color: #000000;\">Additif concentr\u00e9\u00a0! 1 litre d&#8217;additif suffit pour traiter <span style=\"color: #993300;\"><strong>16\u00a0600 litres<\/strong><\/span> de gazole (LSD)<strong><br \/>\n<\/strong><\/span><\/td>\n<\/tr>\n<tr>\n<td><img loading=\"lazy\" decoding=\"async\" class=\"wp-image-4389 alignleft\" src=\"https:\/\/rbbertomeu.es\/newmarkets\/wp-content\/uploads\/2025\/09\/RedFinger.jpg\" alt=\"\" width=\"44\" height=\"44\" \/><\/td>\n<td><span style=\"color: #000000;\">Les prix indiqu\u00e9s <span style=\"color: #993300;\"><strong>n&#8217;incluent pas la TVA ni les frais de livraison<\/strong><\/span>, qui seront appliqu\u00e9s lors du processus d&#8217;achat en fonction de la destination. <strong><br \/>\n<\/strong><\/span><\/td>\n<\/tr>\n<\/tbody>\n<\/table>\n<p>[\/et_pb_text][et_pb_text disabled_on=\u00bbon|on|on\u00bb admin_label=\u00bbTexto\u00bb _builder_version=\u00bb4.27.2&#8243; text_font=\u00bb||||||||\u00bb text_font_size=\u00bb35px\u00bb text_line_height=\u00bb1.8em\u00bb header_font=\u00bb||||||||\u00bb header_2_font=\u00bbTeko||||||||\u00bb header_2_font_size=\u00bb96px\u00bb text_orientation=\u00bbcenter\u00bb max_width=\u00bb700px\u00bb module_alignment=\u00bbcenter\u00bb custom_margin=\u00bb||||false|false\u00bb header_2_font_size_tablet=\u00bb66px\u00bb header_2_font_size_phone=\u00bb36px\u00bb header_2_font_size_last_edited=\u00bbon|phone\u00bb disabled=\u00bbon\u00bb global_colors_info=\u00bb{}\u00bb]<\/p>\n<h4 style=\"text-align: center;\">Avec DHL Express, nous atteignons <strong>plus de 220 pays et territoires \u00e0 travers le monde !<\/strong><\/h4>\n<p>[\/et_pb_text][\/et_pb_column][\/et_pb_row][et_pb_row _builder_version=\u00bb4.16&#8243; _module_preset=\u00bbdefault\u00bb locked=\u00bboff\u00bb global_colors_info=\u00bb{}\u00bb][et_pb_column type=\u00bb4_4&#8243; _builder_version=\u00bb4.16&#8243; _module_preset=\u00bbdefault\u00bb global_colors_info=\u00bb{}\u00bb][et_pb_shop columns_number=\u00bb2&#8243; orderby=\u00bbmenu_order\u00bb sale_badge_color=\u00bb#E09900&#8243; show_rating=\u00bboff\u00bb show_sale_badge=\u00bboff\u00bb _builder_version=\u00bb4.27.2&#8243; _module_preset=\u00bbdefault\u00bb title_font=\u00bbArial||||||||\u00bb title_text_align=\u00bbleft\u00bb title_text_color=\u00bb#0C71C3&#8243; title_font_size=\u00bb20px\u00bb price_font=\u00bbArial||||||||\u00bb price_text_align=\u00bbcenter\u00bb price_text_color=\u00bb#E02B20&#8243; price_font_size=\u00bb25px\u00bb sale_badge_text_color=\u00bb#000000&#8243; sale_price_text_color=\u00bb#E02B20&#8243; text_orientation=\u00bbleft\u00bb global_colors_info=\u00bb{}\u00bb][\/et_pb_shop][\/et_pb_column][\/et_pb_row][\/et_pb_section]<\/p>\n","protected":false},"excerpt":{"rendered":"<p>Additif pour carburant diesel\u00bbrb bertomeu\u201d beco F-Plus Concentr\u00e9 NSN: 6850-33-220-5360 Assurance Qualit\u00e9 Certifi\u00e9 par DieselR\u00e9duit l\u2019empreinte carbone R\u00e9duisez votre consommation de carburant, vos \u00e9missions polluantes et l&#8217;entretien de vos moteurs, chaudi\u00e8res et machines fonctionnant au diesel Additif concentr\u00e9\u00a0! 1 litre d&#8217;additif suffit pour traiter 16\u00a0600 litres de gazole (LSD) Les prix indiqu\u00e9s n&#8217;incluent pas la [&hellip;]<\/p>\n","protected":false},"author":1,"featured_media":0,"parent":0,"menu_order":0,"comment_status":"closed","ping_status":"closed","template":"","meta":{"_et_pb_use_builder":"on","_et_pb_old_content":"","_et_gb_content_width":"","footnotes":""},"class_list":["post-2445","page","type-page","status-publish","hentry"],"_links":{"self":[{"href":"https:\/\/rbbertomeu.es\/newmarkets\/wp-json\/wp\/v2\/pages\/2445","targetHints":{"allow":["GET"]}}],"collection":[{"href":"https:\/\/rbbertomeu.es\/newmarkets\/wp-json\/wp\/v2\/pages"}],"about":[{"href":"https:\/\/rbbertomeu.es\/newmarkets\/wp-json\/wp\/v2\/types\/page"}],"author":[{"embeddable":true,"href":"https:\/\/rbbertomeu.es\/newmarkets\/wp-json\/wp\/v2\/users\/1"}],"replies":[{"embeddable":true,"href":"https:\/\/rbbertomeu.es\/newmarkets\/wp-json\/wp\/v2\/comments?post=2445"}],"version-history":[{"count":71,"href":"https:\/\/rbbertomeu.es\/newmarkets\/wp-json\/wp\/v2\/pages\/2445\/revisions"}],"predecessor-version":[{"id":4658,"href":"https:\/\/rbbertomeu.es\/newmarkets\/wp-json\/wp\/v2\/pages\/2445\/revisions\/4658"}],"wp:attachment":[{"href":"https:\/\/rbbertomeu.es\/newmarkets\/wp-json\/wp\/v2\/media?parent=2445"}],"curies":[{"name":"wp","href":"https:\/\/api.w.org\/{rel}","templated":true}]}}