{"id":2,"date":"2021-07-12T09:27:46","date_gmt":"2021-07-12T07:27:46","guid":{"rendered":"https:\/\/rbbertomeu.es\/newmarkets\/?page_id=2"},"modified":"2025-01-09T21:02:43","modified_gmt":"2025-01-09T19:02:43","slug":"politica-de-cookies","status":"publish","type":"page","link":"https:\/\/rbbertomeu.es\/newmarkets\/politica-de-cookies\/","title":{"rendered":"Pol\u00edtica de Cookies"},"content":{"rendered":"\r\n<!-- [button link=\"https:\/\/rbbertomeu.es\/newmarkets\/cookies-policy\/\" color=\"green\"] English version[\/button]-->\r\n<p>&nbsp;<\/p>\r\n<p>Este sitio web utiliza cookies propias y de terceros para ofrecerle una mejor experiencia y servicio. Al navegar o utilizar nuestros servicios el usuario acepta el uso que hacemos de las cookies. Sin embargo, el usuario tiene la opci\u00f3n de impedir la generaci\u00f3n de cookies y la eliminaci\u00f3n de las mismas.<\/p>\r\n<p>&nbsp;<\/p>\r\n<p><strong>\u00bfQU\u00c9 ES UNA COOKIE?<\/strong><\/p>\r\n<p>Una cookie es un peque\u00f1o fragmento de texto que los sitios Web env\u00edan al navegador y que se almacenan en el terminal del usuario, el cual puede ser un ordenador personal, un tel\u00e9fono m\u00f3vil, tablet, etc. Estos archivos permiten que el sitio Web recuerde informaci\u00f3n sobre su visita, como el idioma y las opciones preferidas, lo que puede facilitar su pr\u00f3xima visita y hacer que el sitio resulte m\u00e1s \u00fatil al personalizar su contenido. Las cookies desempe\u00f1an un papel muy importante, al mejorar la experiencia de uso de la Web.<\/p>\r\n<p><strong>\u00a0<\/strong><\/p>\r\n<p><strong>TIPOS DE COOKIES<\/strong><\/p>\r\n<p>Seg\u00fan la entidad que las gestione, las cookies pueden ser:<\/p>\r\n<ul>\r\n<li><strong>Cookies propias<\/strong>: Son aquellas que se env\u00edan al equipo terminal del interesado desde un equipo o dominio gestionado por el propio editor y desde el que se presta el servicio solicitado por el usuario.<\/li>\r\n<li><strong>Cookies de tercero<\/strong>: Son aquellas que se env\u00edan al equipo terminal del usuario desde un equipo o dominio que no es gestionado por el editor, sino por otra entidad que trata los datos obtenidos trav\u00e9s de las cookies.<\/li>\r\n<\/ul>\r\n<p>&nbsp;<\/p>\r\n<p>Seg\u00fan el plazo de tiempo que permanecen activadas:<\/p>\r\n<ul>\r\n<li><strong>Cookies de sesi\u00f3n<\/strong>: Son un tipo de cookies dise\u00f1adas para recabar y almacenar datos mientras el usuario accede a una p\u00e1gina web. Se suelen emplear para almacenar informaci\u00f3n que solo interesa conservar para la prestaci\u00f3n del servicio solicitado por el usuario en una sola ocasi\u00f3n.<\/li>\r\n<li><strong>Cookies persistentes<\/strong>: Son un tipo de cookies en el que los datos siguen almacenados en el terminal y pueden ser accedidos y tratados durante un periodo definido por el responsable de la cookie, y que puede ir de unos minutos a varios a\u00f1os.<\/li>\r\n<\/ul>\r\n<p>&nbsp;<\/p>\r\n<p><strong>Seg\u00fan la finalidad para la que se traten los datos obtenidos a trav\u00e9s de las cookies, la web puede utilizar:<\/strong><\/p>\r\n<p><strong><em>Cookies t\u00e9cnicas \u2013\u00a0<\/em><\/strong>Son aqu\u00e9llas que permiten al usuario la navegaci\u00f3n a trav\u00e9s de la p\u00e1gina web o aplicaci\u00f3n y la utilizaci\u00f3n de las diferentes opciones o servicios que en ella existen. Por ejemplo, controlar el tr\u00e1fico y la comunicaci\u00f3n de datos, identificar la sesi\u00f3n, acceder a las partes web de acceso restringido, recordar los elementos que integran un pedido, realizar la solicitud de inscripci\u00f3n o participaci\u00f3n en un evento, utilizar elementos de seguridad durante la navegaci\u00f3n y almacenar contenidos para la difusi\u00f3n de videos o sonido.<\/p>\r\n<p><strong><em>Cookies de personalizaci\u00f3n \u2013\u00a0<\/em><\/strong>Son aqu\u00e9llas que permiten al usuario acceder al servicio con algunas caracter\u00edsticas de car\u00e1cter general predefinidas en su terminal o que el propio usuario defina. Por ejemplo, el idioma, el tipo de navegador a trav\u00e9s del cual accede al servicio, el dise\u00f1o de contenidos seleccionado, geolocalizaci\u00f3n del terminal y la configuraci\u00f3n regional desde donde se accede al servicio.<\/p>\r\n<p><strong><em>Cookies publicitarias \u2013\u00a0<\/em><\/strong>Son aquellas que permiten la gesti\u00f3n eficaz de los espacios publicitarios que se han incluido en la p\u00e1gina web o aplicaci\u00f3n desde la que se presta el servicio. Permiten adecuar el contenido de la publicidad para que esta sea relevante para el usuario y para evitar mostrar anuncios que el usuario ya haya visto.<\/p>\r\n<p><strong><em>Cookies de an\u00e1lisis estad\u00edstico \u2013\u00a0<\/em><\/strong>Son aqu\u00e9llas que permiten realizar el seguimiento y an\u00e1lisis del comportamiento de los usuarios en los sitios web. La informaci\u00f3n recogida mediante este tipo de cookies se utiliza en la medici\u00f3n de la actividad de los sitios web, aplicaci\u00f3n o plataforma y para la elaboraci\u00f3n de perfiles de navegaci\u00f3n de los usuarios de dichos sitios, con el fin de introducir mejoras en el servicio en funci\u00f3n de los datos de uso que hacen los usuarios.<\/p>\r\n<p><strong>Las cookies utilizadas en este sitio web las puede ver en el\u00a0<em><u>panel de configuraci\u00f3n<\/u>\u00a0<\/em>y ajustar su configuraci\u00f3n en cualquier momento.<\/strong><\/p>\r\n<p><strong>La identificaci\u00f3n de qui\u00e9n utiliza las cookies, el tipo de cookies utilizadas y dem\u00e1s detalles<\/strong>, se indica a continuaci\u00f3n:<\/p>\r\n<p>&nbsp;<\/p>\r\n<table style=\"width: 1311px;\">\r\n<tbody>\r\n<tr>\r\n<td style=\"width: 1311px;\" colspan=\"3\"><strong>Cookies propias<\/strong><\/td>\r\n<\/tr>\r\n<tr>\r\n<td style=\"width: 135px;\">\r\n<p><strong>Cookies<\/strong>\u00a0<\/p>\r\n<\/td>\r\n<td style=\"width: 556px;\"><strong>Prop\u00f3sito<\/strong><\/td>\r\n<td style=\"width: 620px;\"><strong>Periodo de conservaci\u00f3n<\/strong><\/td>\r\n<\/tr>\r\n<tr>\r\n<td style=\"width: 135px;\">CookieConsent<\/td>\r\n<td style=\"width: 556px;\">Almacena el estado de consentimiento de cookies del usuario para el dominio actual<\/td>\r\n<td style=\"width: 620px;\">1 a\u00f1o<\/td>\r\n<\/tr>\r\n<tr>\r\n<td style=\"width: 135px;\">test_cookie<\/td>\r\n<td style=\"width: 556px;\">Utilizada para comprobar si el navegador del usuario admite cookies.<\/td>\r\n<td style=\"width: 620px;\">1 d\u00eda<\/td>\r\n<\/tr>\r\n<tr>\r\n<td style=\"width: 135px;\">CONSENT<\/td>\r\n<td style=\"width: 556px;\">Utilizada para detectar si el visitante ha aceptado la categor\u00eda de marketing en el banner de cookies. Esta cookie es necesaria para que la web cumpla con el RGPD.<\/td>\r\n<td style=\"width: 620px;\">5917 d\u00edas<\/td>\r\n<\/tr>\r\n<tr>\r\n<td style=\"width: 135px;\">pll_language<\/td>\r\n<td style=\"width: 556px;\" width=\"461\">Esta cookie se utiliza para determinar el idioma preferido del visitante y configura el idioma correspondientemente en el sitio web, si es posible.<\/td>\r\n<td style=\"width: 620px;\">1 a\u00f1o<\/td>\r\n<\/tr>\r\n<tr>\r\n<td style=\"width: 135px;\">\u00a0<\/td>\r\n<td style=\"width: 556px;\">\u00a0<\/td>\r\n<td style=\"width: 620px;\">\u00a0<\/td>\r\n<\/tr>\r\n<\/tbody>\r\n<\/table>\r\n<p>&nbsp;<\/p>\r\n<table>\r\n<tbody>\r\n<tr>\r\n<td colspan=\"4\"><strong>Cookies de terceros<\/strong><\/td>\r\n<\/tr>\r\n<tr>\r\n<td>\r\n<p><strong>Cookies<\/strong>\u00a0<\/p>\r\n<p><strong>\u00a0<\/strong><\/p>\r\n<\/td>\r\n<td><strong>Entidad que utiliza las cookies<\/strong><\/td>\r\n<td><strong>Prop\u00f3sito<\/strong><\/td>\r\n<td><strong>M\u00e1s informaci\u00f3n<\/strong><\/td>\r\n<\/tr>\r\n<tr>\r\n<td>\u00a0<\/td>\r\n<td>Google Analytics<\/td>\r\n<td>Recoger informaci\u00f3n sobre la navegaci\u00f3n de los usuarios por el sitio con el fin de conocer el origen de las visitas y otros datos similares a nivel estad\u00edstico.<\/td>\r\n<td>\r\n<p><a href=\"https:\/\/developers.google.com\/analytics\/devguides\/collection\/analyticsjs\/cookie-usage\">Google Analytics<\/a>\u00a0<\/p>\r\n<p><a href=\"http:\/\/www.google.com\/intl\/es\/privacy.html\">Centro de privacidad de Google<\/a><\/p>\r\n<\/td>\r\n<\/tr>\r\n<\/tbody>\r\n<\/table>\r\n<table width=\"1137\">\r\n<tbody>\r\n<tr>\r\n<td>Seleccionar cookielawinfo-checkbox-others<\/td>\r\n<td data-colname=\"Categor\u00eda\">Necesarias<\/td>\r\n<td data-colname=\"Duraci\u00f3n\">11 meses<\/td>\r\n<td data-colname=\"ID\">cookielawinfo-checkbox-others<\/td>\r\n<td data-colname=\"Descripci\u00f3n\">Esta cookie est\u00e1 configurada por el complemento de consentimiento de cookies de GDPR. La cookie se utiliza para almacenar el consentimiento del usuario para las cookies en la categor\u00eda \u00abOtro\u00bb.<\/td>\r\n<\/tr>\r\n<tr>\r\n<td>Seleccionar cookielawinfo-checkbox-analytics<\/td>\r\n<td data-colname=\"Categor\u00eda\">Necesarias<\/td>\r\n<td data-colname=\"Duraci\u00f3n\">11 meses<\/td>\r\n<td data-colname=\"ID\">cookielawinfo-checkbox-analytics<\/td>\r\n<td data-colname=\"Descripci\u00f3n\">Esta cookie est\u00e1 configurada por el complemento de consentimiento de cookies de GDPR. La cookie se utiliza para almacenar el consentimiento del usuario para las cookies en la categor\u00eda \u00abAn\u00e1lisis\u00bb.<\/td>\r\n<\/tr>\r\n<tr>\r\n<td>Seleccionar cookielawinfo-checkbox-performance<\/td>\r\n<td data-colname=\"Categor\u00eda\">Necesarias<\/td>\r\n<td data-colname=\"Duraci\u00f3n\">11 meses<\/td>\r\n<td data-colname=\"ID\">cookielawinfo-checkbox-performance<\/td>\r\n<td data-colname=\"Descripci\u00f3n\">Esta cookie est\u00e1 configurada por el complemento de consentimiento de cookies de GDPR. La cookie se utiliza para almacenar el consentimiento del usuario para las cookies en la categor\u00eda \u00abRendimiento\u00bb.<\/td>\r\n<\/tr>\r\n<tr>\r\n<td>Seleccionar cookielawinfo-checkbox-functional<\/td>\r\n<td data-colname=\"Categor\u00eda\">Necesarias<\/td>\r\n<td data-colname=\"Duraci\u00f3n\">11 meses<\/td>\r\n<td data-colname=\"ID\">cookielawinfo-checkbox-functional<\/td>\r\n<td data-colname=\"Descripci\u00f3n\">La cookie est\u00e1 configurada por el consentimiento de cookies de GDPR para registrar el consentimiento del usuario para las cookies en la categor\u00eda \u00abFuncional\u00bb.<\/td>\r\n<\/tr>\r\n<tr>\r\n<td>Seleccionar cookielawinfo-checkbox-necessary<\/td>\r\n<td data-colname=\"Categor\u00eda\">Necesarias<\/td>\r\n<td data-colname=\"Duraci\u00f3n\">11 meses<\/td>\r\n<td data-colname=\"ID\">cookielawinfo-checkbox-necessary<\/td>\r\n<td data-colname=\"Descripci\u00f3n\">Esta cookie est\u00e1 configurada por el complemento de consentimiento de cookies de GDPR. Las cookies se utilizan para almacenar el consentimiento del usuario para las cookies en la categor\u00eda \u00abNecesarias\u00bb.<\/td>\r\n<\/tr>\r\n<tr>\r\n<td>Seleccionar viewed_cookie_policy<\/td>\r\n<td data-colname=\"Categor\u00eda\">Necesarias<\/td>\r\n<td data-colname=\"Duraci\u00f3n\">11 meses<\/td>\r\n<td data-colname=\"ID\">viewed_cookie_policy<\/td>\r\n<td data-colname=\"Descripci\u00f3n\">La cookie est\u00e1 configurada por el complemento de consentimiento de cookies de GDPR y se utiliza para almacenar si el usuario ha dado su consentimiento o no para el uso de cookies. No almacena ning\u00fan dato personal.<\/td>\r\n<\/tr>\r\n<\/tbody>\r\n<\/table>\r\n<p>Puede informarse de las transferencias a terceros pa\u00edses que, en su caso, realizan los terceros identificados en esta pol\u00edtica de cookies en sus correspondientes pol\u00edticas (ver los enlaces facilitados en el apartado \u201cM\u00e1s informaci\u00f3n\u201d de la tabla anterior). Nota: Las cookies de tipo \u201cPropias\u201d son utilizadas s\u00f3lo por el propietario de esta web y las cookies \u201cDe terceros\u201d son utilizadas, tambi\u00e9n, por el prestador del servicio que est\u00e1 detallado la tabla anterior.<\/p>\r\n<p><strong>\u00bfC\u00d3MO ADMINISTRAR COOKIES EN EL NAVEGADOR?<\/strong><\/p>\r\n<p>El usuario tiene la opci\u00f3n de permitir, bloquear o eliminar las cookies instaladas en su equipo mediante la configuraci\u00f3n de las opciones del navegador instalado en su terminal:<\/p>\r\n<ul>\r\n<li><strong>Firefox<\/strong>: \u00a0<a href=\"http:\/\/support.mozilla.org\/es\/kb\/habilitar-y-deshabilitar-cookies-que-los-sitios-we\">http:\/\/support.mozilla.org\/es\/kb\/habilitar-y-deshabilitar-cookies-que-los-sitios-we<\/a><\/li>\r\n<li><strong>Chrome<\/strong>: \u00a0<a href=\"http:\/\/support.google.com\/chrome\/bin\/answer.py?hl=es&amp;answer=95647\">http:\/\/support.google.com\/chrome\/bin\/answer.py?hl=es&amp;answer=95647<\/a><\/li>\r\n<li><strong>Internet Explorer<\/strong>:\u00a0\u00a0<a href=\"https:\/\/support.microsoft.com\/es-es\/help\/278835\/how-to-delete-cookie-files-in-internet-explorer\">https:\/\/support.microsoft.com\/es-es\/help\/278835\/how-to-delete-cookie-files-in-internet-explorer<\/a><\/li>\r\n<li><strong>Microsoft Edge: \u00a0<\/strong><a href=\"https:\/\/support.microsoft.com\/es-es\/help\/4468242\/microsoft-edge-browsing-data-and-privacy-microsoft-privacy\">https:\/\/support.microsoft.com\/es-es\/help\/4468242\/microsoft-edge-browsing-data-and-privacy-microsoft-privacy<\/a><\/li>\r\n<li><strong>Safari<\/strong>: \u00a0<a href=\"http:\/\/support.apple.com\/kb\/ph5042\">http:\/\/support.apple.com\/kb\/ph5042<\/a><\/li>\r\n<li><strong>Opera<\/strong>: \u00a0<a href=\"http:\/\/help.opera.com\/Windows\/11.50\/es-ES\/cookies.html\">http:\/\/help.opera.com\/Windows\/11.50\/es-ES\/cookies.html<\/a><\/li>\r\n<\/ul>\r\n<p>&nbsp;<\/p>\r\n<p>En caso de bloquear el uso de cookies en su navegador es posible que algunos servicios o funcionalidades de la p\u00e1gina web no est\u00e9n disponibles.<\/p>\r\n<p>En algunos navegadores se pueden configurar reglas espec\u00edficas para administrar cookies por sitio web, lo que ofrece un control m\u00e1s preciso sobre la privacidad. Esto significa que se puede inhabilitar cookies de todos los sitios salvo de aquellos en los que se conf\u00ede.<\/p>\r\n<p>&nbsp;<\/p>\r\n<p>&nbsp;<\/p>\r\n<p>&nbsp;<\/p>\r\n<p>&nbsp;<\/p>\r\n<p>&nbsp;<\/p>\r\n<p>&nbsp;<\/p>\r\n","protected":false},"excerpt":{"rendered":"<p>&nbsp; Este sitio web utiliza cookies propias y de terceros para ofrecerle una mejor experiencia y servicio. Al navegar o utilizar nuestros servicios el usuario acepta el uso que hacemos de las cookies. Sin embargo, el usuario tiene la opci\u00f3n de impedir la generaci\u00f3n de cookies y la eliminaci\u00f3n de las mismas. &nbsp; \u00bfQU\u00c9 ES [&hellip;]<\/p>\n","protected":false},"author":1,"featured_media":0,"parent":0,"menu_order":0,"comment_status":"closed","ping_status":"closed","template":"","meta":{"_et_pb_use_builder":"","_et_pb_old_content":"","_et_gb_content_width":"","footnotes":""},"class_list":["post-2","page","type-page","status-publish","hentry"],"_links":{"self":[{"href":"https:\/\/rbbertomeu.es\/newmarkets\/wp-json\/wp\/v2\/pages\/2","targetHints":{"allow":["GET"]}}],"collection":[{"href":"https:\/\/rbbertomeu.es\/newmarkets\/wp-json\/wp\/v2\/pages"}],"about":[{"href":"https:\/\/rbbertomeu.es\/newmarkets\/wp-json\/wp\/v2\/types\/page"}],"author":[{"embeddable":true,"href":"https:\/\/rbbertomeu.es\/newmarkets\/wp-json\/wp\/v2\/users\/1"}],"replies":[{"embeddable":true,"href":"https:\/\/rbbertomeu.es\/newmarkets\/wp-json\/wp\/v2\/comments?post=2"}],"version-history":[{"count":15,"href":"https:\/\/rbbertomeu.es\/newmarkets\/wp-json\/wp\/v2\/pages\/2\/revisions"}],"predecessor-version":[{"id":3170,"href":"https:\/\/rbbertomeu.es\/newmarkets\/wp-json\/wp\/v2\/pages\/2\/revisions\/3170"}],"wp:attachment":[{"href":"https:\/\/rbbertomeu.es\/newmarkets\/wp-json\/wp\/v2\/media?parent=2"}],"curies":[{"name":"wp","href":"https:\/\/api.w.org\/{rel}","templated":true}]}}